{"id":212,"date":"2015-06-18T16:05:44","date_gmt":"2015-06-18T16:05:44","guid":{"rendered":"http:\/\/hakuna.com.ar\/projects\/coneau\/wordpress\/?page_id=212"},"modified":"2015-09-10T10:19:24","modified_gmt":"2015-09-10T13:19:24","slug":"otros-tramites","status":"publish","type":"page","link":"https:\/\/www.coneau.gob.ar\/coneau\/evaluacion-institucional\/proyectos-institucionales\/otros-tramites\/","title":{"rendered":"Otros tr\u00e1mites"},"content":{"rendered":"<h3><span style=\"color: #3771b0;\"><strong>Reconocimiento de Entidades Privadas de<\/strong><\/span><\/h3>\n<h3><span style=\"color: #3771b0;\"><strong>Evaluaci\u00f3n y Acreditaci\u00f3n (EPEAUs)<\/strong><\/span><\/h3>\n<p><strong>\u00a0<\/strong><\/p>\n<h3><strong>\u00bfQu\u00e9 es?<\/strong><\/h3>\n<p style=\"text-align: justify;\">En el art\u00edculo 45\u00ba la Ley de Educaci\u00f3n Superior establece que las entidades privadas\u00a0 que se constituyan con fines de evaluaci\u00f3n y acreditaci\u00f3n de instituciones universitarias, deber\u00e1n contar con el reconocimiento del Ministerio de\u00a0 Educaci\u00f3n, previo dictamen de la CONEAU.<\/p>\n<h4><strong>\u00bfC\u00f3mo se realiza?<\/strong><\/h4>\n<p style=\"text-align: justify;\">En la mayor\u00eda de los casos,\u00a0 la CONEAU consulta a \u00a0expertos con el fin de evaluar las capacidades institucionales de la propuesta, en cuanto a contar con un patrimonio e infraestructura suficientes para llevar a cabo sus objetivos y un cuerpo directivo y t\u00e9cnico debidamente capacitado para las funciones a desempe\u00f1ar.<\/p>\n<hr \/>\n<p>&nbsp;<\/p>\n<h3><strong><span style=\"color: #3771b0;\">Ofertas de grado y posgrado de instituciones universitarias fuera del \u00e1mbito del\u00a0 Consejo Regional de Planificaci\u00f3n de la Educaci\u00f3n Superior (CPRES) a los que pertenecen<\/span><\/strong><\/h3>\n<p><strong>\u00a0<\/strong><\/p>\n<h3><strong>\u00bfQu\u00e9 es?<\/strong><\/h3>\n<p style=\"text-align: justify;\">El Consejo de Universidades debe dictaminar respecto de la pertinencia de toda oferta de grado o posgrado presencial, destinada a instrumentarse total o parcialmente fuera del \u00e1mbito del CPRES al que pertenece la instituci\u00f3n universitaria, para lo cual puede solicitar la opini\u00f3n del CPRES y de la CONEAU.<\/p>\n<h4><strong>\u00bfC\u00f3mo se realiza?<\/strong><\/h4>\n<p style=\"text-align: justify;\">La CONEAU pondera, en estos casos, los aspectos de la propuesta relacionados con las posibilidades reales de instrumentar la oferta con el nivel de calidad propio de una actividad educativa de grado o posgrado, en atenci\u00f3n a las caracter\u00edsticas del proyecto y a la distancia entre el lugar en el que pretende instrumentar dicha oferta y la sede principal de la instituci\u00f3n.<\/p>\n<hr \/>\n<p>&nbsp;<\/p>\n<h3><strong><span style=\"color: #3771b0;\">Registro p\u00fablico de Centros de Investigaci\u00f3n e Instituciones de formaci\u00f3n profesional superior<\/span> <\/strong><span style=\"color: #808080;\">(art\u00edculo 39\u00ba de la LES)<\/span>.<\/h3>\n<p>&nbsp;<\/p>\n<p style=\"text-align: justify;\">A los fines de dictaminar sobre el nivel y la jerarqu\u00eda de las entidades que prevean impartir carreras de especializaci\u00f3n, en convenio con las instituciones universitarias, la CONEAU pondera la trayectoria de la entidad solicitante y realiza un relevamiento fehaciente de sus capacidades institucionales, actividades, resultados e impactos cient\u00edficos o educativos, seg\u00fan el caso; debe adem\u00e1s llevar a cabo la acreditaci\u00f3n provisoria de las carreras proyectadas.<\/p>\n","protected":false},"excerpt":{"rendered":"<p>Reconocimiento de Entidades Privadas de Evaluaci\u00f3n y Acreditaci\u00f3n (EPEAUs) \u00a0 \u00bfQu\u00e9 es? En el art\u00edculo 45\u00ba la Ley de Educaci\u00f3n Superior establece que las entidades privadas\u00a0 que se constituyan con fines de evaluaci\u00f3n y acreditaci\u00f3n de instituciones universitarias, deber\u00e1n contar con el reconocimiento del Ministerio de\u00a0 Educaci\u00f3n, previo dictamen de la CONEAU. \u00bfC\u00f3mo se realiza? &hellip; <a href=\"https:\/\/www.coneau.gob.ar\/coneau\/evaluacion-institucional\/proyectos-institucionales\/otros-tramites\/\" class=\"more-link\">Seguir leyendo <span class=\"screen-reader-text\">Otros tr\u00e1mites<\/span> <span class=\"meta-nav\">&rarr;<\/span><\/a><\/p>\n","protected":false},"author":2,"featured_media":1092,"parent":31,"menu_order":0,"comment_status":"open","ping_status":"closed","template":"template-proyectos-institucionales.php","meta":[],"acf":[],"_links":{"self":[{"href":"https:\/\/www.coneau.gob.ar\/coneau\/wp-json\/wp\/v2\/pages\/212"}],"collection":[{"href":"https:\/\/www.coneau.gob.ar\/coneau\/wp-json\/wp\/v2\/pages"}],"about":[{"href":"https:\/\/www.coneau.gob.ar\/coneau\/wp-json\/wp\/v2\/types\/page"}],"author":[{"embeddable":true,"href":"https:\/\/www.coneau.gob.ar\/coneau\/wp-json\/wp\/v2\/users\/2"}],"replies":[{"embeddable":true,"href":"https:\/\/www.coneau.gob.ar\/coneau\/wp-json\/wp\/v2\/comments?post=212"}],"version-history":[{"count":4,"href":"https:\/\/www.coneau.gob.ar\/coneau\/wp-json\/wp\/v2\/pages\/212\/revisions"}],"predecessor-version":[{"id":1277,"href":"https:\/\/www.coneau.gob.ar\/coneau\/wp-json\/wp\/v2\/pages\/212\/revisions\/1277"}],"up":[{"embeddable":true,"href":"https:\/\/www.coneau.gob.ar\/coneau\/wp-json\/wp\/v2\/pages\/31"}],"wp:featuredmedia":[{"embeddable":true,"href":"https:\/\/www.coneau.gob.ar\/coneau\/wp-json\/wp\/v2\/media\/1092"}],"wp:attachment":[{"href":"https:\/\/www.coneau.gob.ar\/coneau\/wp-json\/wp\/v2\/media?parent=212"}],"curies":[{"name":"wp","href":"https:\/\/api.w.org\/{rel}","templated":true}]}}