{"id":2118,"date":"2023-07-25T12:00:00","date_gmt":"2023-07-25T15:00:00","guid":{"rendered":"http:\/\/www.coneau.gov.ar\/CONEAU\/?page_id=2118"},"modified":"2023-07-27T15:44:20","modified_gmt":"2023-07-27T18:44:20","slug":"agronomia","status":"publish","type":"page","link":"https:\/\/www.coneau.gob.ar\/coneau\/acreditacion-de-carreras\/carreras-de-grado\/convocatorias\/agronomia\/","title":{"rendered":"Agronom\u00eda"},"content":{"rendered":"<h4>Agronom\u00eda ARCU-SUR<br \/>\nConvocatoria 2023<\/h4>\n<p>\u2666 Resoluci\u00f3n firma conjunta | <strong>Acreditaci\u00f3n ARCU-SUR: <a href=\"https:\/\/www.coneau.gob.ar\/coneau\/wp-content\/uploads\/2023\/07\/RS-2023-37121397-APN-CONEAUME-Ing.-Agrnomica-ARCU-SUR.pdf\">RESFC-2023-82-APN-CONEAU#ME<\/a><\/strong><\/p>\n<p><strong>\u2666 <a href=\"https:\/\/www.coneau.gob.ar\/coneau\/wp-content\/uploads\/2023\/07\/Criterios_ARCUSUR_Agronomia.pdf\">Documento de criterios ARCU-SUR para la acreditaci\u00f3n de carreras de Agronom\u00eda.<\/a><\/strong><\/p>\n<p>\u2666 Formalizaci\u00f3n de la carrera: hasta el 30 de junio de 2023. Realizar a trav\u00e9s de CONEAU Global.<\/p>\n<p>\u2666 Apertura del expediente electr\u00f3nico: Junto con la formalizaci\u00f3n hasta el 30 de junio de 2023. Para obtener m\u00e1s informaci\u00f3n sobre este procedimiento <a href=\"https:\/\/www.coneau.gob.ar\/coneau\/acreditacion-de-carreras-2\/\">click aqu\u00ed.<\/a><\/p>\n<p>\u2666 Reuni\u00f3n de consultas: 29 de agosto de 2023.<\/p>\n<p>\u2666 Solicitud de acreditaci\u00f3n de la carrera: hasta el 31 de marzo de 2024 a trav\u00e9s de CONEAU Global.<\/p>\n<p>\u2666 <a href=\"https:\/\/www.coneau.gob.ar\/ayuda\/\">Consultar tutoriales sobre CONEAU GLOBAL<\/a><\/p>\n<p><em>Mesa de ayuda<\/em><br \/>\n<em>Sobre CONEAU Global: global@coneau.gob.ar<\/em><br \/>\n<em>\u00c1rea de Grado (Consultas de contenidos) agronomia@coneau.gob.ar<\/em><\/p>\n","protected":false},"excerpt":{"rendered":"<p>Agronom\u00eda ARCU-SUR Convocatoria 2023 \u2666 Resoluci\u00f3n firma conjunta | Acreditaci\u00f3n ARCU-SUR: RESFC-2023-82-APN-CONEAU#ME \u2666 Documento de criterios ARCU-SUR para la acreditaci\u00f3n de carreras de Agronom\u00eda. \u2666 Formalizaci\u00f3n de la carrera: hasta el 30 de junio de 2023. Realizar a trav\u00e9s de CONEAU Global. \u2666 Apertura del expediente electr\u00f3nico: Junto con la formalizaci\u00f3n hasta el 30 de &hellip; <a href=\"https:\/\/www.coneau.gob.ar\/coneau\/acreditacion-de-carreras\/carreras-de-grado\/convocatorias\/agronomia\/\" class=\"more-link\">Seguir leyendo <span class=\"screen-reader-text\">Agronom\u00eda<\/span> <span class=\"meta-nav\">&rarr;<\/span><\/a><\/p>\n","protected":false},"author":3,"featured_media":2129,"parent":101,"menu_order":0,"comment_status":"open","ping_status":"open","template":"template-acreditacion-regional.php","meta":[],"acf":[],"_links":{"self":[{"href":"https:\/\/www.coneau.gob.ar\/coneau\/wp-json\/wp\/v2\/pages\/2118"}],"collection":[{"href":"https:\/\/www.coneau.gob.ar\/coneau\/wp-json\/wp\/v2\/pages"}],"about":[{"href":"https:\/\/www.coneau.gob.ar\/coneau\/wp-json\/wp\/v2\/types\/page"}],"author":[{"embeddable":true,"href":"https:\/\/www.coneau.gob.ar\/coneau\/wp-json\/wp\/v2\/users\/3"}],"replies":[{"embeddable":true,"href":"https:\/\/www.coneau.gob.ar\/coneau\/wp-json\/wp\/v2\/comments?post=2118"}],"version-history":[{"count":15,"href":"https:\/\/www.coneau.gob.ar\/coneau\/wp-json\/wp\/v2\/pages\/2118\/revisions"}],"predecessor-version":[{"id":10107,"href":"https:\/\/www.coneau.gob.ar\/coneau\/wp-json\/wp\/v2\/pages\/2118\/revisions\/10107"}],"up":[{"embeddable":true,"href":"https:\/\/www.coneau.gob.ar\/coneau\/wp-json\/wp\/v2\/pages\/101"}],"wp:featuredmedia":[{"embeddable":true,"href":"https:\/\/www.coneau.gob.ar\/coneau\/wp-json\/wp\/v2\/media\/2129"}],"wp:attachment":[{"href":"https:\/\/www.coneau.gob.ar\/coneau\/wp-json\/wp\/v2\/media?parent=2118"}],"curies":[{"name":"wp","href":"https:\/\/api.w.org\/{rel}","templated":true}]}}