{"id":210,"date":"2015-06-18T16:04:29","date_gmt":"2015-06-18T16:04:29","guid":{"rendered":"http:\/\/hakuna.com.ar\/projects\/coneau\/wordpress\/?page_id=210"},"modified":"2015-08-12T19:52:19","modified_gmt":"2015-08-12T19:52:19","slug":"reconocimiento-de-iu-provinciales","status":"publish","type":"page","link":"https:\/\/www.coneau.gob.ar\/coneau\/evaluacion-institucional\/proyectos-institucionales\/reconocimiento-de-iu-provinciales\/","title":{"rendered":"Reconocimiento de IU provinciales"},"content":{"rendered":"<h3><span style=\"color: #3771b0;\"><strong>Reconocimiento de instituciones universitarias\u00a0provinciales<\/strong><\/span><\/h3>\n<h3><span style=\"color: #808080;\">(art\u00edculo 69\u00ba de la LES)<\/span><\/h3>\n<p>&nbsp;<\/p>\n<h4><strong>\u00bfQu\u00e9 es el Reconocimiento de instituciones universitarias provinciales? <\/strong><\/h4>\n<p>En el caso de las instituciones universitarias provinciales, la validez nacional de los t\u00edtulos y grados otorgados exige el reconocimiento por parte del Poder Ejecutivo Nacional, el que se otorga previo informe favorable de CONEAU.<\/p>\n<h4><strong>\u00bfC\u00f3mo se realiza?<\/strong><\/h4>\n<p>En la mayor\u00eda de los casos, la CONEAU consulta a expertos con el fin de analizar la justificaci\u00f3n, viabilidad y consistencia del proyecto institucional y acad\u00e9mico y su adecuaci\u00f3n a los principios y normas de la LES, el nivel acad\u00e9mico del cuerpo de profesores con el que la instituci\u00f3n cuenta, as\u00ed como su trayectoria en la investigaci\u00f3n cient\u00edfica y en docencia universitaria, la calidad y actualizaci\u00f3n de los planes de ense\u00f1anza e investigaci\u00f3n propuestos, los medios econ\u00f3micos y la vinculaci\u00f3n internacional, acuerdos y convenios.<\/p>\n","protected":false},"excerpt":{"rendered":"<p>Reconocimiento de instituciones universitarias\u00a0provinciales (art\u00edculo 69\u00ba de la LES) &nbsp; \u00bfQu\u00e9 es el Reconocimiento de instituciones universitarias provinciales? En el caso de las instituciones universitarias provinciales, la validez nacional de los t\u00edtulos y grados otorgados exige el reconocimiento por parte del Poder Ejecutivo Nacional, el que se otorga previo informe favorable de CONEAU. \u00bfC\u00f3mo se &hellip; <a href=\"https:\/\/www.coneau.gob.ar\/coneau\/evaluacion-institucional\/proyectos-institucionales\/reconocimiento-de-iu-provinciales\/\" class=\"more-link\">Seguir leyendo <span class=\"screen-reader-text\">Reconocimiento de IU provinciales<\/span> <span class=\"meta-nav\">&rarr;<\/span><\/a><\/p>\n","protected":false},"author":2,"featured_media":1092,"parent":31,"menu_order":0,"comment_status":"open","ping_status":"closed","template":"template-proyectos-institucionales.php","meta":[],"acf":[],"_links":{"self":[{"href":"https:\/\/www.coneau.gob.ar\/coneau\/wp-json\/wp\/v2\/pages\/210"}],"collection":[{"href":"https:\/\/www.coneau.gob.ar\/coneau\/wp-json\/wp\/v2\/pages"}],"about":[{"href":"https:\/\/www.coneau.gob.ar\/coneau\/wp-json\/wp\/v2\/types\/page"}],"author":[{"embeddable":true,"href":"https:\/\/www.coneau.gob.ar\/coneau\/wp-json\/wp\/v2\/users\/2"}],"replies":[{"embeddable":true,"href":"https:\/\/www.coneau.gob.ar\/coneau\/wp-json\/wp\/v2\/comments?post=210"}],"version-history":[{"count":4,"href":"https:\/\/www.coneau.gob.ar\/coneau\/wp-json\/wp\/v2\/pages\/210\/revisions"}],"predecessor-version":[{"id":688,"href":"https:\/\/www.coneau.gob.ar\/coneau\/wp-json\/wp\/v2\/pages\/210\/revisions\/688"}],"up":[{"embeddable":true,"href":"https:\/\/www.coneau.gob.ar\/coneau\/wp-json\/wp\/v2\/pages\/31"}],"wp:featuredmedia":[{"embeddable":true,"href":"https:\/\/www.coneau.gob.ar\/coneau\/wp-json\/wp\/v2\/media\/1092"}],"wp:attachment":[{"href":"https:\/\/www.coneau.gob.ar\/coneau\/wp-json\/wp\/v2\/media?parent=210"}],"curies":[{"name":"wp","href":"https:\/\/api.w.org\/{rel}","templated":true}]}}