{"id":21,"date":"2015-05-26T17:37:18","date_gmt":"2015-05-26T17:37:18","guid":{"rendered":"http:\/\/hakuna.com.ar\/projects\/coneau\/wordpress\/?page_id=21"},"modified":"2018-12-26T14:00:48","modified_gmt":"2018-12-26T17:00:48","slug":"formacion","status":"publish","type":"page","link":"https:\/\/www.coneau.gob.ar\/coneau\/formacion\/","title":{"rendered":"Escuela de Formaci\u00f3n"},"content":{"rendered":"<p><a href=\"https:\/\/www.coneau.gob.ar\/wp-content\/uploads\/2015\/05\/escuela-3.png\"><img decoding=\"async\" loading=\"lazy\" class=\"alignnone size-large wp-image-4564\" src=\"https:\/\/www.coneau.gob.ar\/wp-content\/uploads\/2015\/05\/escuela-3-1024x288.png\" alt=\"escuela 3\" width=\"474\" height=\"133\" srcset=\"https:\/\/www.coneau.gob.ar\/coneau\/wp-content\/uploads\/2015\/05\/escuela-3-1024x288.png 1024w, https:\/\/www.coneau.gob.ar\/coneau\/wp-content\/uploads\/2015\/05\/escuela-3-300x84.png 300w, https:\/\/www.coneau.gob.ar\/coneau\/wp-content\/uploads\/2015\/05\/escuela-3-1430x400.png 1430w, https:\/\/www.coneau.gob.ar\/coneau\/wp-content\/uploads\/2015\/05\/escuela-3.png 1490w\" sizes=\"(max-width: 474px) 100vw, 474px\" \/><\/a><\/p>\n<p style=\"text-align: justify;\">Los conocimientos que requieren los diversos actores comprometidos con la evaluaci\u00f3n de la calidad en Educaci\u00f3n Superior han dado lugar a un campo profesional que alcanza cada vez mayores niveles de especializaci\u00f3n.<\/p>\n<p style=\"text-align: justify;\"><strong>Con el prop\u00f3sito de dar respuesta a este campo, la Comisi\u00f3n Nacional de Evaluaci\u00f3n y Acreditaci\u00f3n Universitaria &#8211; CONEAU propone la Escuela de Formaci\u00f3n como un espacio\u00a0para \u00a0la construcci\u00f3n y transmisi\u00f3n participativa de un saber te\u00f3rico y pr\u00e1ctico sobre la evaluaci\u00f3n universitaria.<\/strong><\/p>\n<p style=\"text-align: justify;\">La Escuela est\u00e1\u00a0dirigida a fortalecer a los distintos actores del sistema de evaluaci\u00f3n y acreditaci\u00f3n, en distintos roles: los directivos, los expertos, los profesionales y otros interesados.<\/p>\n<p style=\"text-align: justify;\">\n<p style=\"text-align: justify;\"><strong><div class=\"panel panel-default\">\n                <div class=\"panel-heading\" role=\"tab\" id=\"headingOne\">\n                    <h4 class=\"panel-title\">\n                        <a data-toggle=\"collapse\" data-parent=\"#accordion-0\" href=\"#acc-2\" aria-expanded=\"true\" aria-controls=\"collapseOne\">\n                            <i class=\"fa fa-arrow-down\"><\/i> <\/strong><strong>\u00bfCu\u00e1les son los objetivos?\n                        <\/a>\n                    <\/h4>\n                <\/div>\n                <div id=\"acc-2\" class=\"panel-collapse collapse \" role=\"tabpanel\" aria-labelledby=\"headingOne\">\n                    <div class=\"panel-body\"><\/strong><\/p>\n<p style=\"text-align: justify;\">\u2013 Fortalecer las capacidades de los actores involucrados en el sistema de evaluaci\u00f3n y acreditaci\u00f3n, en sus respectivos roles.<\/p>\n<p style=\"text-align: justify;\">\u2013 Generar una visi\u00f3n integrada y compartida sobre el sistema de evaluaci\u00f3n y acreditaci\u00f3n, as\u00ed como de las fortalezas, debilidades y oportunidades para el desarrollo universitario, la cual se pondr\u00e1 en juego en las tareas concretas de evaluaci\u00f3n.<\/p>\n<p style=\"text-align: justify;\">\u2013 Actualizar conocimientos sobre el sistema de evaluaci\u00f3n y acreditaci\u00f3n argentino, el dise\u00f1o de las distintas funciones de la CONEAU, los fundamentos y pr\u00e1cticas de las evaluaciones que se realizan. Promover la comparaci\u00f3n con otros pa\u00edses.<\/p>\n<p style=\"text-align: justify;\">\u2013 Actualizar conocimientos sobre procedimientos y metodolog\u00edas -para la implementaci\u00f3n de la evaluaci\u00f3n de proyectos institucionales, la evaluaci\u00f3n externa de instituciones y la acreditaci\u00f3n de carreras de grado y posgrado.<\/p>\n<p style=\"text-align: justify;\"><\/div>\n                <\/div>\n            <\/div><\/p>\n<p style=\"text-align: justify;\"><strong><div class=\"panel panel-default\">\n                <div class=\"panel-heading\" role=\"tab\" id=\"headingOne\">\n                    <h4 class=\"panel-title\">\n                        <a data-toggle=\"collapse\" data-parent=\"#accordion-0\" href=\"#acc-3\" aria-expanded=\"true\" aria-controls=\"collapseOne\">\n                            <i class=\"fa fa-arrow-down\"><\/i> <\/strong><strong>\u00bfC\u00f3mo se organiza?\n                        <\/a>\n                    <\/h4>\n                <\/div>\n                <div id=\"acc-3\" class=\"panel-collapse collapse \" role=\"tabpanel\" aria-labelledby=\"headingOne\">\n                    <div class=\"panel-body\"><\/strong><\/p>\n<p style=\"text-align: justify; line-height: 200%; background: white; margin: 0cm 0cm 15.0pt 0cm;\"><span style=\"font-family: open_sanslight;\">La Escuela de Formaci\u00f3n se sustenta en un conjunto amplio de contenidos para la evaluaci\u00f3n universitaria organizados en una oferta con una estructura modular y flexibles.<\/span><\/p>\n<p style=\"text-align: justify; line-height: 200%; background: white; box-sizing: border-box; margin: 0cm 0cm 15.0pt 0cm;\"><strong><span style=\"font-family: open_sanslight;\">Modular<\/span><\/strong><span style=\"font-family: open_sanslight;\">\u00a0porque los contenidos se organizan en m\u00f3dulos previamente dise\u00f1ados.<\/span><\/p>\n<p style=\"text-align: justify; line-height: 200%; background: white; box-sizing: border-box; margin: 0cm 0cm 15.0pt 0cm;\"><strong><span style=\"font-family: open_sanslight;\">Flexible<\/span><\/strong><span style=\"font-family: open_sanslight;\">\u00a0porque se busca la mayor versatilidad para la adaptaci\u00f3n de la oferta de formaci\u00f3n a las necesidades de los diversos actores del sistema de evaluaci\u00f3n y acreditaci\u00f3n, tanto en los contenidos a impartir, el formato de la actividad de formaci\u00f3n (curso, laboratorio, entrenamiento, seminario) y su organizaci\u00f3n general (duraci\u00f3n, sede, docentes).<\/span><\/p>\n<p style=\"text-align: justify;\"><\/div>\n                <\/div>\n            <\/div><\/p>\n<p style=\"text-align: justify;\">\n","protected":false},"excerpt":{"rendered":"<p>Los conocimientos que requieren los diversos actores comprometidos con la evaluaci\u00f3n de la calidad en Educaci\u00f3n Superior han dado lugar a un campo profesional que alcanza cada vez mayores niveles de especializaci\u00f3n. Con el prop\u00f3sito de dar respuesta a este campo, la Comisi\u00f3n Nacional de Evaluaci\u00f3n y Acreditaci\u00f3n Universitaria &#8211; CONEAU propone la Escuela de &hellip; <a href=\"https:\/\/www.coneau.gob.ar\/coneau\/formacion\/\" class=\"more-link\">Seguir leyendo <span class=\"screen-reader-text\">Escuela de Formaci\u00f3n<\/span> <span class=\"meta-nav\">&rarr;<\/span><\/a><\/p>\n","protected":false},"author":2,"featured_media":1077,"parent":0,"menu_order":1,"comment_status":"open","ping_status":"closed","template":"template-formaciones.php","meta":[],"acf":[],"_links":{"self":[{"href":"https:\/\/www.coneau.gob.ar\/coneau\/wp-json\/wp\/v2\/pages\/21"}],"collection":[{"href":"https:\/\/www.coneau.gob.ar\/coneau\/wp-json\/wp\/v2\/pages"}],"about":[{"href":"https:\/\/www.coneau.gob.ar\/coneau\/wp-json\/wp\/v2\/types\/page"}],"author":[{"embeddable":true,"href":"https:\/\/www.coneau.gob.ar\/coneau\/wp-json\/wp\/v2\/users\/2"}],"replies":[{"embeddable":true,"href":"https:\/\/www.coneau.gob.ar\/coneau\/wp-json\/wp\/v2\/comments?post=21"}],"version-history":[{"count":20,"href":"https:\/\/www.coneau.gob.ar\/coneau\/wp-json\/wp\/v2\/pages\/21\/revisions"}],"predecessor-version":[{"id":4565,"href":"https:\/\/www.coneau.gob.ar\/coneau\/wp-json\/wp\/v2\/pages\/21\/revisions\/4565"}],"wp:featuredmedia":[{"embeddable":true,"href":"https:\/\/www.coneau.gob.ar\/coneau\/wp-json\/wp\/v2\/media\/1077"}],"wp:attachment":[{"href":"https:\/\/www.coneau.gob.ar\/coneau\/wp-json\/wp\/v2\/media?parent=21"}],"curies":[{"name":"wp","href":"https:\/\/api.w.org\/{rel}","templated":true}]}}