{"id":208,"date":"2015-06-18T16:04:15","date_gmt":"2015-06-18T16:04:15","guid":{"rendered":"http:\/\/hakuna.com.ar\/projects\/coneau\/wordpress\/?page_id=208"},"modified":"2015-09-10T10:20:00","modified_gmt":"2015-09-10T13:20:00","slug":"puesta-en-marcha-de-iu-nacionales","status":"publish","type":"page","link":"https:\/\/www.coneau.gob.ar\/coneau\/evaluacion-institucional\/proyectos-institucionales\/puesta-en-marcha-de-iu-nacionales\/","title":{"rendered":"Puesta en marcha de IU nacionales"},"content":{"rendered":"<h3><strong><span style=\"color: #3771b0;\">Puesta en Marcha de instituciones universitarias\u00a0<\/span><span style=\"color: #3771b0;\">nacionales<\/span> <\/strong><\/h3>\n<h3><span style=\"color: #808080;\"><strong>(art. 49\u00ba de la LES) <\/strong><\/span><\/h3>\n<h4><strong>\u00bfQu\u00e9 es la Puesta en Marcha?<\/strong><\/h4>\n<p style=\"text-align: justify;\">Las instituciones universitarias nacionales son creadas por ley del congreso nacional, pero deben solicitar la puesta en marcha para poder comenzar a funcionar. Para ello, el rector-organizador que designe el Ministerio de Educaci\u00f3n conduce el proceso de formulaci\u00f3n del proyecto institucional y del proyecto de estatuto provisorio.<\/p>\n<h4>\u00a0<strong>\u00bfC\u00f3mo se realiza?<\/strong><\/h4>\n<p style=\"text-align: justify;\">Para la evaluaci\u00f3n de estas solicitudes, la CONEAU analiza si el proyecto institucional cuenta con una debida justificaci\u00f3n, si se adecua a los principios y normas de la Ley de Educaci\u00f3n Superior, si es viable y consistente, si contiene un plan de desarrollo acad\u00e9mico que contemple los aspectos de docencia, investigaci\u00f3n y extensi\u00f3n, as\u00ed como la infraestructura en la que desarrollar\u00e1 sus actividades, entre otras. Para ello puede contar con la participaci\u00f3n de expertos.<\/p>\n","protected":false},"excerpt":{"rendered":"<p>Puesta en Marcha de instituciones universitarias\u00a0nacionales (art. 49\u00ba de la LES) \u00bfQu\u00e9 es la Puesta en Marcha? Las instituciones universitarias nacionales son creadas por ley del congreso nacional, pero deben solicitar la puesta en marcha para poder comenzar a funcionar. Para ello, el rector-organizador que designe el Ministerio de Educaci\u00f3n conduce el proceso de formulaci\u00f3n &hellip; <a href=\"https:\/\/www.coneau.gob.ar\/coneau\/evaluacion-institucional\/proyectos-institucionales\/puesta-en-marcha-de-iu-nacionales\/\" class=\"more-link\">Seguir leyendo <span class=\"screen-reader-text\">Puesta en marcha de IU nacionales<\/span> <span class=\"meta-nav\">&rarr;<\/span><\/a><\/p>\n","protected":false},"author":2,"featured_media":1092,"parent":31,"menu_order":0,"comment_status":"open","ping_status":"closed","template":"template-proyectos-institucionales.php","meta":[],"acf":[],"_links":{"self":[{"href":"https:\/\/www.coneau.gob.ar\/coneau\/wp-json\/wp\/v2\/pages\/208"}],"collection":[{"href":"https:\/\/www.coneau.gob.ar\/coneau\/wp-json\/wp\/v2\/pages"}],"about":[{"href":"https:\/\/www.coneau.gob.ar\/coneau\/wp-json\/wp\/v2\/types\/page"}],"author":[{"embeddable":true,"href":"https:\/\/www.coneau.gob.ar\/coneau\/wp-json\/wp\/v2\/users\/2"}],"replies":[{"embeddable":true,"href":"https:\/\/www.coneau.gob.ar\/coneau\/wp-json\/wp\/v2\/comments?post=208"}],"version-history":[{"count":5,"href":"https:\/\/www.coneau.gob.ar\/coneau\/wp-json\/wp\/v2\/pages\/208\/revisions"}],"predecessor-version":[{"id":1278,"href":"https:\/\/www.coneau.gob.ar\/coneau\/wp-json\/wp\/v2\/pages\/208\/revisions\/1278"}],"up":[{"embeddable":true,"href":"https:\/\/www.coneau.gob.ar\/coneau\/wp-json\/wp\/v2\/pages\/31"}],"wp:featuredmedia":[{"embeddable":true,"href":"https:\/\/www.coneau.gob.ar\/coneau\/wp-json\/wp\/v2\/media\/1092"}],"wp:attachment":[{"href":"https:\/\/www.coneau.gob.ar\/coneau\/wp-json\/wp\/v2\/media?parent=208"}],"curies":[{"name":"wp","href":"https:\/\/api.w.org\/{rel}","templated":true}]}}