{"id":206,"date":"2015-06-18T16:03:54","date_gmt":"2015-06-18T16:03:54","guid":{"rendered":"http:\/\/hakuna.com.ar\/projects\/coneau\/wordpress\/?page_id=206"},"modified":"2015-09-09T17:02:06","modified_gmt":"2015-09-09T20:02:06","slug":"reconocimiento-definitivo","status":"publish","type":"page","link":"https:\/\/www.coneau.gob.ar\/coneau\/evaluacion-institucional\/proyectos-institucionales\/reconocimiento-definitivo\/","title":{"rendered":"Reconocimiento definitivo"},"content":{"rendered":"<h3><span style=\"color: #3771b0;\"><strong>Reconocimiento Definitivo de instituciones universitarias privadas con autorizaci\u00f3n provisoria\u00a0<\/strong><\/span><\/h3>\n<h4><strong>\u00bfQu\u00e9 es el Reconocimiento Definitivo?<\/strong><\/h4>\n<p style=\"text-align: justify;\">El art\u00edculo 65\u00ba de la Ley de Educaci\u00f3n Superior (LES), establece que una vez transcurrido el lapso de seis a\u00f1os de funcionamiento provisorio, las instituciones pueden solicitar su reconocimiento definitivo.<\/p>\n<h4><strong>\u00bfCu\u00e1l es su finalidad?<\/strong><\/h4>\n<p style=\"text-align: justify;\">Las instituciones que lo obtienen quedan as\u00ed habilitadas a operar con mayor autonom\u00eda para funciones tales como la reforma de sus estatutos, la creaci\u00f3n de carreras y modificaciones de sus planes de estudio, la creaci\u00f3n de unidades acad\u00e9micas, la administraci\u00f3n de bienes y servicios y la certificaci\u00f3n de t\u00edtulos.<\/p>\n<p style=\"text-align: justify;\">La recomendaci\u00f3n favorable de la CONEAU para el otorgamiento del reconocimiento definitivo a una instituci\u00f3n universitaria avala que dicha instituci\u00f3n ha logrado un desarrollo acad\u00e9mico e institucional calificado y suficiente, de modo tal que asegura no requerir la tutela, fiscalizaci\u00f3n y verificaci\u00f3n sistem\u00e1tica y frecuente por parte del Estado.<\/p>\n<h4><strong>\u00bfC\u00f3mo se realiza?<\/strong><\/h4>\n<p style=\"text-align: justify;\">Para el tratamiento de solicitudes de reconocimiento definitivo, la CONEAU consulta \u00a0a expertos que analizan las dimensiones jur\u00eddico- institucionales, acad\u00e9micas y econ\u00f3mico-financieras de la instituci\u00f3n. En este proceso de an\u00e1lisis se examinan los logros alcanzados por la instituci\u00f3n en correspondencia con el proyecto institucional original, el desarrollo previsto a futuro y las recomendaciones derivadas de evaluaciones previas, tanto de car\u00e1cter institucional como de acreditaci\u00f3n de carreras.<\/p>\n","protected":false},"excerpt":{"rendered":"<p>Reconocimiento Definitivo de instituciones universitarias privadas con autorizaci\u00f3n provisoria\u00a0 \u00bfQu\u00e9 es el Reconocimiento Definitivo? El art\u00edculo 65\u00ba de la Ley de Educaci\u00f3n Superior (LES), establece que una vez transcurrido el lapso de seis a\u00f1os de funcionamiento provisorio, las instituciones pueden solicitar su reconocimiento definitivo. \u00bfCu\u00e1l es su finalidad? Las instituciones que lo obtienen quedan as\u00ed &hellip; <a href=\"https:\/\/www.coneau.gob.ar\/coneau\/evaluacion-institucional\/proyectos-institucionales\/reconocimiento-definitivo\/\" class=\"more-link\">Seguir leyendo <span class=\"screen-reader-text\">Reconocimiento definitivo<\/span> <span class=\"meta-nav\">&rarr;<\/span><\/a><\/p>\n","protected":false},"author":2,"featured_media":1091,"parent":31,"menu_order":0,"comment_status":"open","ping_status":"closed","template":"template-proyectos-institucionales.php","meta":[],"acf":[],"_links":{"self":[{"href":"https:\/\/www.coneau.gob.ar\/coneau\/wp-json\/wp\/v2\/pages\/206"}],"collection":[{"href":"https:\/\/www.coneau.gob.ar\/coneau\/wp-json\/wp\/v2\/pages"}],"about":[{"href":"https:\/\/www.coneau.gob.ar\/coneau\/wp-json\/wp\/v2\/types\/page"}],"author":[{"embeddable":true,"href":"https:\/\/www.coneau.gob.ar\/coneau\/wp-json\/wp\/v2\/users\/2"}],"replies":[{"embeddable":true,"href":"https:\/\/www.coneau.gob.ar\/coneau\/wp-json\/wp\/v2\/comments?post=206"}],"version-history":[{"count":3,"href":"https:\/\/www.coneau.gob.ar\/coneau\/wp-json\/wp\/v2\/pages\/206\/revisions"}],"predecessor-version":[{"id":1250,"href":"https:\/\/www.coneau.gob.ar\/coneau\/wp-json\/wp\/v2\/pages\/206\/revisions\/1250"}],"up":[{"embeddable":true,"href":"https:\/\/www.coneau.gob.ar\/coneau\/wp-json\/wp\/v2\/pages\/31"}],"wp:featuredmedia":[{"embeddable":true,"href":"https:\/\/www.coneau.gob.ar\/coneau\/wp-json\/wp\/v2\/media\/1091"}],"wp:attachment":[{"href":"https:\/\/www.coneau.gob.ar\/coneau\/wp-json\/wp\/v2\/media?parent=206"}],"curies":[{"name":"wp","href":"https:\/\/api.w.org\/{rel}","templated":true}]}}