{"id":1980,"date":"2016-03-28T15:25:33","date_gmt":"2016-03-28T18:25:33","guid":{"rendered":"http:\/\/www.coneau.gov.ar\/CONEAU\/?page_id=1980"},"modified":"2023-12-14T11:42:18","modified_gmt":"2023-12-14T14:42:18","slug":"enfermeria","status":"publish","type":"page","link":"https:\/\/www.coneau.gob.ar\/coneau\/acreditacion-de-carreras\/carreras-de-grado\/convocatorias\/carreras\/enfermeria\/","title":{"rendered":"Enfermer\u00eda"},"content":{"rendered":"<p><strong><a href=\"https:\/\/www.coneau.gob.ar\/wp-content\/uploads\/2016\/09\/Resolucion-ministerial-Enfermeria-2721-15.pdf\" target=\"_blank\" rel=\"noopener noreferrer\">Res. ME N\u00ba2721\/15 &#8211; Est\u00e1ndares de acreditaci\u00f3n para el t\u00edtulo de Licenciado en Enfermer\u00eda<\/a><\/strong><\/p>\n<h3><strong>Convocatoria 2022<\/strong><\/h3>\n<p><strong><a href=\"https:\/\/www.coneau.gob.ar\/coneau\/wp-content\/uploads\/2023\/02\/RS-2022-32211088-APN-CONEAUME.pdf\">RESFC-2022-41-APN-CONEAU#ME<\/a>&#8211; Convocatoria para la acreditaci\u00f3n de las carreras de Licenciatura en Enfermer\u00eda <\/strong><\/p>\n<p><strong>\u2666<\/strong><strong>\u00a0<\/strong><strong><a href=\"https:\/\/www.coneau.gob.ar\/coneau\/wp-content\/uploads\/2020\/08\/IF-2020-50493513-APN-CONEAUME-Ordenanza-N%C2%B0-070.pdf\">Ordenanza CONEAU N\u00b0 70<\/a><\/strong><strong>\u00a0|\u00a0<\/strong><a href=\"https:\/\/www.coneau.gob.ar\/archivos\/ordenanzas\/Orde070.pdf\">RESFC-2020-241-APN-CONEAU#ME<\/a><\/p>\n<p>\u2666<strong>\u00a0Formalizaci\u00f3n de la carrera:<\/strong>\u00a0hasta el\u00a030 de junio de 2022 a trav\u00e9s de\u00a0<strong><u><a href=\"https:\/\/global.coneau.gob.ar\/coneauglobal\/\">CONEAU Global.<\/a><\/u><\/strong><\/p>\n<p><strong>*Reuni\u00f3n virtual de consultas:<\/strong> durante el mes de septiembre 2022<\/p>\n<p>\u2666\u00a0<strong>Apertura del expediente electr\u00f3nico:<\/strong>\u00a0hasta el\u00a030 de junio de 2022 a trav\u00e9s de<strong><a href=\"httpss:\/\/tramitesadistancia.gob.ar\/tramitesadistancia\/inicio-publico\">\u00a0TAD<\/a><\/strong>.\u00a0Para obtener m\u00e1s informaci\u00f3n sobre este procedimiento<a href=\"https:\/\/www.coneau.gob.ar\/coneau\/acreditacion-de-carreras-2\/\">\u00a0<strong>click aqu\u00ed<\/strong>.<\/a><\/p>\n<p>\u2666<strong>\u00a0Ficha docente:<\/strong>\u00a0a trav\u00e9s de\u00a0<strong><u><a href=\"https:\/\/global.coneau.gob.ar\/coneauglobal\/\">CONEAU Global.<\/a><\/u><\/strong><\/p>\n<p>\u2666\u00a0<strong>Solicitud de acreditaci\u00f3n de la carrera:<\/strong>\u00a0hasta el\u00a029 de abril de 2023 a trav\u00e9s de\u00a0<strong><a href=\"https:\/\/global.coneau.gob.ar\/coneauglobal\/\">CONEAU Global.<\/a><\/strong><\/p>\n<p>\u2666\u00a0<strong><a href=\"https:\/\/www.coneau.gob.ar\/CONEAU\/?page_id=3525\">Ver evaluaci\u00f3n de SIED<\/a><\/strong><\/p>\n<p>\u2666\u00a0<a href=\"https:\/\/www.coneau.gob.ar\/ayuda\/\">Consultar<strong>\u00a0Tutoriales sobre CONEAU GLOBAL.<\/strong><\/a><\/p>\n<p><strong>\u00a0<\/strong><\/p>\n<p><strong>Convocatorias 2017<\/strong><\/p>\n<p><strong><u><a href=\"https:\/\/www.coneau.gob.ar\/archivos\/resoluciones\/RS-2017-33603970-APN-CONEAU-ME.pdf\">RESFC-2017-571-APN-CONEAU#ME\u00a0\u2013\u00a0Convocatoria para la acreditaci\u00f3n de carreras de Licenciatura en Enfermer\u00eda<\/a><\/u><\/strong><strong>\u00a0<u><a href=\"https:\/\/www.coneau.gob.ar\/archivos\/resoluciones\/RS-2017-33603970-APN-CONEAU-ME.pdf\">a distancia.<\/a><\/u><\/strong><\/p>\n<p><strong>Convocatorias 2016<\/strong><\/p>\n<p><strong><u><a href=\"https:\/\/www.coneau.gob.ar\/archivos\/resoluciones\/RS-2016-01358780-APN-CONEAUME.pdf\">RESFC-2016-8-E-APN-CONEAU#ME<\/a><\/u><\/strong><strong>\u00a0<\/strong><strong><u><a href=\"https:\/\/www.coneau.gob.ar\/archivos\/resoluciones\/RS-2016-01358780-APN-CONEAUME.pdf\">\u2013\u00a0Convocatoria para la acreditaci\u00f3n de carreras de Licenciatura en Enfermer\u00eda.<\/a><\/u><\/strong><\/p>\n<table width=\"100%\">\n<tbody>\n<tr>\n<td><strong>Mesa de ayuda<\/strong><\/p>\n<p><strong>\u00c1rea de Sistemas<\/strong><strong>\u00a0(<\/strong>Consultas T\u00e9cnicas y de Instalaci\u00f3n)<\/p>\n<p>Sobre CONEAU Global:\u00a0<a href=\"mailto:global@coneau.gob.ar\">global@coneau.gob.ar<\/a><\/p>\n<p><strong>\u00c1rea de Grado<\/strong>\u00a0(Consultas de contenidos)<br \/>\n<u><a href=\"mailto:enfermeria@coneau.gob.ar\">enfermeria@coneau.gob.ar<\/a><\/u><\/td>\n<\/tr>\n<\/tbody>\n<\/table>\n","protected":false},"excerpt":{"rendered":"<p>Res. ME N\u00ba2721\/15 &#8211; Est\u00e1ndares de acreditaci\u00f3n para el t\u00edtulo de Licenciado en Enfermer\u00eda Convocatoria 2022 RESFC-2022-41-APN-CONEAU#ME&#8211; Convocatoria para la acreditaci\u00f3n de las carreras de Licenciatura en Enfermer\u00eda \u2666\u00a0Ordenanza CONEAU N\u00b0 70\u00a0|\u00a0RESFC-2020-241-APN-CONEAU#ME \u2666\u00a0Formalizaci\u00f3n de la carrera:\u00a0hasta el\u00a030 de junio de 2022 a trav\u00e9s de\u00a0CONEAU Global. *Reuni\u00f3n virtual de consultas: durante el mes de septiembre 2022 &hellip; <a href=\"https:\/\/www.coneau.gob.ar\/coneau\/acreditacion-de-carreras\/carreras-de-grado\/convocatorias\/carreras\/enfermeria\/\" class=\"more-link\">Seguir leyendo <span class=\"screen-reader-text\">Enfermer\u00eda<\/span> <span class=\"meta-nav\">&rarr;<\/span><\/a><\/p>\n","protected":false},"author":3,"featured_media":1951,"parent":355,"menu_order":0,"comment_status":"open","ping_status":"open","template":"template-carreras-grado-convocatorias.php","meta":[],"acf":[],"_links":{"self":[{"href":"https:\/\/www.coneau.gob.ar\/coneau\/wp-json\/wp\/v2\/pages\/1980"}],"collection":[{"href":"https:\/\/www.coneau.gob.ar\/coneau\/wp-json\/wp\/v2\/pages"}],"about":[{"href":"https:\/\/www.coneau.gob.ar\/coneau\/wp-json\/wp\/v2\/types\/page"}],"author":[{"embeddable":true,"href":"https:\/\/www.coneau.gob.ar\/coneau\/wp-json\/wp\/v2\/users\/3"}],"replies":[{"embeddable":true,"href":"https:\/\/www.coneau.gob.ar\/coneau\/wp-json\/wp\/v2\/comments?post=1980"}],"version-history":[{"count":32,"href":"https:\/\/www.coneau.gob.ar\/coneau\/wp-json\/wp\/v2\/pages\/1980\/revisions"}],"predecessor-version":[{"id":10735,"href":"https:\/\/www.coneau.gob.ar\/coneau\/wp-json\/wp\/v2\/pages\/1980\/revisions\/10735"}],"up":[{"embeddable":true,"href":"https:\/\/www.coneau.gob.ar\/coneau\/wp-json\/wp\/v2\/pages\/355"}],"wp:featuredmedia":[{"embeddable":true,"href":"https:\/\/www.coneau.gob.ar\/coneau\/wp-json\/wp\/v2\/media\/1951"}],"wp:attachment":[{"href":"https:\/\/www.coneau.gob.ar\/coneau\/wp-json\/wp\/v2\/media?parent=1980"}],"curies":[{"name":"wp","href":"https:\/\/api.w.org\/{rel}","templated":true}]}}