{"id":19,"date":"2015-05-26T17:37:09","date_gmt":"2015-05-26T17:37:09","guid":{"rendered":"http:\/\/hakuna.com.ar\/projects\/coneau\/wordpress\/?page_id=19"},"modified":"2015-09-09T17:02:49","modified_gmt":"2015-09-09T20:02:49","slug":"internacionales","status":"publish","type":"page","link":"https:\/\/www.coneau.gob.ar\/coneau\/internacionales\/","title":{"rendered":"Internacionales"},"content":{"rendered":"<p style=\"text-align: justify;\">La participaci\u00f3n en espacios y redes regionales e internacionales y las acciones de cooperaci\u00f3n internacional est\u00e1n orientadas a generar lazos de mutuo reconocimiento y confianza con otros organismos de evaluaci\u00f3n y acreditaci\u00f3n universitaria.<br \/>\nLa CONEAU participa principalmente en los siguientes espacios internacionales:<\/p>\n<blockquote>\n<p style=\"text-align: justify;\">\u2666 Sistema ARCUSUR y su precedente el Mecanismo Experimental de Acreditaci\u00f3n de Carreras para el Reconocimiento de T\u00edtulos de Grado Universitario (MEXA).<\/p>\n<p style=\"text-align: justify;\">\u2666 Red Internacional de Agencias de Acreditaci\u00f3n de la Calidad de la Educaci\u00f3n Superior (<a href=\"http:\/\/www.inqaahe.org\/\" target=\"_blank\">INQAAHE<\/a>, International Network for Quality Assurance Agencies in Higher Education). En el a\u00f1o 2008 fue seleccionada como sede del Foro Bianual de INQAAHE y desde 2011 la CONEAU forma parte del Comit\u00e9 Directivo de INQAAHE.<\/p>\n<p style=\"text-align: justify;\">Adem\u00e1s la CONEAU fue miembro de la red Iberoamericana de Agencias de Acreditaci\u00f3n en Educaci\u00f3n Superior (<a href=\"http:\/\/www.riaces.net\/\" target=\"_blank\">RIACES<\/a>).<\/p>\n<\/blockquote>\n<p style=\"text-align: justify;\">La CONEAU ha desempe\u00f1ado la Presidencia de RIACES entre 2003 y 2005 y la Secretar\u00eda General y T\u00e9cnica hasta el 2012.<\/p>\n","protected":false},"excerpt":{"rendered":"<p>La participaci\u00f3n en espacios y redes regionales e internacionales y las acciones de cooperaci\u00f3n internacional est\u00e1n orientadas a generar lazos de mutuo reconocimiento y confianza con otros organismos de evaluaci\u00f3n y acreditaci\u00f3n universitaria. La CONEAU participa principalmente en los siguientes espacios internacionales: \u2666 Sistema ARCUSUR y su precedente el Mecanismo Experimental de Acreditaci\u00f3n de Carreras &hellip; <a href=\"https:\/\/www.coneau.gob.ar\/coneau\/internacionales\/\" class=\"more-link\">Seguir leyendo <span class=\"screen-reader-text\">Internacionales<\/span> <span class=\"meta-nav\">&rarr;<\/span><\/a><\/p>\n","protected":false},"author":2,"featured_media":1076,"parent":0,"menu_order":0,"comment_status":"open","ping_status":"closed","template":"template-full-width.php","meta":[],"acf":[],"_links":{"self":[{"href":"https:\/\/www.coneau.gob.ar\/coneau\/wp-json\/wp\/v2\/pages\/19"}],"collection":[{"href":"https:\/\/www.coneau.gob.ar\/coneau\/wp-json\/wp\/v2\/pages"}],"about":[{"href":"https:\/\/www.coneau.gob.ar\/coneau\/wp-json\/wp\/v2\/types\/page"}],"author":[{"embeddable":true,"href":"https:\/\/www.coneau.gob.ar\/coneau\/wp-json\/wp\/v2\/users\/2"}],"replies":[{"embeddable":true,"href":"https:\/\/www.coneau.gob.ar\/coneau\/wp-json\/wp\/v2\/comments?post=19"}],"version-history":[{"count":9,"href":"https:\/\/www.coneau.gob.ar\/coneau\/wp-json\/wp\/v2\/pages\/19\/revisions"}],"predecessor-version":[{"id":1252,"href":"https:\/\/www.coneau.gob.ar\/coneau\/wp-json\/wp\/v2\/pages\/19\/revisions\/1252"}],"wp:featuredmedia":[{"embeddable":true,"href":"https:\/\/www.coneau.gob.ar\/coneau\/wp-json\/wp\/v2\/media\/1076"}],"wp:attachment":[{"href":"https:\/\/www.coneau.gob.ar\/coneau\/wp-json\/wp\/v2\/media?parent=19"}],"curies":[{"name":"wp","href":"https:\/\/api.w.org\/{rel}","templated":true}]}}