{"id":179,"date":"2015-06-17T20:07:57","date_gmt":"2015-06-17T20:07:57","guid":{"rendered":"http:\/\/hakuna.com.ar\/projects\/coneau\/wordpress\/?page_id=179"},"modified":"2026-03-05T20:06:47","modified_gmt":"2026-03-05T23:06:47","slug":"direccion-de-administracion","status":"publish","type":"page","link":"https:\/\/www.coneau.gob.ar\/coneau\/la-coneau\/estructura\/direccion-de-administracion\/","title":{"rendered":"Direcci\u00f3n de Administraci\u00f3n"},"content":{"rendered":"<h3><strong><span style=\"color: #3771b0;\">Director<\/span><\/strong><\/h3>\n<h4><strong>Leandro Mousseaud<\/strong><\/h4>\n<p><a href=\"https:\/\/www.coneau.gob.ar\/coneau\/wp-content\/uploads\/2026\/03\/Leanro-Mousseaud.png\"><img decoding=\"async\" loading=\"lazy\" class=\"alignnone wp-image-14273 size-medium\" src=\"https:\/\/www.coneau.gob.ar\/coneau\/wp-content\/uploads\/2026\/03\/Leanro-Mousseaud-300x300.png\" alt=\"\" width=\"300\" height=\"300\" srcset=\"https:\/\/www.coneau.gob.ar\/coneau\/wp-content\/uploads\/2026\/03\/Leanro-Mousseaud-300x300.png 300w, https:\/\/www.coneau.gob.ar\/coneau\/wp-content\/uploads\/2026\/03\/Leanro-Mousseaud-1024x1024.png 1024w, https:\/\/www.coneau.gob.ar\/coneau\/wp-content\/uploads\/2026\/03\/Leanro-Mousseaud-150x150.png 150w, https:\/\/www.coneau.gob.ar\/coneau\/wp-content\/uploads\/2026\/03\/Leanro-Mousseaud-768x768.png 768w, https:\/\/www.coneau.gob.ar\/coneau\/wp-content\/uploads\/2026\/03\/Leanro-Mousseaud.png 1500w\" sizes=\"(max-width: 300px) 100vw, 300px\" \/><\/a><\/p>\n<p>&#8211; Magister en Direcci\u00f3n y Administraci\u00f3n de Empresas por la Universidad del CEMA.<\/p>\n<p>&#8211; Licenciado en Econom\u00eda por la Universidad Argentina de la Empresa.<\/p>\n<p>&#8211; Fue Director de Auditor\u00eda y Control de Gesti\u00f3n de la Honorable C\u00e1mara de Senadores de la Provincia de Buenos Aires.<\/p>\n<p>&#8211; Trabaj\u00f3 en The Nielsen Company, PPD Argentina S.A. y otras compa\u00f1\u00edas.<\/p>\n","protected":false},"excerpt":{"rendered":"<p>Director Leandro Mousseaud &#8211; Magister en Direcci\u00f3n y Administraci\u00f3n de Empresas por la Universidad del CEMA. &#8211; Licenciado en Econom\u00eda por la Universidad Argentina de la Empresa. &#8211; Fue Director de Auditor\u00eda y Control de Gesti\u00f3n de la Honorable C\u00e1mara de Senadores de la Provincia de Buenos Aires. &#8211; Trabaj\u00f3 en The Nielsen Company, PPD &hellip; <a href=\"https:\/\/www.coneau.gob.ar\/coneau\/la-coneau\/estructura\/direccion-de-administracion\/\" class=\"more-link\">Seguir leyendo <span class=\"screen-reader-text\">Direcci\u00f3n de Administraci\u00f3n<\/span> <span class=\"meta-nav\">&rarr;<\/span><\/a><\/p>\n","protected":false},"author":2,"featured_media":1193,"parent":128,"menu_order":0,"comment_status":"open","ping_status":"closed","template":"template-coneau-estructura.php","meta":[],"acf":[],"_links":{"self":[{"href":"https:\/\/www.coneau.gob.ar\/coneau\/wp-json\/wp\/v2\/pages\/179"}],"collection":[{"href":"https:\/\/www.coneau.gob.ar\/coneau\/wp-json\/wp\/v2\/pages"}],"about":[{"href":"https:\/\/www.coneau.gob.ar\/coneau\/wp-json\/wp\/v2\/types\/page"}],"author":[{"embeddable":true,"href":"https:\/\/www.coneau.gob.ar\/coneau\/wp-json\/wp\/v2\/users\/2"}],"replies":[{"embeddable":true,"href":"https:\/\/www.coneau.gob.ar\/coneau\/wp-json\/wp\/v2\/comments?post=179"}],"version-history":[{"count":9,"href":"https:\/\/www.coneau.gob.ar\/coneau\/wp-json\/wp\/v2\/pages\/179\/revisions"}],"predecessor-version":[{"id":14275,"href":"https:\/\/www.coneau.gob.ar\/coneau\/wp-json\/wp\/v2\/pages\/179\/revisions\/14275"}],"up":[{"embeddable":true,"href":"https:\/\/www.coneau.gob.ar\/coneau\/wp-json\/wp\/v2\/pages\/128"}],"wp:featuredmedia":[{"embeddable":true,"href":"https:\/\/www.coneau.gob.ar\/coneau\/wp-json\/wp\/v2\/media\/1193"}],"wp:attachment":[{"href":"https:\/\/www.coneau.gob.ar\/coneau\/wp-json\/wp\/v2\/media?parent=179"}],"curies":[{"name":"wp","href":"https:\/\/api.w.org\/{rel}","templated":true}]}}