{"id":177,"date":"2015-06-17T20:07:22","date_gmt":"2015-06-17T20:07:22","guid":{"rendered":"http:\/\/hakuna.com.ar\/projects\/coneau\/wordpress\/?page_id=177"},"modified":"2026-03-05T20:09:59","modified_gmt":"2026-03-05T23:09:59","slug":"direccion-de-desarrollo-y-rrii","status":"publish","type":"page","link":"https:\/\/www.coneau.gob.ar\/coneau\/la-coneau\/estructura\/direccion-de-desarrollo-y-rrii\/","title":{"rendered":"Direcci\u00f3n de Desarrollo y RRII"},"content":{"rendered":"<h3><strong><span style=\"color: #3771b0;\">Directora<\/span><\/strong><\/h3>\n<h4><strong>Gabriela Chidichimo<\/strong><\/h4>\n<p><a href=\"https:\/\/www.coneau.gob.ar\/coneau\/wp-content\/uploads\/2026\/03\/Gabriela-Chidichimo.png\"><img decoding=\"async\" loading=\"lazy\" class=\"alignnone wp-image-14274 size-medium\" src=\"https:\/\/www.coneau.gob.ar\/coneau\/wp-content\/uploads\/2026\/03\/Gabriela-Chidichimo-300x300.png\" alt=\"\" width=\"300\" height=\"300\" srcset=\"https:\/\/www.coneau.gob.ar\/coneau\/wp-content\/uploads\/2026\/03\/Gabriela-Chidichimo-300x300.png 300w, https:\/\/www.coneau.gob.ar\/coneau\/wp-content\/uploads\/2026\/03\/Gabriela-Chidichimo-1024x1024.png 1024w, https:\/\/www.coneau.gob.ar\/coneau\/wp-content\/uploads\/2026\/03\/Gabriela-Chidichimo-150x150.png 150w, https:\/\/www.coneau.gob.ar\/coneau\/wp-content\/uploads\/2026\/03\/Gabriela-Chidichimo-768x768.png 768w, https:\/\/www.coneau.gob.ar\/coneau\/wp-content\/uploads\/2026\/03\/Gabriela-Chidichimo.png 1500w\" sizes=\"(max-width: 300px) 100vw, 300px\" \/><\/a><\/p>\n<p>&#8211; Licenciada en Sociolog\u00eda por la Universidad de Buenos Aires.<\/p>\n<p>&#8211; Profesora en Sociolog\u00eda por la Universidad de Buenos Aires.<\/p>\n<p>&#8211; Experta Universitaria en Indicadores y Estad\u00edsticas Educativas por la Universidad Nacional de Educaci\u00f3n a Distancia (Espa\u00f1a).<\/p>\n<p>&#8211; Integrante del equipo t\u00e9cnico de la CONEAU desde 2005.\u00a0 Responsable del \u00c1rea de Desarrollo, Investigaci\u00f3n y Estad\u00edsticas desde 2019.<\/p>\n<p>&#8211; Coordina la Unidad de Calidad de la Mejora Continua de la CONEAU.<\/p>\n<p>&#8211; Ha coordinado la tercera Autoevaluaci\u00f3n Institucional del organismo para la Evaluaci\u00f3n Externa a cargo de INQAAHE (International Network for Quality Assurance Agencies in Higher Education). Periodo 2021 &#8211; 2022<\/p>\n<p>&#8211; Docente en Universidad de Buenos Aires, Universidad Nacional de Lomas de Zamora y Universidad Nacional de Tres de Febrero. Tambi\u00e9n se desempe\u00f1a como docente en la Escuela de Formaci\u00f3n CONEAU.<\/p>\n<p>&#8211; Investigadora en proyectos nacionales e internacionales.<\/p>\n","protected":false},"excerpt":{"rendered":"<p>Directora Gabriela Chidichimo &#8211; Licenciada en Sociolog\u00eda por la Universidad de Buenos Aires. &#8211; Profesora en Sociolog\u00eda por la Universidad de Buenos Aires. &#8211; Experta Universitaria en Indicadores y Estad\u00edsticas Educativas por la Universidad Nacional de Educaci\u00f3n a Distancia (Espa\u00f1a). &#8211; Integrante del equipo t\u00e9cnico de la CONEAU desde 2005.\u00a0 Responsable del \u00c1rea de Desarrollo, &hellip; <a href=\"https:\/\/www.coneau.gob.ar\/coneau\/la-coneau\/estructura\/direccion-de-desarrollo-y-rrii\/\" class=\"more-link\">Seguir leyendo <span class=\"screen-reader-text\">Direcci\u00f3n de Desarrollo y RRII<\/span> <span class=\"meta-nav\">&rarr;<\/span><\/a><\/p>\n","protected":false},"author":2,"featured_media":1193,"parent":128,"menu_order":0,"comment_status":"closed","ping_status":"closed","template":"template-coneau-estructura.php","meta":[],"acf":[],"_links":{"self":[{"href":"https:\/\/www.coneau.gob.ar\/coneau\/wp-json\/wp\/v2\/pages\/177"}],"collection":[{"href":"https:\/\/www.coneau.gob.ar\/coneau\/wp-json\/wp\/v2\/pages"}],"about":[{"href":"https:\/\/www.coneau.gob.ar\/coneau\/wp-json\/wp\/v2\/types\/page"}],"author":[{"embeddable":true,"href":"https:\/\/www.coneau.gob.ar\/coneau\/wp-json\/wp\/v2\/users\/2"}],"replies":[{"embeddable":true,"href":"https:\/\/www.coneau.gob.ar\/coneau\/wp-json\/wp\/v2\/comments?post=177"}],"version-history":[{"count":11,"href":"https:\/\/www.coneau.gob.ar\/coneau\/wp-json\/wp\/v2\/pages\/177\/revisions"}],"predecessor-version":[{"id":14276,"href":"https:\/\/www.coneau.gob.ar\/coneau\/wp-json\/wp\/v2\/pages\/177\/revisions\/14276"}],"up":[{"embeddable":true,"href":"https:\/\/www.coneau.gob.ar\/coneau\/wp-json\/wp\/v2\/pages\/128"}],"wp:featuredmedia":[{"embeddable":true,"href":"https:\/\/www.coneau.gob.ar\/coneau\/wp-json\/wp\/v2\/media\/1193"}],"wp:attachment":[{"href":"https:\/\/www.coneau.gob.ar\/coneau\/wp-json\/wp\/v2\/media?parent=177"}],"curies":[{"name":"wp","href":"https:\/\/api.w.org\/{rel}","templated":true}]}}