{"id":171,"date":"2015-06-17T20:06:14","date_gmt":"2015-06-17T20:06:14","guid":{"rendered":"http:\/\/hakuna.com.ar\/projects\/coneau\/wordpress\/?page_id=171"},"modified":"2026-03-05T13:40:14","modified_gmt":"2026-03-05T16:40:14","slug":"miembros","status":"publish","type":"page","link":"https:\/\/www.coneau.gob.ar\/coneau\/la-coneau\/estructura\/miembros\/","title":{"rendered":"Miembros"},"content":{"rendered":"<p style=\"text-align: justify;\">Los miembros son designados por cuatro a\u00f1os, con renovaci\u00f3n parcial cada dos.<\/p>\n<p style=\"text-align: justify;\">Su Presidencia, Vicepresidencia y Secretar\u00eda General son ejercidas por tres de sus miembros elegidos entre ellos durante un a\u00f1o. Quincenalmente, la Comisi\u00f3n se re\u00fane en sesi\u00f3n plenaria.<\/p>\n<p><strong><div class=\"panel panel-default\">\n                <div class=\"panel-heading\" role=\"tab\" id=\"headingOne\">\n                    <h4 class=\"panel-title\">\n                        <a data-toggle=\"collapse\" data-parent=\"#accordion-0\" href=\"#acc-2\" aria-expanded=\"true\" aria-controls=\"collapseOne\">\n                            <i class=\"fa fa-arrow-down\"><\/i> <\/strong><strong>Mart\u00edn Strah<\/strong><strong>\n                        <\/a>\n                    <\/h4>\n                <\/div>\n                <div id=\"acc-2\" class=\"panel-collapse collapse \" role=\"tabpanel\" aria-labelledby=\"headingOne\">\n                    <div class=\"panel-body\"><\/strong><\/p>\n<p><a href=\"https:\/\/www.coneau.gob.ar\/coneau\/wp-content\/uploads\/2015\/06\/Strah.jpg\"><img decoding=\"async\" loading=\"lazy\" class=\"alignnone wp-image-621 size-medium\" src=\"https:\/\/www.coneau.gob.ar\/coneau\/wp-content\/uploads\/2015\/06\/Strah-187x300.jpg\" alt=\"\" width=\"187\" height=\"300\" srcset=\"https:\/\/www.coneau.gob.ar\/coneau\/wp-content\/uploads\/2015\/06\/Strah-187x300.jpg 187w, https:\/\/www.coneau.gob.ar\/coneau\/wp-content\/uploads\/2015\/06\/Strah-639x1024.jpg 639w, https:\/\/www.coneau.gob.ar\/coneau\/wp-content\/uploads\/2015\/06\/Strah.jpg 1040w\" sizes=\"(max-width: 187px) 100vw, 187px\" \/><\/a><\/p>\n<h4><strong><span style=\"color: #3771b0;\">Presidencia<\/span><\/strong><\/h4>\n<p>&#8211; Presidente de la Comisi\u00f3n Nacional de Evaluaci\u00f3n y Acreditaci\u00f3n Universitaria.\u00a0<\/p>\n<p>&#8211; <span lang=\"en-US\">Ex<\/span><span lang=\"en-US\">\u00a0<\/span><span lang=\"en-US\">Miembro del Board de<\/span><span lang=\"en-US\">\u00a0<\/span><span lang=\"en-US\">INQAAHE<\/span><span lang=\"en-US\">\u00a0<\/span><span lang=\"en-US\">(<\/span><span lang=\"en-US\">International Network for Quality Assurance Agencies in Higher Education<\/span><span lang=\"en-US\">).<\/span><\/p>\n<p>&#8211; Doctor en Comunicaci\u00f3n por la Facultad de Periodismo y Comunicaci\u00f3n Social de la Universidad Nacional de La Plata.<\/p>\n<p>&#8211; Master en Liderazgo Organizacional por la Lewis University.<\/p>\n<p>&#8211; Licenciado en Relaciones P\u00fablicas por la Universidad Nacional de Lomas de Zamora.<\/p>\n<p>\u2013 Ex Secretario General y Director de Desarrollo y Relaciones Internacionales de la CONEAU.<\/p>\n<p>&#8211; Se desempe\u00f1\u00f3 como Secretario T\u00e9cnico del Sistema Iberoamericano de Aseguramiento de la Calidad de la Educaci\u00f3n Superior -SIACES-.<\/p>\n<p>\u2013 Docente investigador de la Universidad Nacional de Lomas de Zamora.<\/p>\n<p><a href=\"https:\/\/www.boletinoficial.gob.ar\/detalleAviso\/primera\/260405\/20220405\" target=\"_blank\" rel=\"noopener\">Designaci\u00f3n: Decreto 172 \/ 2022<\/a><\/p>\n<p><\/div>\n                <\/div>\n            <\/div><\/p>\n<p><strong><div class=\"panel panel-default\">\n                <div class=\"panel-heading\" role=\"tab\" id=\"headingOne\">\n                    <h4 class=\"panel-title\">\n                        <a data-toggle=\"collapse\" data-parent=\"#accordion-0\" href=\"#acc-3\" aria-expanded=\"true\" aria-controls=\"collapseOne\">\n                            <i class=\"fa fa-arrow-down\"><\/i> <\/strong><strong>Danya Ver\u00f3nica Tavela<\/strong><strong>\n                        <\/a>\n                    <\/h4>\n                <\/div>\n                <div id=\"acc-3\" class=\"panel-collapse collapse \" role=\"tabpanel\" aria-labelledby=\"headingOne\">\n                    <div class=\"panel-body\"><\/strong><\/p>\n<p><a href=\"https:\/\/www.coneau.gob.ar\/wp-content\/uploads\/2015\/06\/Tavela.jpg\"><img decoding=\"async\" loading=\"lazy\" class=\"alignnone size-medium wp-image-5307\" src=\"https:\/\/www.coneau.gob.ar\/wp-content\/uploads\/2015\/06\/Tavela-199x300.jpg\" alt=\"Tavela\" width=\"199\" height=\"300\" srcset=\"https:\/\/www.coneau.gob.ar\/coneau\/wp-content\/uploads\/2015\/06\/Tavela-199x300.jpg 199w, https:\/\/www.coneau.gob.ar\/coneau\/wp-content\/uploads\/2015\/06\/Tavela-680x1024.jpg 680w, https:\/\/www.coneau.gob.ar\/coneau\/wp-content\/uploads\/2015\/06\/Tavela.jpg 1848w\" sizes=\"(max-width: 199px) 100vw, 199px\" \/><\/a><\/p>\n<h4><strong><span style=\"color: #3771b0;\">Vicepresidencia<\/span><\/strong><\/h4>\n<p>&#8211; Contadora P\u00fablica y Magister en finanzas p\u00fablicas provinciales y municipales por la Universidad Nacional de La Plata.<\/p>\n<p>&#8211; Ex Vicerrectora de la Universidad Nacional del Noroeste de la Provincia de Buenos Aires.<\/p>\n<p>&#8211; Secretaria de Pol\u00edticas Universitarias de la Naci\u00f3n (2017-2018).<\/p>\n<p>&#8211; Subsecretaria de coordinaci\u00f3n y gesti\u00f3n de Pol\u00edticas Universitarias, Secretar\u00eda de Pol\u00edticas Universitarias, Ministerio de Educaci\u00f3n de la Naci\u00f3n Argentina (2015-2017).<\/p>\n<p>&#8211; Profesora de la Universidad Nacional de San Antonio de Areco y de la Universidad Nacional del Noroeste de la\u00a0 Provincia de Buenos Aires.<\/p>\n<p>&#8211; Categorizaci\u00f3n III en el Programa de Incentivos desde 2017.<\/p>\n<p>&#8211; Miembro en la Comisi\u00f3n Evaluadora de los Centros Asociados de la Comisi\u00f3n de Investigaciones Cient\u00edficas (CIC).<\/p>\n<p>&#8211; Miembro del Consejo Asesor del Programa de Evaluaci\u00f3n Institucional de la Secretar\u00eda de Ciencia, Tecnolog\u00eda e Innovaci\u00f3n productiva de la Naci\u00f3n.<\/p>\n<p><a href=\"https:\/\/www.boletinoficial.gob.ar\/detalleAviso\/primera\/297256\/20231030\" target=\"_blank\" rel=\"noopener\">Designaci\u00f3n: Decreto 562\/2023<\/a><\/p>\n<p><\/div>\n                <\/div>\n            <\/div><\/p>\n<p><strong><div class=\"panel panel-default\">\n                <div class=\"panel-heading\" role=\"tab\" id=\"headingOne\">\n                    <h4 class=\"panel-title\">\n                        <a data-toggle=\"collapse\" data-parent=\"#accordion-0\" href=\"#acc-4\" aria-expanded=\"true\" aria-controls=\"collapseOne\">\n                            <i class=\"fa fa-arrow-down\"><\/i> <\/strong><strong>Enrique Aguilar<\/strong><strong>\n                        <\/a>\n                    <\/h4>\n                <\/div>\n                <div id=\"acc-4\" class=\"panel-collapse collapse \" role=\"tabpanel\" aria-labelledby=\"headingOne\">\n                    <div class=\"panel-body\"><\/strong><\/p>\n<p><a href=\"https:\/\/www.coneau.gob.ar\/coneau\/wp-content\/uploads\/2024\/10\/Enrique-Aguilar.jpg\"><img decoding=\"async\" loading=\"lazy\" class=\"alignnone wp-image-11910 size-medium\" src=\"https:\/\/www.coneau.gob.ar\/coneau\/wp-content\/uploads\/2024\/10\/Enrique-Aguilar-199x300.jpg\" alt=\"\" width=\"199\" height=\"300\" srcset=\"https:\/\/www.coneau.gob.ar\/coneau\/wp-content\/uploads\/2024\/10\/Enrique-Aguilar-199x300.jpg 199w, https:\/\/www.coneau.gob.ar\/coneau\/wp-content\/uploads\/2024\/10\/Enrique-Aguilar-680x1024.jpg 680w, https:\/\/www.coneau.gob.ar\/coneau\/wp-content\/uploads\/2024\/10\/Enrique-Aguilar-768x1157.jpg 768w, https:\/\/www.coneau.gob.ar\/coneau\/wp-content\/uploads\/2024\/10\/Enrique-Aguilar-1020x1536.jpg 1020w, https:\/\/www.coneau.gob.ar\/coneau\/wp-content\/uploads\/2024\/10\/Enrique-Aguilar.jpg 1328w\" sizes=\"(max-width: 199px) 100vw, 199px\" \/><\/a><\/p>\n<p>&#8211; Licenciado en Ciencias Pol\u00edticas por la Universidad Cat\u00f3lica Argentina.<\/p>\n<p>&#8211; Doctor en Ciencias Pol\u00edticas por la Universidad Cat\u00f3lica Argentina.<\/p>\n<p>&#8211; Diplomado en Estudios Hisp\u00e1nicos, Latinoamericanos y Europeos por la Fundaci\u00f3n Ortega y Gasset, Espa\u00f1a.<\/p>\n<p>&#8211; Ex Decano de la Facultad de Ciencias Sociales de la Universidad Cat\u00f3lica Argentina. Fue Director del Instituto de Ciencias Pol\u00edticas y Relaciones Internacionales de la misma instituci\u00f3n.<\/p>\n<p>&#8211; Director del Doctorado en Ciencias Pol\u00edticas de UCA y Co-director del Programa de pensamiento pol\u00edtico sobre \u201cDemocracia, rep\u00fablica, liberalismo: debates modernos y contempor\u00e1neos\u201d.<\/p>\n<p>&#8211; Profesor titular en la Universidad Cat\u00f3lica Argentina, Universidad del Cema y \u00a0FLACSO\/Argentina.<\/p>\n<p>&#8211; Miembro del Consejo de redacci\u00f3n de la revista <em>Criterio<\/em> y del consejo editorial de revistas acad\u00e9micas argentinas y extranjeras.<\/p>\n<p>&#8211; Autor de varias publicaciones sobre temas de su especialidad.<\/p>\n<p><a href=\"https:\/\/www.boletinoficial.gob.ar\/detalleAviso\/primera\/313969\/20240916\" target=\"_blank\" rel=\"noopener\">Designaci\u00f3n: Decreto 828\/2024<\/a><\/p>\n<p><\/div>\n                <\/div>\n            <\/div><\/p>\n<p><strong><div class=\"panel panel-default\">\n                <div class=\"panel-heading\" role=\"tab\" id=\"headingOne\">\n                    <h4 class=\"panel-title\">\n                        <a data-toggle=\"collapse\" data-parent=\"#accordion-0\" href=\"#acc-5\" aria-expanded=\"true\" aria-controls=\"collapseOne\">\n                            <i class=\"fa fa-arrow-down\"><\/i> <\/strong><strong>Roberto Igarza<\/strong><strong>\n                        <\/a>\n                    <\/h4>\n                <\/div>\n                <div id=\"acc-5\" class=\"panel-collapse collapse \" role=\"tabpanel\" aria-labelledby=\"headingOne\">\n                    <div class=\"panel-body\"><\/strong><\/p>\n<p>\u00a0<\/p>\n<p><span style=\"color: #3771b0;\"><a href=\"https:\/\/www.coneau.gob.ar\/coneau\/wp-content\/uploads\/2015\/06\/Igarza.jpg\"><img decoding=\"async\" loading=\"lazy\" class=\"alignnone wp-image-1829 size-medium\" src=\"https:\/\/www.coneau.gob.ar\/coneau\/wp-content\/uploads\/2015\/06\/Igarza-199x300.jpg\" alt=\"\" width=\"199\" height=\"300\" srcset=\"https:\/\/www.coneau.gob.ar\/coneau\/wp-content\/uploads\/2015\/06\/Igarza-199x300.jpg 199w, https:\/\/www.coneau.gob.ar\/coneau\/wp-content\/uploads\/2015\/06\/Igarza-680x1024.jpg 680w, https:\/\/www.coneau.gob.ar\/coneau\/wp-content\/uploads\/2015\/06\/Igarza.jpg 1848w\" sizes=\"(max-width: 199px) 100vw, 199px\" \/><\/a><\/span><\/p>\n<h4><strong><span style=\"color: #3771b0;\">\u00a0<\/span><\/strong><\/h4>\n<p>&#8211; \u00a0Graduado de la \u00c9cole d\u2019Ing\u00e9nieurs de Lausanne como Ing.HES G\u00e9nie Civil.<\/p>\n<p>&#8211; \u00a0Doctor en Comunicaci\u00f3n Social por la Universidad Austral.<\/p>\n<p>&#8211; \u00a0Ocup\u00f3 diversos cargos de gesti\u00f3n acad\u00e9mica (Dir. de carrera, de posgrados, de departamento, Vicedecano, Decano, Consejero acad\u00e9mico y superior).<\/p>\n<p>&#8211; \u00a0Miembro de la Academia Nacional de Educaci\u00f3n con trabajos en educaci\u00f3n mediatizada y gesti\u00f3n de la calidad.<\/p>\n<p>&#8211; Profesor Titular en la Universidad Nacional de Rosario, desempe\u00f1\u00e1ndose en el Programa de Formaci\u00f3n de Posgrado en Prospectiva Educativa del Centro de Estudios Interdisciplinarios.<\/p>\n<p>&#8211; \u00a0Autor de m\u00e1s de veinte publicaciones en los \u00faltimos diez a\u00f1os (Argentina, Brasil, Colombia, Espa\u00f1a, M\u00e9xico y Portugal). Coautor de la Norma IRAM30000 Gu\u00eda para la interpretaci\u00f3n de la ISO9001 en Educaci\u00f3n.<\/p>\n<p><a href=\"https:\/\/www.boletinoficial.gob.ar\/detalleAviso\/primera\/297258\/20231030\" target=\"_blank\" rel=\"noopener\">Designaci\u00f3n: Decreto 561\/2023<\/a><\/p>\n<p><\/div>\n                <\/div>\n            <\/div><\/p>\n<p><strong><div class=\"panel panel-default\">\n                <div class=\"panel-heading\" role=\"tab\" id=\"headingOne\">\n                    <h4 class=\"panel-title\">\n                        <a data-toggle=\"collapse\" data-parent=\"#accordion-0\" href=\"#acc-6\" aria-expanded=\"true\" aria-controls=\"collapseOne\">\n                            <i class=\"fa fa-arrow-down\"><\/i> <\/strong><strong>Anabella Lucardi<\/strong><strong>\n                        <\/a>\n                    <\/h4>\n                <\/div>\n                <div id=\"acc-6\" class=\"panel-collapse collapse \" role=\"tabpanel\" aria-labelledby=\"headingOne\">\n                    <div class=\"panel-body\"><\/strong><\/p>\n<p><a href=\"https:\/\/www.coneau.gob.ar\/coneau\/wp-content\/uploads\/2023\/12\/Lucardi.jpg\"><img decoding=\"async\" loading=\"lazy\" class=\"alignnone size-medium wp-image-10725\" src=\"https:\/\/www.coneau.gob.ar\/coneau\/wp-content\/uploads\/2023\/12\/Lucardi-199x300.jpg\" alt=\"\" width=\"199\" height=\"300\" srcset=\"https:\/\/www.coneau.gob.ar\/coneau\/wp-content\/uploads\/2023\/12\/Lucardi-199x300.jpg 199w, https:\/\/www.coneau.gob.ar\/coneau\/wp-content\/uploads\/2023\/12\/Lucardi-680x1024.jpg 680w, https:\/\/www.coneau.gob.ar\/coneau\/wp-content\/uploads\/2023\/12\/Lucardi-768x1157.jpg 768w, https:\/\/www.coneau.gob.ar\/coneau\/wp-content\/uploads\/2023\/12\/Lucardi-1020x1536.jpg 1020w, https:\/\/www.coneau.gob.ar\/coneau\/wp-content\/uploads\/2023\/12\/Lucardi.jpg 1328w\" sizes=\"(max-width: 199px) 100vw, 199px\" \/><\/a><\/p>\n<p>&#8211; Abogada graduada con Diploma de Honor en la Universidad de Buenos Aires.<\/p>\n<p>&#8211; Mag\u00edster en Administraci\u00f3n y Pol\u00edticas P\u00fablicas por la Universidad de San Andr\u00e9s, y doctoranda en Ciencias Sociales por la UBA.<\/p>\n<p>&#8211; Decana del Departamento de Ciencias Sociales de la Universidad Nacional de Avellaneda. Fue tambi\u00e9n Directora de la Carrera de Abogac\u00eda de la misma instituci\u00f3n.<\/p>\n<p>&#8211; Profesora titular regular por concurso de la Universidad Nacional de Avellaneda y profesora interina de la Facultad de Ciencias Sociales de la UBA.<\/p>\n<p>&#8211; Fue Directora Nacional de Desarrollo Universitario y Voluntariado de la Secretar\u00eda de Pol\u00edticas Universitarias de la Naci\u00f3n (2011-2015).<\/p>\n<p>&#8211; Es investigadora de la UNDAV, la UBA y la Universidad Nacional de General Sarmiento, autora de libros y publicaciones sobre educaci\u00f3n superior, universidad y pol\u00edticas p\u00fablicas.<\/p>\n<p><a href=\"https:\/\/www.boletinoficial.gob.ar\/detalleAviso\/primera\/300003\/20231206\" target=\"_blank\" rel=\"noopener\">Designaci\u00f3n: Decreto 690\/2023<\/a><\/p>\n<p><\/div>\n                <\/div>\n            <\/div><\/p>\n<p><strong><div class=\"panel panel-default\">\n                <div class=\"panel-heading\" role=\"tab\" id=\"headingOne\">\n                    <h4 class=\"panel-title\">\n                        <a data-toggle=\"collapse\" data-parent=\"#accordion-0\" href=\"#acc-7\" aria-expanded=\"true\" aria-controls=\"collapseOne\">\n                            <i class=\"fa fa-arrow-down\"><\/i> <\/strong><strong>M\u00f3nica Marquina<\/strong><strong>\n                        <\/a>\n                    <\/h4>\n                <\/div>\n                <div id=\"acc-7\" class=\"panel-collapse collapse \" role=\"tabpanel\" aria-labelledby=\"headingOne\">\n                    <div class=\"panel-body\"><\/strong><\/p>\n<p><a href=\"https:\/\/www.coneau.gob.ar\/coneau\/wp-content\/uploads\/2015\/06\/Marquina.jpg\"><img decoding=\"async\" loading=\"lazy\" class=\"alignnone  wp-image-4906\" src=\"https:\/\/www.coneau.gob.ar\/coneau\/wp-content\/uploads\/2015\/06\/Marquina.jpg\" alt=\"\" width=\"179\" height=\"270\" srcset=\"https:\/\/www.coneau.gob.ar\/coneau\/wp-content\/uploads\/2015\/06\/Marquina.jpg 1328w, https:\/\/www.coneau.gob.ar\/coneau\/wp-content\/uploads\/2015\/06\/Marquina-199x300.jpg 199w, https:\/\/www.coneau.gob.ar\/coneau\/wp-content\/uploads\/2015\/06\/Marquina-680x1024.jpg 680w\" sizes=\"(max-width: 179px) 100vw, 179px\" \/><\/a><\/p>\n<p>&#8211; Licenciada en Ciencias de la Educaci\u00f3n por la Universidad de Buenos Aires.<\/p>\n<p>&#8211; M.A. in HIgher Education Administration, Boston College (EEUU).<\/p>\n<p>&#8211; Doctora en Educaci\u00f3n Superior por la Universidad de Palermo.<\/p>\n<p>&#8211;\u00a0 Fue Directora de la Especializaci\u00f3n en Pol\u00edtica y Gesti\u00f3n Universitaria (2012-2018) y Profesora Adjunta regular (2005-2018) de la Universidad Nacional de General Sarmiento.<\/p>\n<p>&#8211; Fue Directora Ejecutiva del Programa de Calidad Universitaria de la Secretar\u00eda de Pol\u00edticas Universitarias del Ministerio de Educaci\u00f3n, Cultura, Ciencia y Tecnolog\u00eda de la Naci\u00f3n (2016-2018).<\/p>\n<p>&#8211; Profesora Adjunta de la Universidad de Buenos Aires, Educaci\u00f3n Comparada y Pol\u00edtica Educacional.<\/p>\n<p>&#8211; Investigadora de carrera, categor\u00eda independiente del CONICET y docente investigadora categorizada (Categor\u00eda I).<\/p>\n<p><a href=\"https:\/\/www.boletinoficial.gob.ar\/detalleAviso\/primera\/286356\/20230515\" target=\"_blank\" rel=\"noopener\">Designaci\u00f3n: Decreto 270\/2023<\/a><\/p>\n<p><\/div>\n                <\/div>\n            <\/div><\/p>\n<p style=\"text-align: justify;\"><strong><div class=\"panel panel-default\">\n                <div class=\"panel-heading\" role=\"tab\" id=\"headingOne\">\n                    <h4 class=\"panel-title\">\n                        <a data-toggle=\"collapse\" data-parent=\"#accordion-0\" href=\"#acc-8\" aria-expanded=\"true\" aria-controls=\"collapseOne\">\n                            <i class=\"fa fa-arrow-down\"><\/i> <\/strong><strong>N\u00e9stor Pan\n                        <\/a>\n                    <\/h4>\n                <\/div>\n                <div id=\"acc-8\" class=\"panel-collapse collapse \" role=\"tabpanel\" aria-labelledby=\"headingOne\">\n                    <div class=\"panel-body\"><\/strong><\/p>\n<p><a href=\"https:\/\/www.coneau.gob.ar\/wp-content\/uploads\/2015\/06\/Pan21.jpg\"><img decoding=\"async\" loading=\"lazy\" class=\"alignnone wp-image-3109 size-medium\" src=\"https:\/\/www.coneau.gob.ar\/wp-content\/uploads\/2015\/06\/Pan21-199x300.jpg\" alt=\"C.O.N.E.A.U.\" width=\"199\" height=\"300\" srcset=\"https:\/\/www.coneau.gob.ar\/coneau\/wp-content\/uploads\/2015\/06\/Pan21-199x300.jpg 199w, https:\/\/www.coneau.gob.ar\/coneau\/wp-content\/uploads\/2015\/06\/Pan21-680x1024.jpg 680w, https:\/\/www.coneau.gob.ar\/coneau\/wp-content\/uploads\/2015\/06\/Pan21.jpg 1848w\" sizes=\"(max-width: 199px) 100vw, 199px\" \/><\/a><\/p>\n<p style=\"text-align: justify;\">&#8211; Secretario General CONEAU (2005 &#8211; 2008).<\/p>\n<p style=\"text-align: justify;\">&#8211; Presidente electo (anualmente) desde 2008 a 2024.<\/p>\n<p>&#8211; Presidente SIACES (Sistema Iberoamericano de Aseguramiento de la Calidad de la Educaci\u00f3n Superior) (2018 &#8211; 2024).<\/p>\n<p style=\"text-align: justify;\">&#8211; Licenciado en Comunicaci\u00f3n Social por la Universidad Nacional de Lomas de Zamora.<\/p>\n<p style=\"text-align: justify;\">&#8211; \u00a0Master in Business Administration de la Universidad de Baltimore.<\/p>\n<p style=\"text-align: justify;\">&#8211; Fue Decano de la Facultad de Ciencias Sociales de la Universidad Nacional de Lomas de Zamora (1998 &#8211; 2005).<\/p>\n<p style=\"text-align: justify;\">&#8211; Dirigi\u00f3 la Maestr\u00eda en Comunicaci\u00f3n de la Universidad Nacional de Lomas de Zamora.<\/p>\n<p style=\"text-align: justify;\">&#8211; Profesor Titular de la c\u00e1tedra Opini\u00f3n P\u00fablica de la Facultad de Ciencias Sociales de la Universidad Nacional de Lomas de Zamora.<\/p>\n<p><a href=\"https:\/\/www.coneau.gob.ar\/coneau\/transparencia-coneau\/\" target=\"_blank\" rel=\"noopener\">Designaci\u00f3n: Decreto 560\/2023<\/a><\/p>\n<p><\/div>\n                <\/div>\n            <\/div><\/p>\n<p><strong><div class=\"panel panel-default\">\n                <div class=\"panel-heading\" role=\"tab\" id=\"headingOne\">\n                    <h4 class=\"panel-title\">\n                        <a data-toggle=\"collapse\" data-parent=\"#accordion-0\" href=\"#acc-9\" aria-expanded=\"true\" aria-controls=\"collapseOne\">\n                            <i class=\"fa fa-arrow-down\"><\/i> <\/strong><strong>Francisco Jos\u00e9 Pi\u00f1\u00f3n<\/strong><strong>\n                        <\/a>\n                    <\/h4>\n                <\/div>\n                <div id=\"acc-9\" class=\"panel-collapse collapse \" role=\"tabpanel\" aria-labelledby=\"headingOne\">\n                    <div class=\"panel-body\"><\/strong><\/p>\n<p><a href=\"https:\/\/www.coneau.gob.ar\/wp-content\/uploads\/2015\/06\/Pi\u00f1on.jpg\"><img decoding=\"async\" loading=\"lazy\" class=\"alignnone wp-image-2684 size-medium\" src=\"https:\/\/www.coneau.gob.ar\/wp-content\/uploads\/2015\/06\/Pi\u00f1on-199x300.jpg\" alt=\"Pi\u00f1on\" width=\"199\" height=\"300\" srcset=\"https:\/\/www.coneau.gob.ar\/coneau\/wp-content\/uploads\/2015\/06\/Pi\u00f1on-199x300.jpg 199w, https:\/\/www.coneau.gob.ar\/coneau\/wp-content\/uploads\/2015\/06\/Pi\u00f1on.jpg 600w\" sizes=\"(max-width: 199px) 100vw, 199px\" \/><\/a><\/p>\n<p>&#8211; Licenciado y Profesor en Sociolog\u00eda, por la Universidad de Buenos Aires.<\/p>\n<p>&#8211; Ha sido Rector de la Universidad de Congreso (2009 a 2016).<\/p>\n<p>&#8211; Secretario General de la Organizaci\u00f3n de Estados Iberoamericanos\u00a0 para la Educaci\u00f3n, la Ciencia y la Cultura (OEI) (1999 a 2006).<\/p>\n<p>&#8211; Director Nacional de Cooperaci\u00f3n Internacional del Ministerio de Cultura y Educaci\u00f3n argentino (1990 a 1998).<\/p>\n<p>&#8211; Rector de la Universidad del Salvador\u00a0 (1975 a 1980).<\/p>\n<p>&#8211; Actualmente es Director del Programa de Pol\u00edticas Culturales de la Universidad Nacional de Tres de Febrero; Director de la C\u00e1tedra Pablo Latap\u00ed para la alfabetizaci\u00f3n y educaci\u00f3n b\u00e1sica de j\u00f3venes y adultos de la Universidad Nacional de San Mart\u00edn; y Miembro del Consejo Consultivo Internacional de la Universidad Nacional Aut\u00f3noma de Nuevo Le\u00f3n (Monterrey, M\u00e9xico). Autor de publicaciones en temas de educaci\u00f3n, cultura e integraci\u00f3n regional.<\/p>\n<p><a href=\"https:\/\/www.boletinoficial.gob.ar\/detalleAviso\/primera\/312708\/20240823#:~:text=Decreto%20748%2F2024,-DECTO%2D2024%2D748&amp;text=Que%20por%20el%20Decreto%20N,de%20CUATRO%20(4)%20a%C3%B1os.\" target=\"_blank\" rel=\"noopener\">Designaci\u00f3n: Decreto 748\/2024<\/a><\/p>\n<p><\/div>\n                <\/div>\n            <\/div><\/p>\n<p>Para desarrollar las funciones de evaluaci\u00f3n y acreditaci\u00f3n que la <a href=\"http:\/\/servicios.infoleg.gob.ar\/infolegInternet\/anexos\/25000-29999\/25394\/norma.htm\" target=\"_blank\" rel=\"noopener noreferrer\">Ley de Educaci\u00f3n Superior N\u00ba 24.521<\/a> le asigna, la Comisi\u00f3n se organiza en subcomisiones, las cuales programan y supervisan las tareas de su equipo t\u00e9cnico permanente y elevan propuestas para las sesiones plenarias.<\/p>\n\n\n<figure class=\"wp-block-image\"><img alt=\"\"\/><\/figure>\n\n\n\n<figure class=\"wp-block-image\"><img alt=\"\"\/><\/figure>\n\n\n\n<p><\/p>\n","protected":false},"excerpt":{"rendered":"<p>Los miembros son designados por cuatro a\u00f1os, con renovaci\u00f3n parcial cada dos. Su Presidencia, Vicepresidencia y Secretar\u00eda General son ejercidas por tres de sus miembros elegidos entre ellos durante un a\u00f1o. Quincenalmente, la Comisi\u00f3n se re\u00fane en sesi\u00f3n plenaria. Para desarrollar las funciones de evaluaci\u00f3n y acreditaci\u00f3n que la Ley de Educaci\u00f3n Superior N\u00ba 24.521 &hellip; <a href=\"https:\/\/www.coneau.gob.ar\/coneau\/la-coneau\/estructura\/miembros\/\" class=\"more-link\">Seguir leyendo <span class=\"screen-reader-text\">Miembros<\/span> <span class=\"meta-nav\">&rarr;<\/span><\/a><\/p>\n","protected":false},"author":2,"featured_media":1193,"parent":128,"menu_order":0,"comment_status":"closed","ping_status":"closed","template":"template-coneau-estructura.php","meta":[],"acf":[],"_links":{"self":[{"href":"https:\/\/www.coneau.gob.ar\/coneau\/wp-json\/wp\/v2\/pages\/171"}],"collection":[{"href":"https:\/\/www.coneau.gob.ar\/coneau\/wp-json\/wp\/v2\/pages"}],"about":[{"href":"https:\/\/www.coneau.gob.ar\/coneau\/wp-json\/wp\/v2\/types\/page"}],"author":[{"embeddable":true,"href":"https:\/\/www.coneau.gob.ar\/coneau\/wp-json\/wp\/v2\/users\/2"}],"replies":[{"embeddable":true,"href":"https:\/\/www.coneau.gob.ar\/coneau\/wp-json\/wp\/v2\/comments?post=171"}],"version-history":[{"count":178,"href":"https:\/\/www.coneau.gob.ar\/coneau\/wp-json\/wp\/v2\/pages\/171\/revisions"}],"predecessor-version":[{"id":14473,"href":"https:\/\/www.coneau.gob.ar\/coneau\/wp-json\/wp\/v2\/pages\/171\/revisions\/14473"}],"up":[{"embeddable":true,"href":"https:\/\/www.coneau.gob.ar\/coneau\/wp-json\/wp\/v2\/pages\/128"}],"wp:featuredmedia":[{"embeddable":true,"href":"https:\/\/www.coneau.gob.ar\/coneau\/wp-json\/wp\/v2\/media\/1193"}],"wp:attachment":[{"href":"https:\/\/www.coneau.gob.ar\/coneau\/wp-json\/wp\/v2\/media?parent=171"}],"curies":[{"name":"wp","href":"https:\/\/api.w.org\/{rel}","templated":true}]}}