{"id":1558,"date":"2021-04-15T09:13:00","date_gmt":"2021-04-15T12:13:00","guid":{"rendered":"http:\/\/www.coneau.gov.ar\/CONEAU\/?page_id=1558"},"modified":"2024-07-04T12:52:07","modified_gmt":"2024-07-04T15:52:07","slug":"ciencias-humanas","status":"publish","type":"page","link":"https:\/\/www.coneau.gob.ar\/coneau\/ciencias-humanas\/","title":{"rendered":"Ciencias Humanas"},"content":{"rendered":"<p>\u00a0<\/p>\n<p><span style=\"color: #3366ff;\"><strong>\u2666 <\/strong><a href=\"https:\/\/www.coneau.gob.ar\/archivos\/resoluciones\/Res813-15.pdf\"><strong>RESOLUCI\u00d3N 813\/15<\/strong><\/a><\/span><\/p>\n<p><span style=\"color: #000000;\">La segunda etapa de la sexta convocatoria corresponde a las carreras de posgrado de especializaci\u00f3n, maestr\u00eda y doctorado pertenecientes al \u00e1rea de Ciencias Humanas.<\/span><\/p>\n<p><span style=\"color: #000000;\">\u2666\u00a0<strong>Formalizaci\u00f3n:\u00a0<\/strong>hasta el\u00a0<strong>11 de junio de 2021<\/strong>\u00a0a trav\u00e9s de<\/span><span style=\"color: #3366ff;\">\u00a0<a style=\"color: #3366ff;\" href=\"https:\/\/global.coneau.gob.ar\/coneauglobal\/\">CONEAU Global<\/a><\/span><\/p>\n<p><span style=\"color: #000000;\">\u2666\u00a0<strong>Taller Preparatorio:\u00a0<\/strong><strong>11 de junio de 2021<\/strong><\/span><\/p>\n<p><span style=\"color: #000000;\"><strong>\u2666<\/strong><strong>\u00a0<\/strong><strong>Presentaci<\/strong><strong>\u00f3<\/strong><strong>n<\/strong><strong>\u00a0<\/strong><strong>de solicitud de acreditaci<\/strong><strong>\u00f3<\/strong><strong>n y autoevaluaci<\/strong><strong>\u00f3<\/strong><strong>n:<\/strong><\/span><\/p>\n<p><span style=\"color: #000000;\">La presentaci\u00f3n de las carreras \u00a0deber\u00e1 realizarse a\u00a0trav\u00e9s de<\/span>\u00a0<span style=\"color: #008080;\"><a style=\"color: #008080;\" href=\"https:\/\/global.coneau.gob.ar\/coneauglobal\/\"><span style=\"color: #3366ff;\">CONEAU Global<\/span><\/a><\/span><a href=\"https:\/\/172.16.0.3\/coneauglobal\/\">\u00a0<\/a><span style=\"color: #000000;\">de acuerdo con el siguiente cronograma.<\/span><\/p>\n<p><span style=\"color: #000000;\">&#8211; Presentaci\u00f3n de las solicitudes de acreditaci\u00f3n y autoevaluaciones de las carreras pertenecientes a los <strong>CPRES Centro, Noreste, Noroeste, Nuevo Cuyo y Sur: hasta el 3 de diciembre de 2021.<\/strong>\u00a0<\/span><\/p>\n<p><span style=\"color: #000000;\">&#8211; Presentaci\u00f3n de las solicitudes de acreditaci\u00f3n de las autoevaluaciones de las carreras pertenecientes a los <strong>CPRES Metropolitano y\u00a0 Bonaerense: hasta el 27 de mayo de 2022<\/strong>.<\/span><\/p>\n<p><span style=\"color: #3366ff;\">\u2666 <a style=\"color: #3366ff;\" href=\"http:\/\/www.coneau.gob.ar\/archivos\/form09posg\/CsHumanas_NOTATECNICA.pdf\"><strong>Nota T\u00e9cnica\u00a0(Presentaci\u00f3n de la solicitud de acreditaci\u00f3n)<\/strong><\/a><\/span><\/p>\n<p><span style=\"color: #3366ff;\">\u2666\u00a0<a style=\"color: #3366ff;\" href=\"https:\/\/www.coneau.gob.ar\/coneau\/acreditacion-de-carreras-2\/\"><strong>Implementaci\u00f3n de Tr\u00e1mites a Distancia\u00a0(TAD)<\/strong><\/a><\/span><\/p>\n\n\n<hr class=\"wp-block-separator has-css-opacity\"\/>\n\n\n\n<div style=\"height:20px\" aria-hidden=\"true\" class=\"wp-block-spacer\"><\/div>\n","protected":false},"excerpt":{"rendered":"<p>\u00a0 \u2666 RESOLUCI\u00d3N 813\/15 La segunda etapa de la sexta convocatoria corresponde a las carreras de posgrado de especializaci\u00f3n, maestr\u00eda y doctorado pertenecientes al \u00e1rea de Ciencias Humanas. \u2666\u00a0Formalizaci\u00f3n:\u00a0hasta el\u00a011 de junio de 2021\u00a0a trav\u00e9s de\u00a0CONEAU Global \u2666\u00a0Taller Preparatorio:\u00a011 de junio de 2021 \u2666\u00a0Presentaci\u00f3n\u00a0de solicitud de acreditaci\u00f3n y autoevaluaci\u00f3n: La presentaci\u00f3n de las carreras \u00a0deber\u00e1 &hellip; <a href=\"https:\/\/www.coneau.gob.ar\/coneau\/ciencias-humanas\/\" class=\"more-link\">Seguir leyendo <span class=\"screen-reader-text\">Ciencias Humanas<\/span> <span class=\"meta-nav\">&rarr;<\/span><\/a><\/p>\n","protected":false},"author":2,"featured_media":6624,"parent":0,"menu_order":0,"comment_status":"closed","ping_status":"open","template":"template-carreras-posgrado-carreras-en-funcionamiento-convocatorias.php","meta":[],"acf":[],"_links":{"self":[{"href":"https:\/\/www.coneau.gob.ar\/coneau\/wp-json\/wp\/v2\/pages\/1558"}],"collection":[{"href":"https:\/\/www.coneau.gob.ar\/coneau\/wp-json\/wp\/v2\/pages"}],"about":[{"href":"https:\/\/www.coneau.gob.ar\/coneau\/wp-json\/wp\/v2\/types\/page"}],"author":[{"embeddable":true,"href":"https:\/\/www.coneau.gob.ar\/coneau\/wp-json\/wp\/v2\/users\/2"}],"replies":[{"embeddable":true,"href":"https:\/\/www.coneau.gob.ar\/coneau\/wp-json\/wp\/v2\/comments?post=1558"}],"version-history":[{"count":37,"href":"https:\/\/www.coneau.gob.ar\/coneau\/wp-json\/wp\/v2\/pages\/1558\/revisions"}],"predecessor-version":[{"id":11400,"href":"https:\/\/www.coneau.gob.ar\/coneau\/wp-json\/wp\/v2\/pages\/1558\/revisions\/11400"}],"wp:featuredmedia":[{"embeddable":true,"href":"https:\/\/www.coneau.gob.ar\/coneau\/wp-json\/wp\/v2\/media\/6624"}],"wp:attachment":[{"href":"https:\/\/www.coneau.gob.ar\/coneau\/wp-json\/wp\/v2\/media?parent=1558"}],"curies":[{"name":"wp","href":"https:\/\/api.w.org\/{rel}","templated":true}]}}