{"id":13,"date":"2015-05-26T17:19:23","date_gmt":"2015-05-26T17:19:23","guid":{"rendered":"http:\/\/hakuna.com.ar\/projects\/coneau\/wordpress\/?page_id=13"},"modified":"2024-10-29T16:31:33","modified_gmt":"2024-10-29T19:31:33","slug":"contacto","status":"publish","type":"page","link":"https:\/\/www.coneau.gob.ar\/coneau\/contacto\/","title":{"rendered":"Contacto"},"content":{"rendered":"<div id=\"pl-13\"  class=\"panel-layout\" ><div id=\"pg-13-0\"  class=\"panel-grid panel-no-style\" ><div id=\"pgc-13-0-0\"  class=\"panel-grid-cell\" ><div id=\"panel-13-0-0-0\" class=\"so-panel widget widget_text panel-first-child panel-last-child\" data-index=\"0\" >\t\t\t<div class=\"textwidget\"><div dir=\"auto\"><\/div>\n<div dir=\"auto\">\n<ul>\n<li><strong>Presidencia:<\/strong>\u00a0<a href=\"mailto:presidencia@coneau.gob.ar\">presidencia@coneau.gob.ar<\/a><\/li>\n<li><strong>RRHH:\u00a0<\/strong><a href=\"mailto:recursoshumanospmp@coneau.gob.ar\">recursoshumanospmp@coneau.gob.ar<\/a><\/li>\n<li><strong>Administraci\u00f3n:<\/strong>\u00a0<a href=\"mailto:direccionadministracion@coneau.gob.ar\">direccionadministracion@coneau.gob.ar<\/a><\/li>\n<li><strong>Evaluaci\u00f3n:\u00a0<\/strong><a href=\"mailto:evalproy@coneau.gob.ar\">evalproy@coneau.gob.ar<\/a><\/li>\n<li><strong>Grado:\u00a0<\/strong><a href=\"mailto:acreditaciongrado@coneau.gob.ar\">acreditaciongrado@coneau.gob.ar<\/a><\/li>\n<li><strong>Posgrado:<\/strong>\u00a0<a href=\"mailto:acreditacionposgrado@coneau.gob.ar\">acreditacionposgrado@coneau.gob.ar<\/a><\/li>\n<li><strong>Sistemas:<\/strong>\u00a0<a href=\"mailto:global@coneau.gob.ar\">global@coneau.gob.ar<\/a><\/li>\n<li><strong>Desarrollo:\u00a0<\/strong><a href=\"mailto:desarrollo@coneau.gob.ar\" target=\"_blank\" rel=\"noopener noreferrer\">desarrollo@coneau.gob.ar<\/a><\/li>\n<li><strong>Escuela de Formaci\u00f3n CONEAU:<\/strong>\u00a0<a href=\"mailto:escueladeformacion@coneau.gob.ar\">escueladeformacion@coneau.gob.ar<\/a><\/li>\n<\/ul>\n<p>&nbsp;<\/p>\n<ul>\n<li><strong>Mesa de Ayuda:<\/strong><\/li>\n<li><strong>Consultas generales:<\/strong>\u00a0<a href=\"mailto:consulta@coneau.gob.ar\">consulta@coneau.gob.ar<\/a><\/li>\n<li><strong>Consultas sobre CONEAU Global:<\/strong> global@coneau.gob.ar<\/li>\n<\/ul>\n<\/div>\n<p>&nbsp;<\/p>\n<ul>\n<li><strong>Direcci\u00f3n:<\/strong> Paraguay 1255 (C1057 AAR) | Ciudad Aut\u00f3noma de Buenos Aires | Rep\u00fablica Argentina<\/li>\n<li><strong>Tel\u00e9fono:<\/strong> (54-11) 4819-9050 | Fax: (54-11) 4813-1643.<\/li>\n<\/ul>\n<\/div>\n\t\t<\/div><\/div><\/div><\/div>","protected":false},"excerpt":{"rendered":"<p>Presidencia:\u00a0presidencia@coneau.gob.ar RRHH:\u00a0recursoshumanospmp@coneau.gob.ar Administraci\u00f3n:\u00a0direccionadministracion@coneau.gob.ar Evaluaci\u00f3n:\u00a0evalproy@coneau.gob.ar Grado:\u00a0acreditaciongrado@coneau.gob.ar Posgrado:\u00a0acreditacionposgrado@coneau.gob.ar Sistemas:\u00a0global@coneau.gob.ar Desarrollo:\u00a0desarrollo@coneau.gob.ar Escuela de Formaci\u00f3n CONEAU:\u00a0escueladeformacion@coneau.gob.ar &nbsp; Mesa de Ayuda: Consultas generales:\u00a0consulta@coneau.gob.ar Consultas sobre CONEAU Global: global@coneau.gob.ar &nbsp; Direcci\u00f3n: Paraguay 1255 (C1057 AAR) | Ciudad Aut\u00f3noma de Buenos Aires | Rep\u00fablica Argentina Tel\u00e9fono: (54-11) 4819-9050 | Fax: (54-11) 4813-1643.<\/p>\n","protected":false},"author":2,"featured_media":1199,"parent":0,"menu_order":8,"comment_status":"open","ping_status":"closed","template":"","meta":[],"acf":[],"_links":{"self":[{"href":"https:\/\/www.coneau.gob.ar\/coneau\/wp-json\/wp\/v2\/pages\/13"}],"collection":[{"href":"https:\/\/www.coneau.gob.ar\/coneau\/wp-json\/wp\/v2\/pages"}],"about":[{"href":"https:\/\/www.coneau.gob.ar\/coneau\/wp-json\/wp\/v2\/types\/page"}],"author":[{"embeddable":true,"href":"https:\/\/www.coneau.gob.ar\/coneau\/wp-json\/wp\/v2\/users\/2"}],"replies":[{"embeddable":true,"href":"https:\/\/www.coneau.gob.ar\/coneau\/wp-json\/wp\/v2\/comments?post=13"}],"version-history":[{"count":31,"href":"https:\/\/www.coneau.gob.ar\/coneau\/wp-json\/wp\/v2\/pages\/13\/revisions"}],"predecessor-version":[{"id":11944,"href":"https:\/\/www.coneau.gob.ar\/coneau\/wp-json\/wp\/v2\/pages\/13\/revisions\/11944"}],"wp:featuredmedia":[{"embeddable":true,"href":"https:\/\/www.coneau.gob.ar\/coneau\/wp-json\/wp\/v2\/media\/1199"}],"wp:attachment":[{"href":"https:\/\/www.coneau.gob.ar\/coneau\/wp-json\/wp\/v2\/media?parent=13"}],"curies":[{"name":"wp","href":"https:\/\/api.w.org\/{rel}","templated":true}]}}