{"id":12852,"date":"2025-08-26T18:01:32","date_gmt":"2025-08-26T21:01:32","guid":{"rendered":"https:\/\/www.coneau.gob.ar\/coneau\/?page_id=12852"},"modified":"2025-09-05T17:13:15","modified_gmt":"2025-09-05T20:13:15","slug":"nutricion","status":"publish","type":"page","link":"https:\/\/www.coneau.gob.ar\/coneau\/nutricion\/","title":{"rendered":"Nutrici\u00f3n"},"content":{"rendered":"<p><strong>Resoluci\u00f3n de est\u00e1ndares para las carreras de Nutrici\u00f3n:<\/strong> <a href=\"https:\/\/www.coneau.gob.ar\/archivos\/resoluciones\/ResEstandaresAcreditacion-NUTRICION.pdf\">RESOL-2023-2619-APN-ME<\/a> y <a href=\"https:\/\/www.coneau.gob.ar\/archivos\/resoluciones\/anexo_7013786_1-Nutricion.pdf\">Anexo 1<\/a> | <a href=\"https:\/\/www.coneau.gob.ar\/archivos\/resoluciones\/anexo_7013786_2-Nutricion.pdf\">Anexo 2<\/a> | <a href=\"https:\/\/www.coneau.gob.ar\/archivos\/resoluciones\/anexo_7013786_3-Nutricion.pdf\">Anexo 3<\/a> | <a href=\"https:\/\/www.coneau.gob.ar\/archivos\/resoluciones\/anexo_7013786_4-Nutricion.pdf\">Anexo 4<\/a> | <a href=\"https:\/\/www.coneau.gob.ar\/archivos\/resoluciones\/anexo_7013786_5-Nutricion.pdf\">Anexo 5<\/a><\/p>\n<h3>Convocatoria 2025<\/h3>\n<p><strong>Resoluci\u00f3n de convocatoria:<\/strong> <a href=\"https:\/\/www.coneau.gob.ar\/archivos\/resoluciones\/RS-2025-87942054-APN-CONEAU-MCH-NUTRICION.pdf\">RESFC-2025-261-APN-CONEAU#MCH<\/a><\/p>\n<p>\u2666 <strong>Formalizaci\u00f3n<\/strong>: hasta el 30 de marzo de 2026 a trav\u00e9s de <a href=\"https:\/\/global.coneau.gob.ar\/coneauglobal\/\">CONEAU Global.<\/a><\/p>\n<p>\u2666 <strong>Presentaci\u00f3n:<\/strong> hasta el 30 de diciembre de 2027 a trav\u00e9s de <a href=\"https:\/\/global.coneau.gob.ar\/coneauglobal\/\">CONEAU Global.<\/a><\/p>\n<p>\u2666 <strong><a href=\"https:\/\/www.coneau.gob.ar\/archivos\/ordenanzas\/Orde75.pdf\">Ordenanza CONEAU N\u00ba75<\/a><\/strong><\/p>\n<p>\u2666 <strong><a href=\"https:\/\/www.coneau.gob.ar\/coneau\/wp-content\/uploads\/2020\/08\/IF-2020-50493513-APN-CONEAUME-Ordenanza-N%C2%B0-070.pdf\">Ordenanza CONEAU N\u00b0 70<\/a><\/strong> | <a href=\"https:\/\/www.coneau.gob.ar\/archivos\/ordenanzas\/Orde070.pdf\">RESFC-2020-241-APN-CONEAU#ME<\/a><\/p>\n<p>\u2666 <a href=\"https:\/\/www.coneau.gob.ar\/coneau\/sistema-institucional-de-educacion-a-distancia-sied\/\">Ver evaluaci\u00f3n de SIED<\/a><\/p>\n<p>\u2666<a href=\"https:\/\/www.coneau.gob.ar\/ayuda\/\">Consultar Tutoriales sobre CONEAU GLOBAL<\/a>.<\/p>\n<p><em>Mesa de ayuda<\/em><\/p>\n<p>\u00c1rea de Sistemas<\/p>\n<p><a href=\"mailto:global@coneau.gob.ar\">global@coneau.gob.ar<\/a> (Consultas T\u00e9cnicas sobre CONEAU Global)<\/p>\n<p>\u00c1rea de Grado<\/p>\n<p><a href=\"mailto:acreditaciongrado@coneau.gob.ar\">acreditaciongrado@coneau.gob.ar<\/a> (Consultas administrativas y de contenido)<\/p>\n","protected":false},"excerpt":{"rendered":"<p>Resoluci\u00f3n de est\u00e1ndares para las carreras de Nutrici\u00f3n: RESOL-2023-2619-APN-ME y Anexo 1 | Anexo 2 | Anexo 3 | Anexo 4 | Anexo 5 Convocatoria 2025 Resoluci\u00f3n de convocatoria: RESFC-2025-261-APN-CONEAU#MCH \u2666 Formalizaci\u00f3n: hasta el 30 de marzo de 2026 a trav\u00e9s de CONEAU Global. \u2666 Presentaci\u00f3n: hasta el 30 de diciembre de 2027 a trav\u00e9s &hellip; <a href=\"https:\/\/www.coneau.gob.ar\/coneau\/nutricion\/\" class=\"more-link\">Seguir leyendo <span class=\"screen-reader-text\">Nutrici\u00f3n<\/span> <span class=\"meta-nav\">&rarr;<\/span><\/a><\/p>\n","protected":false},"author":2,"featured_media":0,"parent":0,"menu_order":0,"comment_status":"closed","ping_status":"closed","template":"22-03-2016template-carreras-grado-convocatorias.php","meta":[],"acf":[],"_links":{"self":[{"href":"https:\/\/www.coneau.gob.ar\/coneau\/wp-json\/wp\/v2\/pages\/12852"}],"collection":[{"href":"https:\/\/www.coneau.gob.ar\/coneau\/wp-json\/wp\/v2\/pages"}],"about":[{"href":"https:\/\/www.coneau.gob.ar\/coneau\/wp-json\/wp\/v2\/types\/page"}],"author":[{"embeddable":true,"href":"https:\/\/www.coneau.gob.ar\/coneau\/wp-json\/wp\/v2\/users\/2"}],"replies":[{"embeddable":true,"href":"https:\/\/www.coneau.gob.ar\/coneau\/wp-json\/wp\/v2\/comments?post=12852"}],"version-history":[{"count":7,"href":"https:\/\/www.coneau.gob.ar\/coneau\/wp-json\/wp\/v2\/pages\/12852\/revisions"}],"predecessor-version":[{"id":12983,"href":"https:\/\/www.coneau.gob.ar\/coneau\/wp-json\/wp\/v2\/pages\/12852\/revisions\/12983"}],"wp:attachment":[{"href":"https:\/\/www.coneau.gob.ar\/coneau\/wp-json\/wp\/v2\/media?parent=12852"}],"curies":[{"name":"wp","href":"https:\/\/api.w.org\/{rel}","templated":true}]}}