{"id":12851,"date":"2025-08-26T17:47:05","date_gmt":"2025-08-26T20:47:05","guid":{"rendered":"https:\/\/www.coneau.gob.ar\/coneau\/?page_id=12851"},"modified":"2025-09-08T00:01:20","modified_gmt":"2025-09-08T03:01:20","slug":"bromatologia","status":"publish","type":"page","link":"https:\/\/www.coneau.gob.ar\/coneau\/acreditacion-de-carreras\/carreras-de-grado\/convocatorias\/carreras\/bromatologia\/","title":{"rendered":"Bromatolog\u00eda"},"content":{"rendered":"<h3><\/h3>\n<p>Resoluci\u00f3n de est\u00e1ndares para las carreras de Bromatolog\u00eda: <a href=\"https:\/\/coneau.gob.ar\/archivos\/resoluciones\/RS-2025-87941925-APN-CONEAU-MC-BROMATOLOGIA.pdf\">RESOL-2023-2618-APN-ME<\/a> | <a href=\"https:\/\/www.coneau.gob.ar\/archivos\/resoluciones\/Anexo2-LIC-BROMATOLOGIA.pdf\">Anexo 2<\/a> | <a href=\"https:\/\/www.coneau.gob.ar\/archivos\/resoluciones\/Anexo3-LIC-BROMATOLOGIA.pdf\">Anexo 3<\/a> | <a href=\"https:\/\/www.coneau.gob.ar\/archivos\/resoluciones\/Anexo4-LIC-BROMATOLOGIA.pdf\">Anexo 4<\/a> | <a href=\"https:\/\/www.coneau.gob.ar\/archivos\/resoluciones\/Anexo5-LIC-BROMATOLOGIA.pdf\">Anexo 5 <\/a><\/p>\n<h3>Convocatoria 2025<\/h3>\n<p>Resoluci\u00f3n de convocatoria: <a href=\"https:\/\/coneau.gob.ar\/archivos\/resoluciones\/RS-2025-87941925-APN-CONEAU-MC-BROMATOLOGIA.pdf\">RESFC-2025-259-APN-CONEAU#MCH<\/a><\/p>\n<p>\u2666 <strong>Formalizaci\u00f3n<\/strong>: hasta el 30 de marzo de 2026 a trav\u00e9s de <a href=\"https:\/\/global.coneau.gob.ar\/coneauglobal\/\">CONEAU Global.<\/a><\/p>\n<p>\u2666 <strong>Presentaci\u00f3n:<\/strong> hasta el 30 de diciembre de 2027 a trav\u00e9s de <a href=\"https:\/\/global.coneau.gob.ar\/coneauglobal\/\">CONEAU Global.<\/a><\/p>\n<p>\u2666 <strong><a href=\"https:\/\/www.coneau.gob.ar\/archivos\/ordenanzas\/Orde75.pdf\">Ordenanza CONEAU N\u00ba75<\/a><\/strong><\/p>\n<p>\u2666 <strong><a href=\"https:\/\/www.coneau.gob.ar\/coneau\/wp-content\/uploads\/2020\/08\/IF-2020-50493513-APN-CONEAUME-Ordenanza-N%C2%B0-070.pdf\">Ordenanza CONEAU N\u00b0 70<\/a><\/strong> | <a href=\"https:\/\/www.coneau.gob.ar\/archivos\/ordenanzas\/Orde070.pdf\">RESFC-2020-241-APN-CONEAU#ME<\/a><\/p>\n<p>\u2666 <a href=\"https:\/\/www.coneau.gob.ar\/coneau\/sistema-institucional-de-educacion-a-distancia-sied\/\">Ver evaluaci\u00f3n de SIED<\/a><\/p>\n<p>\u2666<a href=\"https:\/\/www.coneau.gob.ar\/ayuda\/\">Consultar Tutoriales sobre CONEAU GLOBAL<\/a>.<\/p>\n<p><em>Mesa de ayuda<\/em><\/p>\n<p>\u00c1rea de Sistemas<\/p>\n<p><a href=\"mailto:global@coneau.gob.ar\">global@coneau.gob.ar<\/a> (Consultas T\u00e9cnicas sobre CONEAU Global)<\/p>\n<p>\u00c1rea de Grado<\/p>\n<p><a href=\"mailto:acreditaciongrado@coneau.gob.ar\">acreditaciongrado@coneau.gob.ar<\/a> (Consultas administrativas y de contenido)<\/p>\n","protected":false},"excerpt":{"rendered":"<p>Resoluci\u00f3n de est\u00e1ndares para las carreras de Bromatolog\u00eda: RESOL-2023-2618-APN-ME | Anexo 2 | Anexo 3 | Anexo 4 | Anexo 5 Convocatoria 2025 Resoluci\u00f3n de convocatoria: RESFC-2025-259-APN-CONEAU#MCH \u2666 Formalizaci\u00f3n: hasta el 30 de marzo de 2026 a trav\u00e9s de CONEAU Global. \u2666 Presentaci\u00f3n: hasta el 30 de diciembre de 2027 a trav\u00e9s de CONEAU Global. &hellip; <a href=\"https:\/\/www.coneau.gob.ar\/coneau\/acreditacion-de-carreras\/carreras-de-grado\/convocatorias\/carreras\/bromatologia\/\" class=\"more-link\">Seguir leyendo <span class=\"screen-reader-text\">Bromatolog\u00eda<\/span> <span class=\"meta-nav\">&rarr;<\/span><\/a><\/p>\n","protected":false},"author":2,"featured_media":0,"parent":355,"menu_order":0,"comment_status":"closed","ping_status":"closed","template":"22-03-2016template-carreras-grado-convocatorias.php","meta":[],"acf":[],"_links":{"self":[{"href":"https:\/\/www.coneau.gob.ar\/coneau\/wp-json\/wp\/v2\/pages\/12851"}],"collection":[{"href":"https:\/\/www.coneau.gob.ar\/coneau\/wp-json\/wp\/v2\/pages"}],"about":[{"href":"https:\/\/www.coneau.gob.ar\/coneau\/wp-json\/wp\/v2\/types\/page"}],"author":[{"embeddable":true,"href":"https:\/\/www.coneau.gob.ar\/coneau\/wp-json\/wp\/v2\/users\/2"}],"replies":[{"embeddable":true,"href":"https:\/\/www.coneau.gob.ar\/coneau\/wp-json\/wp\/v2\/comments?post=12851"}],"version-history":[{"count":6,"href":"https:\/\/www.coneau.gob.ar\/coneau\/wp-json\/wp\/v2\/pages\/12851\/revisions"}],"predecessor-version":[{"id":12999,"href":"https:\/\/www.coneau.gob.ar\/coneau\/wp-json\/wp\/v2\/pages\/12851\/revisions\/12999"}],"up":[{"embeddable":true,"href":"https:\/\/www.coneau.gob.ar\/coneau\/wp-json\/wp\/v2\/pages\/355"}],"wp:attachment":[{"href":"https:\/\/www.coneau.gob.ar\/coneau\/wp-json\/wp\/v2\/media?parent=12851"}],"curies":[{"name":"wp","href":"https:\/\/api.w.org\/{rel}","templated":true}]}}