{"id":128,"date":"2015-05-29T14:30:35","date_gmt":"2015-05-29T14:30:35","guid":{"rendered":"http:\/\/hakuna.com.ar\/projects\/coneau\/wordpress\/?page_id=128"},"modified":"2017-08-01T16:54:41","modified_gmt":"2017-08-01T19:54:41","slug":"estructura","status":"publish","type":"page","link":"https:\/\/www.coneau.gob.ar\/coneau\/la-coneau\/estructura\/","title":{"rendered":"Estructura"},"content":{"rendered":"<h3><span style=\"color: #3771b0;\">Miembros<\/span><\/h3>\n<p style=\"text-align: justify;\">La CONEAU est\u00e1 integrada por doce miembros de reconocida jerarqu\u00eda acad\u00e9mica y cient\u00edfica, con experiencia en la gesti\u00f3n universitaria. Ejercen sus funciones a t\u00edtulo personal, con independencia de criterio y sin asumir la representaci\u00f3n de ninguna instituci\u00f3n.<\/p>\n<p style=\"text-align: justify;\">Los miembros de la CONEAU son designados por el Poder Ejecutivo Nacional a propuesta de los siguientes organismos y en la cantidad que en cada caso se indica:<\/p>\n<p style=\"line-height: 14.25pt; background: white; margin: 12pt 0cm 11.25pt 0cm;\"><strong><span style=\"font-size: 9.0pt; font-family: 'Arial','sans-serif'; color: #333333;\">\u2666 Tres por el Consejo Interuniversitario Nacional.<\/span><\/strong><\/p>\n<p style=\"line-height: 14.25pt; background: white; margin: 12pt 0cm 11.25pt 0cm;\"><strong><span style=\"font-size: 9.0pt; font-family: 'Arial','sans-serif'; color: #333333;\">\u2666 Uno por el Consejo de Rectores de Universidades Privadas.<\/span><\/strong><\/p>\n<p style=\"line-height: 14.25pt; background: white; margin: 12pt 0cm 11.25pt 0cm;\"><strong><span style=\"font-size: 9.0pt; font-family: 'Arial','sans-serif'; color: #333333;\">\u2666 Uno por la Academia Nacional de Educaci\u00f3n.<\/span><\/strong><\/p>\n<p style=\"line-height: 14.25pt; background: white; margin: 12pt 0cm 11.25pt 0cm;\"><strong><span style=\"font-size: 9.0pt; font-family: 'Arial','sans-serif'; color: #333333;\">\u2666 Tres por el Senado de la Naci\u00f3n.<\/span><\/strong><\/p>\n<p style=\"line-height: 14.25pt; background: white; margin: 12pt 0cm 11.25pt 0cm;\"><strong><span style=\"font-size: 9.0pt; font-family: 'Arial','sans-serif'; color: #333333;\">\u2666 Tres por la C\u00e1mara de Diputados de la Naci\u00f3n.<\/span><\/strong><\/p>\n<p style=\"line-height: 14.25pt; background: white; margin: 12pt 0cm 11.25pt 0cm;\"><strong><span style=\"font-size: 9.0pt; font-family: 'Arial','sans-serif'; color: #333333;\">\u2666 Uno por el Ministerio de Educaci\u00f3n.<\/span><\/strong><\/p>\n<h3><span style=\"color: #3771b0;\">Equipo t\u00e9cnico<\/span><\/h3>\n<p style=\"text-align: justify;\">El equipo t\u00e9cnico de la CONEAU est\u00e1 compuesto por profesionales universitarios con diversos perfiles disciplinarios que se especializan en la elaboraci\u00f3n de procedimientos y t\u00e9cnicas de evaluaci\u00f3n de instituciones y carreras universitarias.<\/p>\n<p style=\"text-align: justify;\">Actualmente dicho equipo est\u00e1 organizado en las siguientes \u00e1reas:<\/p>\n<p style=\"text-align: justify;\">\u2666 Direcci\u00f3n de Evaluaci\u00f3n Institucional<\/p>\n<p style=\"text-align: justify;\">\u2666 Direcci\u00f3n de Acreditaci\u00f3n de Carreras<\/p>\n<p style=\"text-align: justify;\">\u2666 Direcci\u00f3n de Desarrollo, Planeamiento y Relaciones Internacionales<\/p>\n<p style=\"text-align: justify;\">La organizaci\u00f3n se completa con la Direcci\u00f3n de Administraci\u00f3n, el \u00c1rea de Registro de Expertos y Biblioteca y el \u00c1rea de Sistemas.<\/p>\n","protected":false},"excerpt":{"rendered":"<p>Miembros La CONEAU est\u00e1 integrada por doce miembros de reconocida jerarqu\u00eda acad\u00e9mica y cient\u00edfica, con experiencia en la gesti\u00f3n universitaria. Ejercen sus funciones a t\u00edtulo personal, con independencia de criterio y sin asumir la representaci\u00f3n de ninguna instituci\u00f3n. Los miembros de la CONEAU son designados por el Poder Ejecutivo Nacional a propuesta de los siguientes &hellip; <a href=\"https:\/\/www.coneau.gob.ar\/coneau\/la-coneau\/estructura\/\" class=\"more-link\">Seguir leyendo <span class=\"screen-reader-text\">Estructura<\/span> <span class=\"meta-nav\">&rarr;<\/span><\/a><\/p>\n","protected":false},"author":2,"featured_media":1191,"parent":7,"menu_order":0,"comment_status":"open","ping_status":"closed","template":"template-coneau-estructura.php","meta":[],"acf":[],"_links":{"self":[{"href":"https:\/\/www.coneau.gob.ar\/coneau\/wp-json\/wp\/v2\/pages\/128"}],"collection":[{"href":"https:\/\/www.coneau.gob.ar\/coneau\/wp-json\/wp\/v2\/pages"}],"about":[{"href":"https:\/\/www.coneau.gob.ar\/coneau\/wp-json\/wp\/v2\/types\/page"}],"author":[{"embeddable":true,"href":"https:\/\/www.coneau.gob.ar\/coneau\/wp-json\/wp\/v2\/users\/2"}],"replies":[{"embeddable":true,"href":"https:\/\/www.coneau.gob.ar\/coneau\/wp-json\/wp\/v2\/comments?post=128"}],"version-history":[{"count":7,"href":"https:\/\/www.coneau.gob.ar\/coneau\/wp-json\/wp\/v2\/pages\/128\/revisions"}],"predecessor-version":[{"id":3118,"href":"https:\/\/www.coneau.gob.ar\/coneau\/wp-json\/wp\/v2\/pages\/128\/revisions\/3118"}],"up":[{"embeddable":true,"href":"https:\/\/www.coneau.gob.ar\/coneau\/wp-json\/wp\/v2\/pages\/7"}],"wp:featuredmedia":[{"embeddable":true,"href":"https:\/\/www.coneau.gob.ar\/coneau\/wp-json\/wp\/v2\/media\/1191"}],"wp:attachment":[{"href":"https:\/\/www.coneau.gob.ar\/coneau\/wp-json\/wp\/v2\/media?parent=128"}],"curies":[{"name":"wp","href":"https:\/\/api.w.org\/{rel}","templated":true}]}}