{"id":124,"date":"2015-05-29T14:29:44","date_gmt":"2015-05-29T14:29:44","guid":{"rendered":"http:\/\/hakuna.com.ar\/projects\/coneau\/wordpress\/?page_id=124"},"modified":"2019-09-04T13:34:59","modified_gmt":"2019-09-04T16:34:59","slug":"antecedentes","status":"publish","type":"page","link":"https:\/\/www.coneau.gob.ar\/coneau\/la-coneau\/antecedentes\/","title":{"rendered":"Antecedentes"},"content":{"rendered":"<p style=\"text-align: justify;\">Dentro del \u00e1mbito de la Secretar\u00eda de Pol\u00edticas Universitarias, creada a comienzos de 1993, se iniciaron dos instancias operativas, vigentes a la fecha de la sanci\u00f3n de la <a href=\"http:\/\/servicios.infoleg.gob.ar\/infolegInternet\/anexos\/25000-29999\/25394\/texact.htm\" target=\"_blank\">Ley 24.521 de Educaci\u00f3n Superior<\/a>, de las cuales se hizo cargo la CONEAU desde su constituci\u00f3n.<\/p>\n<blockquote>\n<p style=\"text-align: justify;\">\u2666 A\u00a0partir de 1993 el entonces Ministerio de Educaci\u00f3n y Cultura de la Naci\u00f3n firm\u00f3 16 convenios con universidades nacionales, dos con asociaciones de facultades y uno con una universidad privada para planear e implementar procesos de evaluaci\u00f3n institucional.\u00a0<span style=\"line-height: 1.2631578947;\">Estos acuerdos preve\u00edan el asesoramiento para la realizaci\u00f3n de autoevaluaciones, que quedaron en manos de las mismas instituciones y la asistencia para constituir y coordinar comit\u00e9s de evaluaci\u00f3n externa. Durante 1995 se completaron, dentro de este programa, las evaluaciones de tres universidades nacionales: del Sur, la de la Patagonia Austral y de Cuyo.<\/span><\/p>\n<p style=\"text-align: justify;\"><span style=\"line-height: 1.2631578947;\">La CONEAU tom\u00f3 bajo su responsabilidad la prosecuci\u00f3n de los restantes convenios en lo relativo a las evaluaciones externas.<\/span><\/p>\n<\/blockquote>\n<blockquote>\n<p style=\"text-align: justify;\">\u2666 A\u00a0finales de 1994 el Ministerio cre\u00f3 la Comisi\u00f3n de Acreditaci\u00f3n de Posgrados (CAP). Este organismo realiz\u00f3 durante 1995 una convocatoria a la acreditaci\u00f3n voluntaria de maestr\u00edas y doctorados acad\u00e9micos. M\u00e1s de 300 carreras de posgrado ofrecidas por universidades p\u00fablicas y privadas respondieron a dicha convocatoria. La CAP dictamin\u00f3 sobre su acreditaci\u00f3n, con resultados positivos en aproximadamente dos terceras partes de las solicitudes y clasific\u00f3 los programas acreditados seg\u00fan la calidad en tres categor\u00edas. El Ministerio de Educaci\u00f3n de la Naci\u00f3n transfiri\u00f3 estos procedimientos de acreditaci\u00f3n a la CONEAU, en el estado en que se encontraban en el momento de su constituci\u00f3n, dando por terminadas las funciones de la CAP.<\/p>\n<\/blockquote>\n","protected":false},"excerpt":{"rendered":"<p>Dentro del \u00e1mbito de la Secretar\u00eda de Pol\u00edticas Universitarias, creada a comienzos de 1993, se iniciaron dos instancias operativas, vigentes a la fecha de la sanci\u00f3n de la Ley 24.521 de Educaci\u00f3n Superior, de las cuales se hizo cargo la CONEAU desde su constituci\u00f3n. \u2666 A\u00a0partir de 1993 el entonces Ministerio de Educaci\u00f3n y Cultura &hellip; <a href=\"https:\/\/www.coneau.gob.ar\/coneau\/la-coneau\/antecedentes\/\" class=\"more-link\">Seguir leyendo <span class=\"screen-reader-text\">Antecedentes<\/span> <span class=\"meta-nav\">&rarr;<\/span><\/a><\/p>\n","protected":false},"author":2,"featured_media":1191,"parent":7,"menu_order":0,"comment_status":"open","ping_status":"closed","template":"template-coneau.php","meta":[],"acf":[],"_links":{"self":[{"href":"https:\/\/www.coneau.gob.ar\/coneau\/wp-json\/wp\/v2\/pages\/124"}],"collection":[{"href":"https:\/\/www.coneau.gob.ar\/coneau\/wp-json\/wp\/v2\/pages"}],"about":[{"href":"https:\/\/www.coneau.gob.ar\/coneau\/wp-json\/wp\/v2\/types\/page"}],"author":[{"embeddable":true,"href":"https:\/\/www.coneau.gob.ar\/coneau\/wp-json\/wp\/v2\/users\/2"}],"replies":[{"embeddable":true,"href":"https:\/\/www.coneau.gob.ar\/coneau\/wp-json\/wp\/v2\/comments?post=124"}],"version-history":[{"count":5,"href":"https:\/\/www.coneau.gob.ar\/coneau\/wp-json\/wp\/v2\/pages\/124\/revisions"}],"predecessor-version":[{"id":5333,"href":"https:\/\/www.coneau.gob.ar\/coneau\/wp-json\/wp\/v2\/pages\/124\/revisions\/5333"}],"up":[{"embeddable":true,"href":"https:\/\/www.coneau.gob.ar\/coneau\/wp-json\/wp\/v2\/pages\/7"}],"wp:featuredmedia":[{"embeddable":true,"href":"https:\/\/www.coneau.gob.ar\/coneau\/wp-json\/wp\/v2\/media\/1191"}],"wp:attachment":[{"href":"https:\/\/www.coneau.gob.ar\/coneau\/wp-json\/wp\/v2\/media?parent=124"}],"curies":[{"name":"wp","href":"https:\/\/api.w.org\/{rel}","templated":true}]}}