{"id":12345,"date":"2025-03-14T15:31:20","date_gmt":"2025-03-14T18:31:20","guid":{"rendered":"https:\/\/www.coneau.gob.ar\/coneau\/?page_id=12345"},"modified":"2026-04-22T16:32:48","modified_gmt":"2026-04-22T19:32:48","slug":"solicitar-informacion","status":"publish","type":"page","link":"https:\/\/www.coneau.gob.ar\/coneau\/solicitar-informacion\/","title":{"rendered":"Solicitar informaci\u00f3n"},"content":{"rendered":"\n<div class=\"wp-block-columns is-layout-flex wp-container-4\">\n<div class=\"wp-block-column is-layout-flow\" style=\"flex-basis:66.66%\">\n<h4 class=\"wp-block-heading has-medium-gray-color has-text-color\"><strong>\u00bfQu\u00e9 es una solicitud de acceso a la informaci\u00f3n?<\/strong><\/h4>\n\n\n\n<p>Es el procedimiento mediante el cual cualquier persona puede pedir que se le brinde informaci\u00f3n en poder del Estado y\/o cualquiera de los sujetos obligados, generada, obtenida o financiada con fondos p\u00fablicos. Ten\u00e9 en cuenta que existen algunas&nbsp;<a rel=\"noreferrer noopener\" href=\"https:\/\/www.argentina.gob.ar\/justicia\/derechofacil\/leysimple\/acceso-la-informacion-publica#titulo-3\" target=\"_blank\">excepciones<\/a>.<\/p>\n\n\n\n<div style=\"height:10px\" aria-hidden=\"true\" class=\"wp-block-spacer\"><\/div>\n\n\n\n<h4 class=\"wp-block-heading has-medium-gray-color has-text-color\"><strong>\u00bfPor qu\u00e9 medios es posible realizar una solicitud?<\/strong><\/h4>\n\n\n\n<ul>\n<li>&#8211; de manera presencial en la mesa de entrada del organismo<\/li>\n\n\n\n<li>&#8211; mediante el&nbsp;<a rel=\"noreferrer noopener\" href=\"https:\/\/www.argentina.gob.ar\/solicitar-informacion-publica\" target=\"_blank\">aplicativo de Tramites a Distancia (TAD)<\/a><\/li>\n\n\n\n<li>&#8211; a trav\u00e9s de un correo electr\u00f3nico al Responsable de Acceso a la Informaci\u00f3n P\u00fablica (RAIP)<\/li>\n<\/ul>\n\n\n\n<div style=\"height:10px\" aria-hidden=\"true\" class=\"wp-block-spacer\"><\/div>\n\n\n\n<ul>\n<li><\/li>\n<\/ul>\n\n\n\n<h4 class=\"wp-block-heading has-medium-gray-color has-text-color\">Contactate con la persona Responsable de Acceso a la Informaci\u00f3n <strong>P\u00fablica<\/strong><\/h4>\n\n\n\n<ul>\n<li>&#8211; Nombre y Apellido: Leandro Mousseaud<\/li>\n\n\n\n<li>&#8211; Correo electr\u00f3nico: lmousseaud@coneau.gob.ar<\/li>\n\n\n\n<li>&#8211; Tel\u00e9fono: (54 &#8211; 11)  4819 &#8211; 9050<\/li>\n<\/ul>\n\n\n\n<div style=\"height:10px\" aria-hidden=\"true\" class=\"wp-block-spacer\"><\/div>\n\n\n\n<h4 class=\"wp-block-heading has-medium-gray-color has-text-color\"><strong>Acercate a la Mesa de Entrada de nuestro organismo<\/strong>:<\/h4>\n\n\n\n<ul>\n<li><\/li>\n\n\n\n<li>&#8211; Direcci\u00f3n: Paraguay 1255 &#8211; Ciudad Aut\u00f3noma de Buenos Aires<\/li>\n\n\n\n<li>&#8211; C\u00f3digo postal: C1057AAS<\/li>\n\n\n\n<li>&#8211; Horario de atenci\u00f3n: 9 a 18 hs<\/li>\n\n\n\n<li>&#8211; Tel\u00e9fono: (54 &#8211; 11) 4819 &#8211; 9050<\/li>\n\n\n\n<li>\n<ul>\n<li><\/li>\n<\/ul>\n<\/li>\n<\/ul>\n\n\n\n<div style=\"height:10px\" aria-hidden=\"true\" class=\"wp-block-spacer\"><\/div>\n\n\n\n<h4 class=\"wp-block-heading has-medium-gray-color has-text-color\"><strong>\u00bfCu\u00e1l es el plazo para que te respondan?<\/strong><\/h4>\n\n\n\n<p>El organismo tiene un plazo de 15 d\u00edas h\u00e1biles para responder a tu solicitud. En caso de que necesiten m\u00e1s tiempo para recopilar la informaci\u00f3n solicitada, puede pedir 15 d\u00edas m\u00e1s de pr\u00f3rroga, lo que te informar\u00e1n por escrito.<\/p>\n\n\n\n<div class=\"wp-block-buttons is-layout-flex\">\n<div class=\"wp-block-button has-custom-font-size\" style=\"font-size:10px\"><a class=\"wp-block-button__link has-background wp-element-button\" href=\"https:\/\/www.argentina.gob.ar\/aaip\/accesoalainformacion\/derechos\" style=\"background-color:#074b82\" target=\"_blank\" rel=\"noreferrer noopener\">conoc\u00e9 m\u00e1s sobre el derecho de acceso a la informaci\u00f3n<\/a><\/div>\n<\/div>\n\n\n\n<div style=\"height:15px\" aria-hidden=\"true\" class=\"wp-block-spacer\"><\/div>\n\n\n\n<p class=\"has-light-gray-background-color has-background\"><strong>La Agencia de Acceso a la Informaci\u00f3n P\u00fablica es el \u00f3rgano garante del derecho de acceso a la informaci\u00f3n p\u00fablica<\/strong>. Esto implica que si solicitaste informaci\u00f3n y no te respondieron, o consider\u00e1s que la informaci\u00f3n que te dieron est\u00e1 incompleta o es err\u00f3nea, podes hacer un reclamo ante ese organismo mediante el&nbsp;<a rel=\"noreferrer noopener\" href=\"https:\/\/www.argentina.gob.ar\/servicio\/reclamar-por-incumplimiento-de-una-solicitud-de-acceso-la-informacion-publica\" target=\"_blank\">aplicativo Tr\u00e1mites a Distancia (TAD)<\/a>, por&nbsp;<a rel=\"noreferrer noopener\" href=\"https:\/\/goo.gl\/maps\/563EfxEtMdcHZ78BA\" target=\"_blank\">mesa de entradas<\/a>&nbsp;o v\u00eda correo electr\u00f3nico a&nbsp;<a href=\"mailto:accesoalainformacion@aaip.gob.ar\">accesoalainformacion@aaip.gob.ar<\/a>. Ten\u00e9s que hacerlo&nbsp;<strong>dentro de los 40 d\u00edas h\u00e1biles<\/strong>&nbsp;desde que venci\u00f3 el plazo para recibir la respuesta.<\/p>\n\n\n\n<div style=\"height:15px\" aria-hidden=\"true\" class=\"wp-block-spacer\"><\/div>\n\n\n\n<h6 class=\"wp-block-heading\">Informaci\u00f3n actualizada a marzo 2026.<\/h6>\n<\/div>\n\n\n\n<div class=\"wp-block-column is-layout-flow\" style=\"flex-basis:33.33%\">\n<div style=\"background-color: #ffffff; padding: 30px; border-radius: 4px; border-top: 3px solid #00204d; max-width: 700px; font-family: 'Helvetica Neue', Helvetica, Arial, sans-serif; box-shadow: 0 4px 15px rgba(0,0,0,0.05);\">\n    \n    <div style=\"display: block; margin-bottom: 25px; font-size: 12px; letter-spacing: 0.5px; color: #888; text-transform: uppercase;\">\n        A continuaci\u00f3n vas a encontrar en cada pesta\u00f1a un \u00edtem tem\u00e1tico con informaci\u00f3n de car\u00e1cter p\u00fablico y actualizada:\n    <\/div>\n\n    <div style=\"display: grid; grid-template-columns: repeat(auto-fit, minmax(280px, 1fr)); gap: 15px;\">\n        \n        <a href=\"https:\/\/www.coneau.gob.ar\/coneau\/transparencia\/\" class=\"btn-principal-nav\" style=\"grid-column: 1 \/ -1; display: flex; align-items: center; justify-content: center; padding: 16px 20px; background: #ffffff; border: 1px solid #00204d; border-radius: 2px; text-decoration: none; font-size: 13px; font-weight: bold; transition: all 0.3s ease; letter-spacing: 1px;\">\n            <svg style=\"width: 18px; height: 18px; margin-right: 10px;\" fill=\"none\" stroke=\"currentColor\" viewBox=\"0 0 24 24\" xmlns=\"http:\/\/www.w3.org\/2000\/svg\"><path stroke-linecap=\"round\" stroke-linejoin=\"round\" stroke-width=\"2\" d=\"M3 12l2-2m0 0l7-7 7 7M5 10v10a1 1 0 001 1h3m10-11l2 2m-2-2v10a1 1 0 01-1 1h-3m-6 0a1 1 0 001-1v-4a1 1 0 011-1h2a1 1 0 011 1v4a1 1 0 001 1m-6 0h6\"><\/path><\/svg>\n            P\u00c1GINA PRINCIPAL DE TRANSPARENCIA\n        <\/a>\n\n        <a href=\"https:\/\/www.coneau.gob.ar\/coneau\/mision-y-servicios\/\" class=\"btn-transparencia\" style=\"display: flex; align-items: center; padding: 14px 20px; background: #fff; border: 1px solid #eaeaea; border-radius: 2px; text-decoration: none; color: #555; font-size: 12px; transition: all 0.3s ease; letter-spacing: 0.3px;\">\n            <span class=\"dot\" style=\"width: 8px; height: 8px; background: #00204d; border-radius: 50%; margin-right: 12px; opacity: 0.6;\"><\/span>\n            MISI\u00d3N Y SERVICIOS A LA CIUDADAN\u00cdA\n        <\/a>\n\n        <a href=\"https:\/\/www.coneau.gob.ar\/coneau\/participacion-ciudadana\/\" class=\"btn-transparencia\" style=\"display: flex; align-items: center; padding: 14px 20px; background: #fff; border: 1px solid #eaeaea; border-radius: 2px; text-decoration: none; color: #555; font-size: 12px; transition: all 0.3s ease; letter-spacing: 0.3px;\">\n            <span class=\"dot\" style=\"width: 8px; height: 8px; background: #00204d; border-radius: 50%; margin-right: 12px; opacity: 0.6;\"><\/span>\n            PARTICIPACI\u00d3N CIUDADANA\n        <\/a>\n\n        <a href=\"https:\/\/www.coneau.gob.ar\/coneau\/organigrama-autoridades-y-personal\/\" class=\"btn-transparencia\" style=\"display: flex; align-items: center; padding: 14px 20px; background: #fff; border: 1px solid #eaeaea; border-radius: 2px; text-decoration: none; color: #555; font-size: 12px; transition: all 0.3s ease; letter-spacing: 0.3px;\">\n            <span class=\"dot\" style=\"width: 8px; height: 8px; background: #00204d; border-radius: 50%; margin-right: 12px; opacity: 0.6;\"><\/span>\n            ORGANIGRAMA, AUTORIDADES Y PERSONAL\n        <\/a>\n\n        <a href=\"https:\/\/www.coneau.gob.ar\/coneau\/declaraciones-juradas\/\" class=\"btn-transparencia\" style=\"display: flex; align-items: center; padding: 14px 20px; background: #fff; border: 1px solid #eaeaea; border-radius: 2px; text-decoration: none; color: #555; font-size: 12px; transition: all 0.3s ease; letter-spacing: 0.3px;\">\n            <span class=\"dot\" style=\"width: 8px; height: 8px; background: #00204d; border-radius: 50%; margin-right: 12px; opacity: 0.6;\"><\/span>\n            DECLARACIONES JURADAS\n        <\/a>\n\n        <a href=\"https:\/\/www.coneau.gob.ar\/coneau\/escalas-salariales\/\" class=\"btn-transparencia\" style=\"display: flex; align-items: center; padding: 14px 20px; background: #fff; border: 1px solid #eaeaea; border-radius: 2px; text-decoration: none; color: #555; font-size: 12px; transition: all 0.3s ease; letter-spacing: 0.3px;\">\n            <span class=\"dot\" style=\"width: 8px; height: 8px; background: #00204d; border-radius: 50%; margin-right: 12px; opacity: 0.6;\"><\/span>\n            ESCALAS SALARIALES\n        <\/a>\n\n        <a href=\"https:\/\/www.coneau.gob.ar\/coneau\/presupuesto\/\" class=\"btn-transparencia\" style=\"display: flex; align-items: center; padding: 14px 20px; background: #fff; border: 1px solid #eaeaea; border-radius: 2px; text-decoration: none; color: #555; font-size: 12px; transition: all 0.3s ease; letter-spacing: 0.3px;\">\n            <span class=\"dot\" style=\"width: 8px; height: 8px; background: #00204d; border-radius: 50%; margin-right: 12px; opacity: 0.6;\"><\/span>\n            PRESUPUESTO\n        <\/a>\n\n        <a href=\"https:\/\/www.coneau.gob.ar\/coneau\/transferencias\/\" class=\"btn-transparencia\" style=\"display: flex; align-items: center; padding: 14px 20px; background: #fff; border: 1px solid #eaeaea; border-radius: 2px; text-decoration: none; color: #555; font-size: 12px; transition: all 0.3s ease; letter-spacing: 0.3px;\">\n            <span class=\"dot\" style=\"width: 8px; height: 8px; background: #00204d; border-radius: 50%; margin-right: 12px; opacity: 0.6;\"><\/span>\n            TRANSFERENCIAS\n        <\/a>\n\n        <a href=\"https:\/\/www.coneau.gob.ar\/coneau\/compras-y-contrataciones-2\/\" class=\"btn-transparencia\" style=\"display: flex; align-items: center; padding: 14px 20px; background: #fff; border: 1px solid #eaeaea; border-radius: 2px; text-decoration: none; color: #555; font-size: 12px; transition: all 0.3s ease; letter-spacing: 0.3px;\">\n            <span class=\"dot\" style=\"width: 8px; height: 8px; background: #00204d; border-radius: 50%; margin-right: 12px; opacity: 0.6;\"><\/span>\n            COMPRAS Y CONTRATACIONES\n        <\/a>\n\n        <a href=\"https:\/\/www.coneau.gob.ar\/coneau\/gestion-de-la-informacion\/\" class=\"btn-transparencia\" style=\"display: flex; align-items: center; padding: 14px 20px; background: #fff; border: 1px solid #eaeaea; border-radius: 2px; text-decoration: none; color: #555; font-size: 12px; transition: all 0.3s ease; letter-spacing: 0.3px;\">\n            <span class=\"dot\" style=\"width: 8px; height: 8px; background: #00204d; border-radius: 50%; margin-right: 12px; opacity: 0.6;\"><\/span>\n            GESTI\u00d3N DE LA INFORMACI\u00d3N\n        <\/a>\n\n        <a href=\"https:\/\/www.coneau.gob.ar\/coneau\/actos-administrativos\/\" class=\"btn-transparencia\" style=\"display: flex; align-items: center; padding: 14px 20px; background: #fff; border: 1px solid #eaeaea; border-radius: 2px; text-decoration: none; color: #555; font-size: 12px; transition: all 0.3s ease; letter-spacing: 0.3px;\">\n            <span class=\"dot\" style=\"width: 8px; height: 8px; background: #00204d; border-radius: 50%; margin-right: 12px; opacity: 0.6;\"><\/span>\n            ACTOS ADMINISTRATIVOS\n        <\/a>\n\n        <a href=\"https:\/\/www.coneau.gob.ar\/coneau\/auditorias-y-evaluaciones\/\" class=\"btn-transparencia\" style=\"display: flex; align-items: center; padding: 14px 20px; background: #fff; border: 1px solid #eaeaea; border-radius: 2px; text-decoration: none; color: #555; font-size: 12px; transition: all 0.3s ease; letter-spacing: 0.3px;\">\n            <span class=\"dot\" style=\"width: 8px; height: 8px; background: #00204d; border-radius: 50%; margin-right: 12px; opacity: 0.6;\"><\/span>\n            AUDITOR\u00cdAS Y EVALUACIONES\n        <\/a>\n\n        <a href=\"https:\/\/www.coneau.gob.ar\/coneau\/permisos-y-concesiones\/\" class=\"btn-transparencia\" style=\"display: flex; align-items: center; padding: 14px 20px; background: #fff; border: 1px solid #eaeaea; border-radius: 2px; text-decoration: none; color: #555; font-size: 12px; transition: all 0.3s ease; letter-spacing: 0.3px;\">\n            <span class=\"dot\" style=\"width: 8px; height: 8px; background: #00204d; border-radius: 50%; margin-right: 12px; opacity: 0.6;\"><\/span>\n            PERMISOS Y CONCESIONES\n        <\/a>\n\n        <a href=\"https:\/\/www.coneau.gob.ar\/coneau\/obsequios-y-viajes\/\" class=\"btn-transparencia\" style=\"display: flex; align-items: center; padding: 14px 20px; background: #fff; border: 1px solid #eaeaea; border-radius: 2px; text-decoration: none; color: #555; font-size: 12px; transition: all 0.3s ease; letter-spacing: 0.3px;\">\n            <span class=\"dot\" style=\"width: 8px; height: 8px; background: #00204d; border-radius: 50%; margin-right: 12px; opacity: 0.6;\"><\/span>\n            OBSEQUIOS Y VIAJES\n        <\/a>\n\n        <a href=\"https:\/\/www.coneau.gob.ar\/coneau\/acordadas-y-sentencias\/\" class=\"btn-transparencia\" style=\"display: flex; align-items: center; padding: 14px 20px; background: #fff; border: 1px solid #eaeaea; border-radius: 2px; text-decoration: none; color: #555; font-size: 12px; transition: all 0.3s ease; letter-spacing: 0.3px;\">\n            <span class=\"dot\" style=\"width: 8px; height: 8px; background: #00204d; border-radius: 50%; margin-right: 12px; opacity: 0.6;\"><\/span>\n            ACORDADAS Y SENTENCIAS\n        <\/a>\n\n        <a class=\"btn-transparencia btn-activo-fucsia\" style=\"display: flex; align-items: center; padding: 14px 20px; background: #10b8c7; border: 1px solid #10b8c7; border-radius: 2px; text-decoration: none; color: #ffffff !important; font-size: 12px; transition: all 0.3s ease; letter-spacing: 0.3px; font-weight: bold;\">\n            <span style=\"width: 8px; height: 8px; background: #ffffff; border-radius: 50%; margin-right: 12px; opacity: 1;\"><\/span>\n            SOLICITAR INFORMACI\u00d3N\n        <\/a>\n\n        <a href=\"https:\/\/www.coneau.gob.ar\/coneau\/catalogo-de-datos-abiertos\/\" class=\"btn-transparencia\" style=\"display: flex; align-items: center; padding: 14px 20px; background: #fff; border: 1px solid #eaeaea; border-radius: 2px; text-decoration: none; color: #555; font-size: 12px; transition: all 0.3s ease; letter-spacing: 0.3px;\">\n            <span class=\"dot\" style=\"width: 8px; height: 8px; background: #00204d; border-radius: 50%; margin-right: 12px; opacity: 0.6;\"><\/span>\n            CAT\u00c1LOGO DE DATOS P\u00daBLICOS\n        <\/a>\n\n        <a href=\"https:\/\/www.coneau.gob.ar\/coneau\/transparencia-proactiva\/\" class=\"btn-transparencia\" style=\"display: flex; align-items: center; padding: 14px 20px; background: #fff; border: 1px solid #eaeaea; border-radius: 2px; text-decoration: none; color: #555; font-size: 12px; transition: all 0.3s ease; letter-spacing: 0.3px;\">\n            <span class=\"dot\" style=\"width: 8px; height: 8px; background: #00204d; border-radius: 50%; margin-right: 12px; opacity: 0.6;\"><\/span>\n            TRANSPARENCIA PROACTIVA\n        <\/a>\n    <\/div>\n<\/div>\n\n<style>\n    .btn-principal-nav {\n        color: #00204d !important;\n    }\n\n    .btn-principal-nav:hover {\n        background-color: #00204d !important;\n        color: #ffffff !important;\n        transform: translateY(-2px);\n        box-shadow: 0 4px 10px rgba(0,0,0,0.15);\n    }\n\n    .btn-transparencia:hover {\n        border-color: #10b8c7 !important;\n        background-color: #f0fbff !important;\n        color: #10b8c7 !important;\n        transform: translateY(-2px);\n        box-shadow: 0 4px 8px rgba(0,0,0,0.05);\n    }\n    \n    .btn-transparencia:hover .dot {\n        background-color: #10b8c7 !important;\n        opacity: 1 !important;\n    }\n\n    .btn-activo-fucsia {\n        background-color: #10b8c7 !important;\n        color: #ffffff !important;\n        border-color: #10b8c7 !important;\n        cursor: default !important;\n        pointer-events: none;\n        box-shadow: 0 2px 5px rgba(16, 184, 199, 0.3);\n    }\n<\/style>\n<\/div>\n<\/div>\n","protected":false},"excerpt":{"rendered":"<p>\u00bfQu\u00e9 es una solicitud de acceso a la informaci\u00f3n? Es el procedimiento mediante el cual cualquier persona puede pedir que se le brinde informaci\u00f3n en poder del Estado y\/o cualquiera de los sujetos obligados, generada, obtenida o financiada con fondos p\u00fablicos. Ten\u00e9 en cuenta que existen algunas&nbsp;excepciones. \u00bfPor qu\u00e9 medios es posible realizar una solicitud? &hellip; <a href=\"https:\/\/www.coneau.gob.ar\/coneau\/solicitar-informacion\/\" class=\"more-link\">Seguir leyendo <span class=\"screen-reader-text\">Solicitar informaci\u00f3n<\/span> <span class=\"meta-nav\">&rarr;<\/span><\/a><\/p>\n","protected":false},"author":2,"featured_media":12186,"parent":0,"menu_order":0,"comment_status":"closed","ping_status":"closed","template":"","meta":[],"acf":[],"_links":{"self":[{"href":"https:\/\/www.coneau.gob.ar\/coneau\/wp-json\/wp\/v2\/pages\/12345"}],"collection":[{"href":"https:\/\/www.coneau.gob.ar\/coneau\/wp-json\/wp\/v2\/pages"}],"about":[{"href":"https:\/\/www.coneau.gob.ar\/coneau\/wp-json\/wp\/v2\/types\/page"}],"author":[{"embeddable":true,"href":"https:\/\/www.coneau.gob.ar\/coneau\/wp-json\/wp\/v2\/users\/2"}],"replies":[{"embeddable":true,"href":"https:\/\/www.coneau.gob.ar\/coneau\/wp-json\/wp\/v2\/comments?post=12345"}],"version-history":[{"count":13,"href":"https:\/\/www.coneau.gob.ar\/coneau\/wp-json\/wp\/v2\/pages\/12345\/revisions"}],"predecessor-version":[{"id":14744,"href":"https:\/\/www.coneau.gob.ar\/coneau\/wp-json\/wp\/v2\/pages\/12345\/revisions\/14744"}],"wp:featuredmedia":[{"embeddable":true,"href":"https:\/\/www.coneau.gob.ar\/coneau\/wp-json\/wp\/v2\/media\/12186"}],"wp:attachment":[{"href":"https:\/\/www.coneau.gob.ar\/coneau\/wp-json\/wp\/v2\/media?parent=12345"}],"curies":[{"name":"wp","href":"https:\/\/api.w.org\/{rel}","templated":true}]}}