{"id":12336,"date":"2025-03-14T15:20:10","date_gmt":"2025-03-14T18:20:10","guid":{"rendered":"https:\/\/www.coneau.gob.ar\/coneau\/?page_id=12336"},"modified":"2026-03-04T15:19:03","modified_gmt":"2026-03-04T18:19:03","slug":"obsequios-y-viajes","status":"publish","type":"page","link":"https:\/\/www.coneau.gob.ar\/coneau\/obsequios-y-viajes\/","title":{"rendered":"Obsequios y viajes"},"content":{"rendered":"\n<div class=\"wp-block-columns is-layout-flex wp-container-6\">\n<div class=\"wp-block-column is-layout-flow\" style=\"flex-basis:66.66%\">\n<p>El&nbsp;<a href=\"https:\/\/www.argentina.gob.ar\/normativa\/nacional\/decreto-1179-2016-267949\" target=\"_blank\" rel=\"noreferrer noopener\">Decreto N\u00b0 1179\/16<\/a>&nbsp;(reglamentario del Art\u00edculo 18 de la&nbsp;<a href=\"https:\/\/www.argentina.gob.ar\/normativa\/nacional\/ley-25188-60847\" target=\"_blank\" rel=\"noreferrer noopener\">Ley de \u00c9tica P\u00fablica N\u00b0 25.188<\/a>) cre\u00f3 el Registro de Obsequios a Funcionarios P\u00fablicos y el Registro de Viajes Financiados por Terceros. Ambos funcionan desde el 16 de febrero de 2017 en el \u00e1mbito de la Oficina Anticorrupci\u00f3n y pueden ser consultados a trav\u00e9s de su p\u00e1gina web.<\/p>\n\n\n\n<p>Todos los funcionarios p\u00fablicos deben registrar los obsequios o financiamientos de viajes que reciben, cuando las normas permiten su aceptaci\u00f3n, con motivo o en ocasi\u00f3n de sus funciones.<\/p>\n\n\n\n<div class=\"wp-block-buttons is-layout-flex\">\n<div class=\"wp-block-button has-custom-font-size\" style=\"font-size:10px\"><a class=\"wp-block-button__link has-background wp-element-button\" href=\"https:\/\/www.argentina.gob.ar\/anticorrupcion\/obsequiosyviajes\" style=\"background-color:#074b82\" target=\"_blank\" rel=\"noreferrer noopener\">consult\u00e1 el registro de obsequios y viajes<\/a><\/div>\n<\/div>\n\n\n\n<div style=\"height:20px\" aria-hidden=\"true\" class=\"wp-block-spacer\"><\/div>\n\n\n\n<p>Tambi\u00e9n los podes encontrar en el Portal Datos Abiertos.<\/p>\n\n\n\n<div class=\"wp-block-buttons is-layout-flex\">\n<div class=\"wp-block-button has-custom-font-size\" style=\"font-size:10px\"><a class=\"wp-block-button__link has-background wp-element-button\" href=\"https:\/\/datos.gob.ar\/\" style=\"background-color:#074b82\" target=\"_blank\" rel=\"noreferrer noopener\">ingres\u00e1 al portal datos.gob.ar<\/a><\/div>\n<\/div>\n\n\n\n<hr class=\"wp-block-separator has-alpha-channel-opacity is-style-wide\"\/>\n\n\n\n<p>\u00bfSe puede aceptar cualquier obsequio? \u00bfInteresa su valor? \u00bfQu\u00e9 debo hacer si me ofrecen un viaje u obsequio prohibido? \u00bfC\u00f3mo se registra?<\/p>\n\n\n\n<div class=\"wp-block-buttons is-layout-flex\">\n<div class=\"wp-block-button has-custom-font-size\" style=\"font-size:10px\"><a class=\"wp-block-button__link has-background wp-element-button\" href=\"https:\/\/www.argentina.gob.ar\/anticorrupcion\/obsequios-y-viajes-preguntas\" style=\"background-color:#074b82\" target=\"_blank\" rel=\"noreferrer noopener\">conoc\u00e9 el registro de obsequios y viajes<\/a><\/div>\n<\/div>\n\n\n\n<div style=\"height:15px\" aria-hidden=\"true\" class=\"wp-block-spacer\"><\/div>\n\n\n\n<h6 class=\"wp-block-heading\">Informaci\u00f3n actualizada a marzo 2026.<\/h6>\n<\/div>\n\n\n\n<div class=\"wp-block-column is-layout-flow\" style=\"flex-basis:33.33%\">\n<div style=\"background-color: #ffffff; padding: 30px; border-radius: 4px; border-top: 3px solid #00204d; max-width: 700px; font-family: 'Helvetica Neue', Helvetica, Arial, sans-serif; box-shadow: 0 4px 15px rgba(0,0,0,0.05);\">\n    \n    <div style=\"margin-bottom: 25px;\">\n        <span style=\"font-size: 12px; letter-spacing: 1.5px; color: #888; text-transform: uppercase;\">Portal de Transparencia<\/span>\n        <h3 style=\"margin: 5px 0 0 0; font-weight: 300; color: #333; font-size: 22px;\">\u00cdtems Tem\u00e1ticos<\/h3>\n    <\/div>\n\n    <div style=\"display: grid; grid-template-columns: repeat(auto-fit, minmax(280px, 1fr)); gap: 15px;\">\n        \n        <a href=\"https:\/\/www.coneau.gob.ar\/coneau\/mision-y-servicios\/\" class=\"btn-transparencia\" style=\"display: flex; align-items: center; padding: 14px 20px; background: #fff; border: 1px solid #eaeaea; border-radius: 2px; text-decoration: none; color: #555; font-size: 12px; transition: all 0.3s ease; letter-spacing: 0.3px;\">\n            <span class=\"dot\" style=\"width: 8px; height: 8px; background: #00204d; border-radius: 50%; margin-right: 12px; opacity: 0.6;\"><\/span>\n            MISI\u00d3N Y SERVICIOS A LA CIUDADAN\u00cdA\n        <\/a>\n\n        <a href=\"https:\/\/www.coneau.gob.ar\/coneau\/participacion-ciudadana\/\" class=\"btn-transparencia\" style=\"display: flex; align-items: center; padding: 14px 20px; background: #fff; border: 1px solid #eaeaea; border-radius: 2px; text-decoration: none; color: #555; font-size: 12px; transition: all 0.3s ease; letter-spacing: 0.3px;\">\n            <span class=\"dot\" style=\"width: 8px; height: 8px; background: #00204d; border-radius: 50%; margin-right: 12px; opacity: 0.6;\"><\/span>\n            PARTICIPACI\u00d3N CIUDADANA\n        <\/a>\n\n        <a href=\"https:\/\/www.coneau.gob.ar\/coneau\/organigrama-autoridades-y-personal\/\" class=\"btn-transparencia\" style=\"display: flex; align-items: center; padding: 14px 20px; background: #fff; border: 1px solid #eaeaea; border-radius: 2px; text-decoration: none; color: #555; font-size: 12px; transition: all 0.3s ease; letter-spacing: 0.3px;\">\n            <span class=\"dot\" style=\"width: 8px; height: 8px; background: #00204d; border-radius: 50%; margin-right: 12px; opacity: 0.6;\"><\/span>\n            ORGANIGRAMA, AUTORIDADES Y PERSONAL\n        <\/a>\n\n        <a href=\"https:\/\/www.coneau.gob.ar\/coneau\/declaraciones-juradas\/\" class=\"btn-transparencia\" style=\"display: flex; align-items: center; padding: 14px 20px; background: #fff; border: 1px solid #eaeaea; border-radius: 2px; text-decoration: none; color: #555; font-size: 12px; transition: all 0.3s ease; letter-spacing: 0.3px;\">\n            <span class=\"dot\" style=\"width: 8px; height: 8px; background: #00204d; border-radius: 50%; margin-right: 12px; opacity: 0.6;\"><\/span>\n            DECLARACIONES JURADAS\n        <\/a>\n\n        <a href=\"https:\/\/www.coneau.gob.ar\/coneau\/escalas-salariales\/\" class=\"btn-transparencia\" style=\"display: flex; align-items: center; padding: 14px 20px; background: #fff; border: 1px solid #eaeaea; border-radius: 2px; text-decoration: none; color: #555; font-size: 12px; transition: all 0.3s ease; letter-spacing: 0.3px;\">\n            <span class=\"dot\" style=\"width: 8px; height: 8px; background: #00204d; border-radius: 50%; margin-right: 12px; opacity: 0.6;\"><\/span>\n            ESCALAS SALARIALES\n        <\/a>\n\n        <a href=\"https:\/\/www.coneau.gob.ar\/coneau\/presupuesto\/\" class=\"btn-transparencia\" style=\"display: flex; align-items: center; padding: 14px 20px; background: #fff; border: 1px solid #eaeaea; border-radius: 2px; text-decoration: none; color: #555; font-size: 12px; transition: all 0.3s ease; letter-spacing: 0.3px;\">\n            <span class=\"dot\" style=\"width: 8px; height: 8px; background: #00204d; border-radius: 50%; margin-right: 12px; opacity: 0.6;\"><\/span>\n            PRESUPUESTO\n        <\/a>\n\n        <a href=\"https:\/\/www.coneau.gob.ar\/coneau\/transferencias\/\" class=\"btn-transparencia\" style=\"display: flex; align-items: center; padding: 14px 20px; background: #fff; border: 1px solid #eaeaea; border-radius: 2px; text-decoration: none; color: #555; font-size: 12px; transition: all 0.3s ease; letter-spacing: 0.3px;\">\n            <span class=\"dot\" style=\"width: 8px; height: 8px; background: #00204d; border-radius: 50%; margin-right: 12px; opacity: 0.6;\"><\/span>\n            TRANSFERENCIAS\n        <\/a>\n\n        <a href=\"https:\/\/www.coneau.gob.ar\/coneau\/compras-y-contrataciones-2\/\" class=\"btn-transparencia\" style=\"display: flex; align-items: center; padding: 14px 20px; background: #fff; border: 1px solid #eaeaea; border-radius: 2px; text-decoration: none; color: #555; font-size: 12px; transition: all 0.3s ease; letter-spacing: 0.3px;\">\n            <span class=\"dot\" style=\"width: 8px; height: 8px; background: #00204d; border-radius: 50%; margin-right: 12px; opacity: 0.6;\"><\/span>\n            COMPRAS Y CONTRATACIONES\n        <\/a>\n\n        <a href=\"https:\/\/www.coneau.gob.ar\/coneau\/gestion-de-la-informacion\/\" class=\"btn-transparencia\" style=\"display: flex; align-items: center; padding: 14px 20px; background: #fff; border: 1px solid #eaeaea; border-radius: 2px; text-decoration: none; color: #555; font-size: 12px; transition: all 0.3s ease; letter-spacing: 0.3px;\">\n            <span class=\"dot\" style=\"width: 8px; height: 8px; background: #00204d; border-radius: 50%; margin-right: 12px; opacity: 0.6;\"><\/span>\n            GESTI\u00d3N DE LA INFORMACI\u00d3N\n        <\/a>\n\n        <a href=\"https:\/\/www.coneau.gob.ar\/coneau\/actos-administrativos\/\" class=\"btn-transparencia\" style=\"display: flex; align-items: center; padding: 14px 20px; background: #fff; border: 1px solid #eaeaea; border-radius: 2px; text-decoration: none; color: #555; font-size: 12px; transition: all 0.3s ease; letter-spacing: 0.3px;\">\n            <span class=\"dot\" style=\"width: 8px; height: 8px; background: #00204d; border-radius: 50%; margin-right: 12px; opacity: 0.6;\"><\/span>\n            ACTOS ADMINISTRATIVOS\n        <\/a>\n\n        <a href=\"https:\/\/www.coneau.gob.ar\/coneau\/auditorias-y-evaluaciones\/\" class=\"btn-transparencia\" style=\"display: flex; align-items: center; padding: 14px 20px; background: #fff; border: 1px solid #eaeaea; border-radius: 2px; text-decoration: none; color: #555; font-size: 12px; transition: all 0.3s ease; letter-spacing: 0.3px;\">\n            <span class=\"dot\" style=\"width: 8px; height: 8px; background: #00204d; border-radius: 50%; margin-right: 12px; opacity: 0.6;\"><\/span>\n            AUDITOR\u00cdAS Y EVALUACIONES\n        <\/a>\n\n        <a href=\"https:\/\/www.coneau.gob.ar\/coneau\/permisos-y-concesiones\/\" class=\"btn-transparencia\" style=\"display: flex; align-items: center; padding: 14px 20px; background: #fff; border: 1px solid #eaeaea; border-radius: 2px; text-decoration: none; color: #555; font-size: 12px; transition: all 0.3s ease; letter-spacing: 0.3px;\">\n            <span class=\"dot\" style=\"width: 8px; height: 8px; background: #00204d; border-radius: 50%; margin-right: 12px; opacity: 0.6;\"><\/span>\n            PERMISOS Y CONCESIONES\n        <\/a>\n\n        <a class=\"btn-transparencia btn-activo\" style=\"display: flex; align-items: center; padding: 14px 20px; background: #fff; border: 1px solid #eaeaea; border-radius: 2px; text-decoration: none; color: #555; font-size: 12px; transition: all 0.3s ease; letter-spacing: 0.3px;\">\n            <span class=\"dot\" style=\"width: 8px; height: 8px; background: #00204d; border-radius: 50%; margin-right: 12px; opacity: 0.6;\"><\/span>\n            OBSEQUIOS Y VIAJES\n        <\/a>\n\n        <a href=\"https:\/\/www.coneau.gob.ar\/coneau\/acordadas-y-sentencias\/\" class=\"btn-transparencia\" style=\"display: flex; align-items: center; padding: 14px 20px; background: #fff; border: 1px solid #eaeaea; border-radius: 2px; text-decoration: none; color: #555; font-size: 12px; transition: all 0.3s ease; letter-spacing: 0.3px;\">\n            <span class=\"dot\" style=\"width: 8px; height: 8px; background: #00204d; border-radius: 50%; margin-right: 12px; opacity: 0.6;\"><\/span>\n            ACORDADAS Y SENTENCIAS\n        <\/a>\n\n        <a href=\"https:\/\/www.coneau.gob.ar\/coneau\/solicitar-informacion\/\" class=\"btn-transparencia\" style=\"display: flex; align-items: center; padding: 14px 20px; background: #fff; border: 1px solid #eaeaea; border-radius: 2px; text-decoration: none; color: #555; font-size: 12px; transition: all 0.3s ease; letter-spacing: 0.3px;\">\n            <span class=\"dot\" style=\"width: 8px; height: 8px; background: #00204d; border-radius: 50%; margin-right: 12px; opacity: 0.6;\"><\/span>\n            SOLICITAR INFORMACI\u00d3N\n        <\/a>\n\n        <a href=\"https:\/\/www.coneau.gob.ar\/coneau\/catalogo-de-datos-abiertos\/\" class=\"btn-transparencia\" style=\"display: flex; align-items: center; padding: 14px 20px; background: #fff; border: 1px solid #eaeaea; border-radius: 2px; text-decoration: none; color: #555; font-size: 12px; transition: all 0.3s ease; letter-spacing: 0.3px;\">\n            <span class=\"dot\" style=\"width: 8px; height: 8px; background: #00204d; border-radius: 50%; margin-right: 12px; opacity: 0.6;\"><\/span>\n            CAT\u00c1LOGO DE DATOS P\u00daBLICOS\n        <\/a>\n\n        <a href=\"https:\/\/www.coneau.gob.ar\/coneau\/transparencia-proactiva\/\" class=\"btn-transparencia\" style=\"display: flex; align-items: center; padding: 14px 20px; background: #fff; border: 1px solid #eaeaea; border-radius: 2px; text-decoration: none; color: #555; font-size: 12px; transition: all 0.3s ease; letter-spacing: 0.3px;\">\n            <span class=\"dot\" style=\"width: 8px; height: 8px; background: #00204d; border-radius: 50%; margin-right: 12px; opacity: 0.6;\"><\/span>\n            TRANSPARENCIA PROACTIVA\n        <\/a>\n    <\/div>\n<\/div>\n\n<style>\n    \/* Efecto para botones normales *\/\n    .btn-transparencia:hover {\n        border-color: #00204d !important;\n        background-color: #f0f4f8 !important;\n        color: #00204d !important;\n        transform: translateY(-2px);\n        box-shadow: 0 4px 8px rgba(0,0,0,0.05);\n    }\n\n    \/* ESTILO PARA EL BOT\u00d3N ACTIVO (Usted est\u00e1 aqu\u00ed) *\/\n    .btn-activo {\n        background-color: #00204d !important;\n        color: #ffffff !important;\n        border-color: #00204d !important;\n        cursor: default !important;\n        pointer-events: none; \/* Deshabilita el click *\/\n    }\n\n    \/* Cambia el color del puntito a blanco en el bot\u00f3n activo *\/\n    .btn-activo .dot {\n        background-color: #ffffff !important;\n        opacity: 1 !important;\n    }\n<\/style>\n<\/div>\n<\/div>\n\n\n\n<ul>\n<li><a rel=\"noreferrer noopener\" href=\"https:\/\/www.coneau.gob.ar\/coneau\/transparencia-coneau\/\" data-type=\"URL\" data-id=\"https:\/\/www.coneau.gob.ar\/coneau\/transparencia-coneau\/\" target=\"_blank\">Transparencia<\/a><\/li>\n\n\n\n<li><a rel=\"noreferrer noopener\" href=\"https:\/\/www.coneau.gob.ar\/coneau\/participacion-ciudadana\/\" data-type=\"URL\" data-id=\"https:\/\/www.coneau.gob.ar\/coneau\/participacion-ciudadana\/\" target=\"_blank\">Participaci\u00f3n ciudadana<\/a><\/li>\n\n\n\n<li><a rel=\"noreferrer noopener\" href=\"https:\/\/www.coneau.gob.ar\/coneau\/organigrama-autoridades-y-personal\/\" data-type=\"URL\" data-id=\"https:\/\/www.coneau.gob.ar\/coneau\/organigrama-autoridades-y-personal\/\" target=\"_blank\">Organigrama, autoridades y<\/a> <a href=\"https:\/\/www.coneau.gob.ar\/coneau\/organigrama-autoridades-y-personal\/\" data-type=\"URL\" data-id=\"https:\/\/www.coneau.gob.ar\/coneau\/organigrama-autoridades-y-personal\/\" target=\"_blank\" rel=\"noreferrer noopener\">personal<\/a><\/li>\n\n\n\n<li><a rel=\"noreferrer noopener\" href=\"https:\/\/www.coneau.gob.ar\/coneau\/declaraciones-juradas\/\" data-type=\"URL\" data-id=\"https:\/\/www.coneau.gob.ar\/coneau\/declaraciones-juradas\/\" target=\"_blank\">Declaraciones<\/a><a href=\"https:\/\/www.coneau.gob.ar\/coneau\/declaraciones-juradas\/\" data-type=\"URL\" data-id=\"https:\/\/www.coneau.gob.ar\/coneau\/declaraciones-juradas\/\" target=\"_blank\" rel=\"noreferrer noopener\"> juradas<\/a><\/li>\n\n\n\n<li><a rel=\"noreferrer noopener\" href=\"https:\/\/www.coneau.gob.ar\/coneau\/escalas-salariales\/\" data-type=\"URL\" data-id=\"https:\/\/www.coneau.gob.ar\/coneau\/escalas-salariales\/\" target=\"_blank\">Escalas salariales<\/a><\/li>\n\n\n\n<li><a href=\"https:\/\/www.coneau.gob.ar\/coneau\/presupuesto\/\" data-type=\"URL\" data-id=\"https:\/\/www.coneau.gob.ar\/coneau\/presupuesto\/\" target=\"_blank\" rel=\"noreferrer noopener\">Presupuesto<\/a><\/li>\n\n\n\n<li><a href=\"https:\/\/www.coneau.gob.ar\/coneau\/transferencias\/\" data-type=\"URL\" data-id=\"https:\/\/www.coneau.gob.ar\/coneau\/transferencias\/\" target=\"_blank\" rel=\"noreferrer noopener\">Transferencias<\/a><\/li>\n\n\n\n<li><a href=\"https:\/\/www.coneau.gob.ar\/coneau\/compras-y-contrataciones-2\/\" data-type=\"URL\" data-id=\"https:\/\/www.coneau.gob.ar\/coneau\/compras-y-contrataciones-2\/\" target=\"_blank\" rel=\"noreferrer noopener\">Compras y contrataciones<\/a><\/li>\n\n\n\n<li><a href=\"https:\/\/www.coneau.gob.ar\/coneau\/gestion-de-la-informacion\/\" data-type=\"URL\" data-id=\"https:\/\/www.coneau.gob.ar\/coneau\/gestion-de-la-informacion\/\" target=\"_blank\" rel=\"noreferrer noopener\">Gesti\u00f3n de la informaci\u00f3n<\/a><\/li>\n\n\n\n<li><a href=\"https:\/\/www.coneau.gob.ar\/coneau\/actos-administrativos\/\" data-type=\"URL\" data-id=\"https:\/\/www.coneau.gob.ar\/coneau\/actos-administrativos\/\" target=\"_blank\" rel=\"noreferrer noopener\">Actos administrativos<\/a><\/li>\n\n\n\n<li><a href=\"https:\/\/www.coneau.gob.ar\/coneau\/auditorias-y-evaluaciones\/\" data-type=\"URL\" data-id=\"https:\/\/www.coneau.gob.ar\/coneau\/auditorias-y-evaluaciones\/\" target=\"_blank\" rel=\"noreferrer noopener\">Auditor\u00edas y evaluaciones<\/a><\/li>\n\n\n\n<li><a rel=\"noreferrer noopener\" href=\"https:\/\/www.coneau.gob.ar\/coneau\/permisos-y-concesiones\/\" data-type=\"URL\" data-id=\"https:\/\/www.coneau.gob.ar\/coneau\/permisos-y-concesiones\/\" target=\"_blank\">Permisos y<\/a> <a rel=\"noreferrer noopener\" href=\"https:\/\/www.coneau.gob.ar\/coneau\/permisos-y-concesiones\/\" data-type=\"URL\" data-id=\"https:\/\/www.coneau.gob.ar\/coneau\/permisos-y-concesiones\/\" target=\"_blank\">concesiones<\/a><\/li>\n\n\n\n<li><a href=\"https:\/\/www.coneau.gob.ar\/coneau\/acordadas-y-sentencias\/\" data-type=\"URL\" data-id=\"https:\/\/www.coneau.gob.ar\/coneau\/acordadas-y-sentencias\/\" target=\"_blank\" rel=\"noreferrer noopener\">Acordadas y sentencias<\/a><\/li>\n\n\n\n<li><a href=\"https:\/\/www.coneau.gob.ar\/coneau\/solicitar-informacion\/\" data-type=\"URL\" data-id=\"https:\/\/www.coneau.gob.ar\/coneau\/solicitar-informacion\/\" target=\"_blank\" rel=\"noreferrer noopener\">Solicitar informaci\u00f3n<\/a><\/li>\n\n\n\n<li><a href=\"https:\/\/www.coneau.gob.ar\/coneau\/catalogo-de-datos-abiertos\/\" data-type=\"URL\" data-id=\"https:\/\/www.coneau.gob.ar\/coneau\/catalogo-de-datos-abiertos\/\" target=\"_blank\" rel=\"noreferrer noopener\">Cat\u00e1logo de datos abiertos<\/a><\/li>\n\n\n\n<li><a href=\"https:\/\/www.coneau.gob.ar\/coneau\/transparencia-proactiva\/\" data-type=\"URL\" data-id=\"https:\/\/www.coneau.gob.ar\/coneau\/transparencia-proactiva\/\" target=\"_blank\" rel=\"noreferrer noopener\">Transparencia proactiva<\/a><\/li>\n<\/ul>\n","protected":false},"excerpt":{"rendered":"<p>El&nbsp;Decreto N\u00b0 1179\/16&nbsp;(reglamentario del Art\u00edculo 18 de la&nbsp;Ley de \u00c9tica P\u00fablica N\u00b0 25.188) cre\u00f3 el Registro de Obsequios a Funcionarios P\u00fablicos y el Registro de Viajes Financiados por Terceros. Ambos funcionan desde el 16 de febrero de 2017 en el \u00e1mbito de la Oficina Anticorrupci\u00f3n y pueden ser consultados a trav\u00e9s de su p\u00e1gina web. &hellip; <a href=\"https:\/\/www.coneau.gob.ar\/coneau\/obsequios-y-viajes\/\" class=\"more-link\">Seguir leyendo <span class=\"screen-reader-text\">Obsequios y viajes<\/span> <span class=\"meta-nav\">&rarr;<\/span><\/a><\/p>\n","protected":false},"author":2,"featured_media":12186,"parent":0,"menu_order":0,"comment_status":"closed","ping_status":"closed","template":"","meta":[],"acf":[],"_links":{"self":[{"href":"https:\/\/www.coneau.gob.ar\/coneau\/wp-json\/wp\/v2\/pages\/12336"}],"collection":[{"href":"https:\/\/www.coneau.gob.ar\/coneau\/wp-json\/wp\/v2\/pages"}],"about":[{"href":"https:\/\/www.coneau.gob.ar\/coneau\/wp-json\/wp\/v2\/types\/page"}],"author":[{"embeddable":true,"href":"https:\/\/www.coneau.gob.ar\/coneau\/wp-json\/wp\/v2\/users\/2"}],"replies":[{"embeddable":true,"href":"https:\/\/www.coneau.gob.ar\/coneau\/wp-json\/wp\/v2\/comments?post=12336"}],"version-history":[{"count":9,"href":"https:\/\/www.coneau.gob.ar\/coneau\/wp-json\/wp\/v2\/pages\/12336\/revisions"}],"predecessor-version":[{"id":14243,"href":"https:\/\/www.coneau.gob.ar\/coneau\/wp-json\/wp\/v2\/pages\/12336\/revisions\/14243"}],"wp:featuredmedia":[{"embeddable":true,"href":"https:\/\/www.coneau.gob.ar\/coneau\/wp-json\/wp\/v2\/media\/12186"}],"wp:attachment":[{"href":"https:\/\/www.coneau.gob.ar\/coneau\/wp-json\/wp\/v2\/media?parent=12336"}],"curies":[{"name":"wp","href":"https:\/\/api.w.org\/{rel}","templated":true}]}}