{"id":12313,"date":"2025-03-14T13:45:12","date_gmt":"2025-03-14T16:45:12","guid":{"rendered":"https:\/\/www.coneau.gob.ar\/coneau\/?page_id=12313"},"modified":"2026-04-22T16:42:24","modified_gmt":"2026-04-22T19:42:24","slug":"gestion-de-la-informacion","status":"publish","type":"page","link":"https:\/\/www.coneau.gob.ar\/coneau\/gestion-de-la-informacion\/","title":{"rendered":"Gesti\u00f3n de la informaci\u00f3n"},"content":{"rendered":"\n<div class=\"wp-block-columns is-layout-flex wp-container-3\">\n<div class=\"wp-block-column is-layout-flow\" style=\"flex-basis:66.66%\">\n<p>Este sistema permite la gesti\u00f3n de documentos electr\u00f3nicos y digitales, as\u00ed como de documentos en papel que han sido digitalizados. Entre las funciones principales se encuentran la captura, clasificaci\u00f3n, numeraci\u00f3n, indexaci\u00f3n, almacenamiento, b\u00fasqueda, acceso y distribuci\u00f3n de los documentos. Al mismo tiempo, facilita el seguimiento de todas las actuaciones y expedientes del sector p\u00fablico nacional<\/p>\n\n\n\n<p>Por la&nbsp;<a href=\"https:\/\/www.argentina.gob.ar\/normativa\/nacional\/resoluci%C3%B3n-65-2016-260766\" target=\"_blank\" rel=\"noreferrer noopener\">Resoluci\u00f3n N\u00b0 65\/16<\/a>&nbsp;del ex Ministerio de Modernizaci\u00f3n, la Agencia de Acceso a la Informaci\u00f3n P\u00fablica debe crear, comunicar y archivar a trav\u00e9s del sistema de Gesti\u00f3n Documental Electr\u00f3nica (GDE). El GDE es un \u201csistema integrado de caratulaci\u00f3n, numeraci\u00f3n, seguimiento y registraci\u00f3n de movimientos de todas las actuaciones y expedientes del sector p\u00fablico nacional\u201d.<\/p>\n\n\n\n<hr class=\"wp-block-separator has-alpha-channel-opacity is-style-wide\"\/>\n\n\n\n<h5 class=\"wp-block-heading\">Para mayor informaci\u00f3n, pod\u00e9s presentarte en la Mesa de Entradas de nuestro organismo:<\/h5>\n\n\n\n<ul>\n<li>Direcci\u00f3n: Paraguay 1255 &#8211; Ciudad Aut\u00f3noma de Buenos Aires<\/li>\n\n\n\n<li>C\u00f3digo postal: C1057AAS<\/li>\n\n\n\n<li>Correo electr\u00f3nico: consulta@coneau_admin<\/li>\n\n\n\n<li>Tel\u00e9fono: (54 &#8211; 11) 4819 &#8211; 9050<\/li>\n\n\n\n<li>Horario de atenci\u00f3n: 9 a 18 hs<\/li>\n\n\n\n<li>\n<ul>\n<li><\/li>\n<\/ul>\n<\/li>\n<\/ul>\n\n\n\n<div style=\"height:15px\" aria-hidden=\"true\" class=\"wp-block-spacer\"><\/div>\n\n\n\n<h5 class=\"wp-block-heading has-dark-gray-color has-text-color\">Responsable de Acceso a la Informaci\u00f3n P\u00fablica:<\/h5>\n\n\n\n<ul>\n<li>Mgter. Leandro Mousseaud<\/li>\n\n\n\n<li>lmousseaud@coneau.gob.ar<\/li>\n<\/ul>\n\n\n\n<div style=\"height:15px\" aria-hidden=\"true\" class=\"wp-block-spacer\"><\/div>\n\n\n\n<h6 class=\"wp-block-heading\">Informaci\u00f3n actualizada a marzo 2026.<\/h6>\n<\/div>\n\n\n\n<div class=\"wp-block-column is-layout-flow\" style=\"flex-basis:33.33%\">\n<div style=\"background-color: #ffffff; padding: 30px; border-radius: 4px; border-top: 3px solid #00204d; max-width: 700px; font-family: 'Helvetica Neue', Helvetica, Arial, sans-serif; box-shadow: 0 4px 15px rgba(0,0,0,0.05);\">\n    \n    <div style=\"display: block; margin-bottom: 25px; font-size: 12px; letter-spacing: 0.5px; color: #888; text-transform: uppercase;\">\n        A continuaci\u00f3n vas a encontrar en cada pesta\u00f1a un \u00edtem tem\u00e1tico con informaci\u00f3n de car\u00e1cter p\u00fablico y actualizada:\n    <\/div>\n\n    <div style=\"display: grid; grid-template-columns: repeat(auto-fit, minmax(280px, 1fr)); gap: 15px;\">\n        \n        <a href=\"https:\/\/www.coneau.gob.ar\/coneau\/transparencia\/\" class=\"btn-principal-nav\" style=\"grid-column: 1 \/ -1; display: flex; align-items: center; justify-content: center; padding: 16px 20px; background: #ffffff; border: 1px solid #00204d; border-radius: 2px; text-decoration: none; font-size: 13px; font-weight: bold; transition: all 0.3s ease; letter-spacing: 1px;\">\n            <svg style=\"width: 18px; height: 18px; margin-right: 10px;\" fill=\"none\" stroke=\"currentColor\" viewBox=\"0 0 24 24\" xmlns=\"http:\/\/www.w3.org\/2000\/svg\"><path stroke-linecap=\"round\" stroke-linejoin=\"round\" stroke-width=\"2\" d=\"M3 12l2-2m0 0l7-7 7 7M5 10v10a1 1 0 001 1h3m10-11l2 2m-2-2v10a1 1 0 01-1 1h-3m-6 0a1 1 0 001-1v-4a1 1 0 011-1h2a1 1 0 011 1v4a1 1 0 001 1m-6 0h6\"><\/path><\/svg>\n            P\u00c1GINA PRINCIPAL DE TRANSPARENCIA\n        <\/a>\n\n        <a href=\"https:\/\/www.coneau.gob.ar\/coneau\/mision-y-servicios\/\" class=\"btn-transparencia\" style=\"display: flex; align-items: center; padding: 14px 20px; background: #fff; border: 1px solid #eaeaea; border-radius: 2px; text-decoration: none; color: #555; font-size: 12px; transition: all 0.3s ease; letter-spacing: 0.3px;\">\n            <span class=\"dot\" style=\"width: 8px; height: 8px; background: #00204d; border-radius: 50%; margin-right: 12px; opacity: 0.6;\"><\/span>\n            MISI\u00d3N Y SERVICIOS A LA CIUDADAN\u00cdA\n        <\/a>\n\n        <a href=\"https:\/\/www.coneau.gob.ar\/coneau\/participacion-ciudadana\/\" class=\"btn-transparencia\" style=\"display: flex; align-items: center; padding: 14px 20px; background: #fff; border: 1px solid #eaeaea; border-radius: 2px; text-decoration: none; color: #555; font-size: 12px; transition: all 0.3s ease; letter-spacing: 0.3px;\">\n            <span class=\"dot\" style=\"width: 8px; height: 8px; background: #00204d; border-radius: 50%; margin-right: 12px; opacity: 0.6;\"><\/span>\n            PARTICIPACI\u00d3N CIUDADANA\n        <\/a>\n\n        <a href=\"https:\/\/www.coneau.gob.ar\/coneau\/organigrama-autoridades-y-personal\/\" class=\"btn-transparencia\" style=\"display: flex; align-items: center; padding: 14px 20px; background: #fff; border: 1px solid #eaeaea; border-radius: 2px; text-decoration: none; color: #555; font-size: 12px; transition: all 0.3s ease; letter-spacing: 0.3px;\">\n            <span class=\"dot\" style=\"width: 8px; height: 8px; background: #00204d; border-radius: 50%; margin-right: 12px; opacity: 0.6;\"><\/span>\n            ORGANIGRAMA, AUTORIDADES Y PERSONAL\n        <\/a>\n\n        <a href=\"https:\/\/www.coneau.gob.ar\/coneau\/declaraciones-juradas\/\" class=\"btn-transparencia\" style=\"display: flex; align-items: center; padding: 14px 20px; background: #fff; border: 1px solid #eaeaea; border-radius: 2px; text-decoration: none; color: #555; font-size: 12px; transition: all 0.3s ease; letter-spacing: 0.3px;\">\n            <span class=\"dot\" style=\"width: 8px; height: 8px; background: #00204d; border-radius: 50%; margin-right: 12px; opacity: 0.6;\"><\/span>\n            DECLARACIONES JURADAS\n        <\/a>\n\n        <a href=\"https:\/\/www.coneau.gob.ar\/coneau\/escalas-salariales\/\" class=\"btn-transparencia\" style=\"display: flex; align-items: center; padding: 14px 20px; background: #fff; border: 1px solid #eaeaea; border-radius: 2px; text-decoration: none; color: #555; font-size: 12px; transition: all 0.3s ease; letter-spacing: 0.3px;\">\n            <span class=\"dot\" style=\"width: 8px; height: 8px; background: #00204d; border-radius: 50%; margin-right: 12px; opacity: 0.6;\"><\/span>\n            ESCALAS SALARIALES\n        <\/a>\n\n        <a href=\"https:\/\/www.coneau.gob.ar\/coneau\/presupuesto\/\" class=\"btn-transparencia\" style=\"display: flex; align-items: center; padding: 14px 20px; background: #fff; border: 1px solid #eaeaea; border-radius: 2px; text-decoration: none; color: #555; font-size: 12px; transition: all 0.3s ease; letter-spacing: 0.3px;\">\n            <span class=\"dot\" style=\"width: 8px; height: 8px; background: #00204d; border-radius: 50%; margin-right: 12px; opacity: 0.6;\"><\/span>\n            PRESUPUESTO\n        <\/a>\n\n        <a href=\"https:\/\/www.coneau.gob.ar\/coneau\/transferencias\/\" class=\"btn-transparencia\" style=\"display: flex; align-items: center; padding: 14px 20px; background: #fff; border: 1px solid #eaeaea; border-radius: 2px; text-decoration: none; color: #555; font-size: 12px; transition: all 0.3s ease; letter-spacing: 0.3px;\">\n            <span class=\"dot\" style=\"width: 8px; height: 8px; background: #00204d; border-radius: 50%; margin-right: 12px; opacity: 0.6;\"><\/span>\n            TRANSFERENCIAS\n        <\/a>\n\n        <a href=\"https:\/\/www.coneau.gob.ar\/coneau\/compras-y-contrataciones-2\/\" class=\"btn-transparencia\" style=\"display: flex; align-items: center; padding: 14px 20px; background: #fff; border: 1px solid #eaeaea; border-radius: 2px; text-decoration: none; color: #555; font-size: 12px; transition: all 0.3s ease; letter-spacing: 0.3px;\">\n            <span class=\"dot\" style=\"width: 8px; height: 8px; background: #00204d; border-radius: 50%; margin-right: 12px; opacity: 0.6;\"><\/span>\n            COMPRAS Y CONTRATACIONES\n        <\/a>\n\n        <a class=\"btn-transparencia btn-activo-fucsia\" style=\"display: flex; align-items: center; padding: 14px 20px; background: #10b8c7; border: 1px solid #10b8c7; border-radius: 2px; text-decoration: none; color: #ffffff !important; font-size: 12px; transition: all 0.3s ease; letter-spacing: 0.3px; font-weight: bold;\">\n            <span style=\"width: 8px; height: 8px; background: #ffffff; border-radius: 50%; margin-right: 12px; opacity: 1;\"><\/span>\n            GESTI\u00d3N DE LA INFORMACI\u00d3N\n        <\/a>\n\n        <a href=\"https:\/\/www.coneau.gob.ar\/coneau\/actos-administrativos\/\" class=\"btn-transparencia\" style=\"display: flex; align-items: center; padding: 14px 20px; background: #fff; border: 1px solid #eaeaea; border-radius: 2px; text-decoration: none; color: #555; font-size: 12px; transition: all 0.3s ease; letter-spacing: 0.3px;\">\n            <span class=\"dot\" style=\"width: 8px; height: 8px; background: #00204d; border-radius: 50%; margin-right: 12px; opacity: 0.6;\"><\/span>\n            ACTOS ADMINISTRATIVOS\n        <\/a>\n\n        <a href=\"https:\/\/www.coneau.gob.ar\/coneau\/auditorias-y-evaluaciones\/\" class=\"btn-transparencia\" style=\"display: flex; align-items: center; padding: 14px 20px; background: #fff; border: 1px solid #eaeaea; border-radius: 2px; text-decoration: none; color: #555; font-size: 12px; transition: all 0.3s ease; letter-spacing: 0.3px;\">\n            <span class=\"dot\" style=\"width: 8px; height: 8px; background: #00204d; border-radius: 50%; margin-right: 12px; opacity: 0.6;\"><\/span>\n            AUDITOR\u00cdAS Y EVALUACIONES\n        <\/a>\n\n        <a href=\"https:\/\/www.coneau.gob.ar\/coneau\/permisos-y-concesiones\/\" class=\"btn-transparencia\" style=\"display: flex; align-items: center; padding: 14px 20px; background: #fff; border: 1px solid #eaeaea; border-radius: 2px; text-decoration: none; color: #555; font-size: 12px; transition: all 0.3s ease; letter-spacing: 0.3px;\">\n            <span class=\"dot\" style=\"width: 8px; height: 8px; background: #00204d; border-radius: 50%; margin-right: 12px; opacity: 0.6;\"><\/span>\n            PERMISOS Y CONCESIONES\n        <\/a>\n\n        <a href=\"https:\/\/www.coneau.gob.ar\/coneau\/obsequios-y-viajes\/\" class=\"btn-transparencia\" style=\"display: flex; align-items: center; padding: 14px 20px; background: #fff; border: 1px solid #eaeaea; border-radius: 2px; text-decoration: none; color: #555; font-size: 12px; transition: all 0.3s ease; letter-spacing: 0.3px;\">\n            <span class=\"dot\" style=\"width: 8px; height: 8px; background: #00204d; border-radius: 50%; margin-right: 12px; opacity: 0.6;\"><\/span>\n            OBSEQUIOS Y VIAJES\n        <\/a>\n\n        <a href=\"https:\/\/www.coneau.gob.ar\/coneau\/acordadas-y-sentencias\/\" class=\"btn-transparencia\" style=\"display: flex; align-items: center; padding: 14px 20px; background: #fff; border: 1px solid #eaeaea; border-radius: 2px; text-decoration: none; color: #555; font-size: 12px; transition: all 0.3s ease; letter-spacing: 0.3px;\">\n            <span class=\"dot\" style=\"width: 8px; height: 8px; background: #00204d; border-radius: 50%; margin-right: 12px; opacity: 0.6;\"><\/span>\n            ACORDADAS Y SENTENCIAS\n        <\/a>\n\n        <a href=\"https:\/\/www.coneau.gob.ar\/coneau\/solicitar-informacion\/\" class=\"btn-transparencia\" style=\"display: flex; align-items: center; padding: 14px 20px; background: #fff; border: 1px solid #eaeaea; border-radius: 2px; text-decoration: none; color: #555; font-size: 12px; transition: all 0.3s ease; letter-spacing: 0.3px;\">\n            <span class=\"dot\" style=\"width: 8px; height: 8px; background: #00204d; border-radius: 50%; margin-right: 12px; opacity: 0.6;\"><\/span>\n            SOLICITAR INFORMACI\u00d3N\n        <\/a>\n\n        <a href=\"https:\/\/www.coneau.gob.ar\/coneau\/catalogo-de-datos-abiertos\/\" class=\"btn-transparencia\" style=\"display: flex; align-items: center; padding: 14px 20px; background: #fff; border: 1px solid #eaeaea; border-radius: 2px; text-decoration: none; color: #555; font-size: 12px; transition: all 0.3s ease; letter-spacing: 0.3px;\">\n            <span class=\"dot\" style=\"width: 8px; height: 8px; background: #00204d; border-radius: 50%; margin-right: 12px; opacity: 0.6;\"><\/span>\n            CAT\u00c1LOGO DE DATOS P\u00daBLICOS\n        <\/a>\n\n        <a href=\"https:\/\/www.coneau.gob.ar\/coneau\/transparencia-proactiva\/\" class=\"btn-transparencia\" style=\"display: flex; align-items: center; padding: 14px 20px; background: #fff; border: 1px solid #eaeaea; border-radius: 2px; text-decoration: none; color: #555; font-size: 12px; transition: all 0.3s ease; letter-spacing: 0.3px;\">\n            <span class=\"dot\" style=\"width: 8px; height: 8px; background: #00204d; border-radius: 50%; margin-right: 12px; opacity: 0.6;\"><\/span>\n            TRANSPARENCIA PROACTIVA\n        <\/a>\n    <\/div>\n<\/div>\n\n<style>\n    .btn-principal-nav {\n        color: #00204d !important;\n    }\n\n    .btn-principal-nav:hover {\n        background-color: #00204d !important;\n        color: #ffffff !important;\n        transform: translateY(-2px);\n        box-shadow: 0 4px 10px rgba(0,0,0,0.15);\n    }\n\n    .btn-transparencia:hover {\n        border-color: #10b8c7 !important;\n        background-color: #f0fbff !important;\n        color: #10b8c7 !important;\n        transform: translateY(-2px);\n        box-shadow: 0 4px 8px rgba(0,0,0,0.05);\n    }\n    \n    .btn-transparencia:hover .dot {\n        background-color: #10b8c7 !important;\n        opacity: 1 !important;\n    }\n\n    .btn-activo-fucsia {\n        background-color: #10b8c7 !important;\n        color: #ffffff !important;\n        border-color: #10b8c7 !important;\n        cursor: default !important;\n        pointer-events: none;\n        box-shadow: 0 2px 5px rgba(16, 184, 199, 0.3);\n    }\n<\/style>\n<\/div>\n<\/div>\n","protected":false},"excerpt":{"rendered":"<p>Este sistema permite la gesti\u00f3n de documentos electr\u00f3nicos y digitales, as\u00ed como de documentos en papel que han sido digitalizados. Entre las funciones principales se encuentran la captura, clasificaci\u00f3n, numeraci\u00f3n, indexaci\u00f3n, almacenamiento, b\u00fasqueda, acceso y distribuci\u00f3n de los documentos. Al mismo tiempo, facilita el seguimiento de todas las actuaciones y expedientes del sector p\u00fablico nacional &hellip; <a href=\"https:\/\/www.coneau.gob.ar\/coneau\/gestion-de-la-informacion\/\" class=\"more-link\">Seguir leyendo <span class=\"screen-reader-text\">Gesti\u00f3n de la informaci\u00f3n<\/span> <span class=\"meta-nav\">&rarr;<\/span><\/a><\/p>\n","protected":false},"author":2,"featured_media":12186,"parent":0,"menu_order":0,"comment_status":"closed","ping_status":"closed","template":"","meta":[],"acf":[],"_links":{"self":[{"href":"https:\/\/www.coneau.gob.ar\/coneau\/wp-json\/wp\/v2\/pages\/12313"}],"collection":[{"href":"https:\/\/www.coneau.gob.ar\/coneau\/wp-json\/wp\/v2\/pages"}],"about":[{"href":"https:\/\/www.coneau.gob.ar\/coneau\/wp-json\/wp\/v2\/types\/page"}],"author":[{"embeddable":true,"href":"https:\/\/www.coneau.gob.ar\/coneau\/wp-json\/wp\/v2\/users\/2"}],"replies":[{"embeddable":true,"href":"https:\/\/www.coneau.gob.ar\/coneau\/wp-json\/wp\/v2\/comments?post=12313"}],"version-history":[{"count":12,"href":"https:\/\/www.coneau.gob.ar\/coneau\/wp-json\/wp\/v2\/pages\/12313\/revisions"}],"predecessor-version":[{"id":14752,"href":"https:\/\/www.coneau.gob.ar\/coneau\/wp-json\/wp\/v2\/pages\/12313\/revisions\/14752"}],"wp:featuredmedia":[{"embeddable":true,"href":"https:\/\/www.coneau.gob.ar\/coneau\/wp-json\/wp\/v2\/media\/12186"}],"wp:attachment":[{"href":"https:\/\/www.coneau.gob.ar\/coneau\/wp-json\/wp\/v2\/media?parent=12313"}],"curies":[{"name":"wp","href":"https:\/\/api.w.org\/{rel}","templated":true}]}}