{"id":12230,"date":"2025-03-12T16:59:48","date_gmt":"2025-03-12T19:59:48","guid":{"rendered":"https:\/\/www.coneau.gob.ar\/coneau\/?page_id=12230"},"modified":"2025-07-04T11:17:40","modified_gmt":"2025-07-04T14:17:40","slug":"guias-posgrados","status":"publish","type":"page","link":"https:\/\/www.coneau.gob.ar\/coneau\/publicaciones\/guias-posgrados\/","title":{"rendered":"Gu\u00edas de Posgrados"},"content":{"rendered":"\n<p><strong>A partir del a\u00f1o 2013 la Comisi\u00f3n lanz\u00f3 la Gu\u00eda de Posgrados acreditados de todo e<\/strong>l<strong> sistema universitario argentino<\/strong>.<\/p>\n\n\n<p>Es una publicaci\u00f3n que se actualiza a\u00f1o a a\u00f1o y ofrece a la comunidad de las carreras de posgrado vigentes en todo el pa\u00eds que llevan el sello de calidad que implica la acreditaci\u00f3n. Esta informaci\u00f3n se obtiene mediante la consulta que se realiza a las instituciones universitarias sobre las especializaciones, maestr\u00edas y doctorados que ofrecer\u00e1n en el a\u00f1o.<\/p>\n\n\n<p><strong>CARRERAS DE POGRADO DE ARGENTINA 2025<\/strong><\/p>\n\n\n\n<div class=\"wp-block-columns is-layout-flex wp-container-3\">\n<div class=\"wp-block-column is-layout-flow\">\n<figure class=\"wp-block-image size-large is-resized\"><a href=\"https:\/\/www.coneau.gob.ar\/coneau\/wp-content\/uploads\/2025\/03\/TapaPosgrados2025-1.jpg\"><img decoding=\"async\" loading=\"lazy\" src=\"https:\/\/www.coneau.gob.ar\/coneau\/wp-content\/uploads\/2025\/03\/TapaPosgrados2025-1-1024x738.jpg\" alt=\"\" class=\"wp-image-12199\" width=\"266\" height=\"191\" srcset=\"https:\/\/www.coneau.gob.ar\/coneau\/wp-content\/uploads\/2025\/03\/TapaPosgrados2025-1-1024x738.jpg 1024w, https:\/\/www.coneau.gob.ar\/coneau\/wp-content\/uploads\/2025\/03\/TapaPosgrados2025-1-300x216.jpg 300w, https:\/\/www.coneau.gob.ar\/coneau\/wp-content\/uploads\/2025\/03\/TapaPosgrados2025-1-768x554.jpg 768w, https:\/\/www.coneau.gob.ar\/coneau\/wp-content\/uploads\/2025\/03\/TapaPosgrados2025-1-1536x1107.jpg 1536w, https:\/\/www.coneau.gob.ar\/coneau\/wp-content\/uploads\/2025\/03\/TapaPosgrados2025-1-2048x1477.jpg 2048w\" sizes=\"(max-width: 266px) 100vw, 266px\" \/><\/a><\/figure>\n<\/div>\n\n\n\n<div class=\"wp-block-column is-layout-flow\">\n<ul>\n<li><a href=\"https:\/\/www.coneau.gob.ar\/archivos\/publicaciones\/Carreras-posgrado-Argentina-Cs-Aplicadas.pdf\" target=\"_blank\" rel=\"noreferrer noopener\">Carreras de posgrado 2025- Ciencias Aplicadas<\/a><\/li>\n\n\n\n<li><a href=\"https:\/\/www.coneau.gob.ar\/archivos\/publicaciones\/Carreras-posgrado-Argentina-Cs-Basicas.pdf\" target=\"_blank\" rel=\"noreferrer noopener\">Carreras de posgrado 2025 &#8211; Ciencias B\u00e1sicas<\/a><\/li>\n\n\n\n<li><a href=\"https:\/\/www.coneau.gob.ar\/archivos\/publicaciones\/Carreras-posgrado-Argentina-Cs-Salud.pdf\" target=\"_blank\" rel=\"noreferrer noopener\">Carreras de posgrado 2025 &#8211; Ciencias de la Salud<\/a><\/li>\n\n\n\n<li><a href=\"https:\/\/www.coneau.gob.ar\/archivos\/publicaciones\/Carreras-posgrado-Argentina-Cs-Humanas.pdf\">Carreras de posgrado 2025 &#8211; Ciencias Humanas<\/a><\/li>\n\n\n\n<li><a href=\"https:\/\/www.coneau.gob.ar\/archivos\/publicaciones\/Carreras-posgrado-Argentina-Cs-Sociales.pdf\" target=\"_blank\" rel=\"noreferrer noopener\">Carreras de posgrado 2025 &#8211; Ciencias Sociales<\/a><\/li>\n<\/ul>\n<\/div>\n<\/div>\n\n\n\n<p><\/p>\n\n\n\n<div class=\"wp-block-buttons is-layout-flex\"><\/div>\n\n\n\n<div class=\"wp-block-columns is-layout-flex wp-container-7\">\n<div class=\"wp-block-column is-layout-flow\">\n<div class=\"wp-block-buttons is-layout-flex\">\n<div class=\"wp-block-button\"><a class=\"wp-block-button__link has-background wp-element-button\" href=\"https:\/\/coneau.gob.ar\/archivos\/publicaciones\/Carreras-Posgrado-Argentina2025.pdf\" style=\"background-color:#2292b5\" target=\"_blank\" rel=\"noreferrer noopener\">ver publicaci\u00f3n<\/a><\/div>\n<\/div>\n<\/div>\n<\/div>\n\n\n\n<p><\/p>\n\n\n\n<p><\/p>\n\n\n\n<p><\/p>\n\n\n\n<p><\/p>\n\n\n\n<p><\/p>\n\n\n\n<p><\/p>\n\n\n\n<p><\/p>\n\n\n\n<p><\/p>\n\n\n\n<p><\/p>\n","protected":false},"excerpt":{"rendered":"<p>A partir del a\u00f1o 2013 la Comisi\u00f3n lanz\u00f3 la Gu\u00eda de Posgrados acreditados de todo el sistema universitario argentino. Es una publicaci\u00f3n que se actualiza a\u00f1o a a\u00f1o y ofrece a la comunidad de las carreras de posgrado vigentes en todo el pa\u00eds que llevan el sello de calidad que implica la acreditaci\u00f3n. Esta informaci\u00f3n &hellip; <a href=\"https:\/\/www.coneau.gob.ar\/coneau\/publicaciones\/guias-posgrados\/\" class=\"more-link\">Seguir leyendo <span class=\"screen-reader-text\">Gu\u00edas de Posgrados<\/span> <span class=\"meta-nav\">&rarr;<\/span><\/a><\/p>\n","protected":false},"author":3,"featured_media":12186,"parent":23,"menu_order":3,"comment_status":"closed","ping_status":"closed","template":"template-publicaciones.php","meta":[],"acf":[],"_links":{"self":[{"href":"https:\/\/www.coneau.gob.ar\/coneau\/wp-json\/wp\/v2\/pages\/12230"}],"collection":[{"href":"https:\/\/www.coneau.gob.ar\/coneau\/wp-json\/wp\/v2\/pages"}],"about":[{"href":"https:\/\/www.coneau.gob.ar\/coneau\/wp-json\/wp\/v2\/types\/page"}],"author":[{"embeddable":true,"href":"https:\/\/www.coneau.gob.ar\/coneau\/wp-json\/wp\/v2\/users\/3"}],"replies":[{"embeddable":true,"href":"https:\/\/www.coneau.gob.ar\/coneau\/wp-json\/wp\/v2\/comments?post=12230"}],"version-history":[{"count":21,"href":"https:\/\/www.coneau.gob.ar\/coneau\/wp-json\/wp\/v2\/pages\/12230\/revisions"}],"predecessor-version":[{"id":12736,"href":"https:\/\/www.coneau.gob.ar\/coneau\/wp-json\/wp\/v2\/pages\/12230\/revisions\/12736"}],"up":[{"embeddable":true,"href":"https:\/\/www.coneau.gob.ar\/coneau\/wp-json\/wp\/v2\/pages\/23"}],"wp:featuredmedia":[{"embeddable":true,"href":"https:\/\/www.coneau.gob.ar\/coneau\/wp-json\/wp\/v2\/media\/12186"}],"wp:attachment":[{"href":"https:\/\/www.coneau.gob.ar\/coneau\/wp-json\/wp\/v2\/media?parent=12230"}],"curies":[{"name":"wp","href":"https:\/\/api.w.org\/{rel}","templated":true}]}}