{"id":11430,"date":"2024-07-25T13:27:24","date_gmt":"2024-07-25T16:27:24","guid":{"rendered":"https:\/\/www.coneau.gob.ar\/coneau\/?page_id=11430"},"modified":"2024-07-31T11:40:18","modified_gmt":"2024-07-31T14:40:18","slug":"coneau-global-no-disponible","status":"publish","type":"page","link":"https:\/\/www.coneau.gob.ar\/coneau\/coneau-global-no-disponible\/","title":{"rendered":"CONEAU Global No disponible"},"content":{"rendered":"<p>A partir del mes de agosto, las oficinas del organismo funcionar\u00e1n en una nueva sede ubicada en Paraguay 1255, Ciudad Aut\u00f3noma de Buenos Aires.<\/p>\n<p>En el marco del proceso de mudanza, a partir del 30 de julio habr\u00e1 una interrupci\u00f3n temporal de los servicios inform\u00e1ticos del organismo, por lo cual no estar\u00e1n disponibles las comunicaciones a trav\u00e9s de tel\u00e9fonos y correos electr\u00f3nicos institucionales ni el acceso a la plataforma CONEAU Global.<\/p>\n<p>Las novedades en cuanto el restablecimiento de los servicios inform\u00e1ticos y los canales de comunicaci\u00f3n ser\u00e1n informadas oportunamente a trav\u00e9s de este sitio web.<\/p>\n<p>En caso de necesitar contactarse con el organismo durante el per\u00edodo, podr\u00e1 escribir a la siguiente direcci\u00f3n: <a href=\"mailto:comunicacion.coneau@gmail.com\">comunicacion.coneau@gmail.com<\/a>.<br \/>\nPara consultas t\u00e9cnico-inform\u00e1ticas comunicarse con: <a href=\"mailto:mesadeayudaconeau@gmail.com\">mesadeayudaconeau@gmail.com<\/a>.<\/p>\n","protected":false},"excerpt":{"rendered":"<p>A partir del mes de agosto, las oficinas del organismo funcionar\u00e1n en una nueva sede ubicada en Paraguay 1255, Ciudad Aut\u00f3noma de Buenos Aires. En el marco del proceso de mudanza, a partir del 30 de julio habr\u00e1 una interrupci\u00f3n temporal de los servicios inform\u00e1ticos del organismo, por lo cual no estar\u00e1n disponibles las comunicaciones &hellip; <a href=\"https:\/\/www.coneau.gob.ar\/coneau\/coneau-global-no-disponible\/\" class=\"more-link\">Seguir leyendo <span class=\"screen-reader-text\">CONEAU Global No disponible<\/span> <span class=\"meta-nav\">&rarr;<\/span><\/a><\/p>\n","protected":false},"author":3,"featured_media":11158,"parent":0,"menu_order":0,"comment_status":"closed","ping_status":"closed","template":"","meta":[],"acf":[],"_links":{"self":[{"href":"https:\/\/www.coneau.gob.ar\/coneau\/wp-json\/wp\/v2\/pages\/11430"}],"collection":[{"href":"https:\/\/www.coneau.gob.ar\/coneau\/wp-json\/wp\/v2\/pages"}],"about":[{"href":"https:\/\/www.coneau.gob.ar\/coneau\/wp-json\/wp\/v2\/types\/page"}],"author":[{"embeddable":true,"href":"https:\/\/www.coneau.gob.ar\/coneau\/wp-json\/wp\/v2\/users\/3"}],"replies":[{"embeddable":true,"href":"https:\/\/www.coneau.gob.ar\/coneau\/wp-json\/wp\/v2\/comments?post=11430"}],"version-history":[{"count":3,"href":"https:\/\/www.coneau.gob.ar\/coneau\/wp-json\/wp\/v2\/pages\/11430\/revisions"}],"predecessor-version":[{"id":11474,"href":"https:\/\/www.coneau.gob.ar\/coneau\/wp-json\/wp\/v2\/pages\/11430\/revisions\/11474"}],"wp:featuredmedia":[{"embeddable":true,"href":"https:\/\/www.coneau.gob.ar\/coneau\/wp-json\/wp\/v2\/media\/11158"}],"wp:attachment":[{"href":"https:\/\/www.coneau.gob.ar\/coneau\/wp-json\/wp\/v2\/media?parent=11430"}],"curies":[{"name":"wp","href":"https:\/\/api.w.org\/{rel}","templated":true}]}}