{"id":101,"date":"2015-05-28T18:28:52","date_gmt":"2015-05-28T18:28:52","guid":{"rendered":"http:\/\/hakuna.com.ar\/projects\/coneau\/wordpress\/?page_id=101"},"modified":"2020-04-08T12:09:38","modified_gmt":"2020-04-08T15:09:38","slug":"convocatorias","status":"publish","type":"page","link":"https:\/\/www.coneau.gob.ar\/coneau\/acreditacion-de-carreras\/carreras-de-grado\/convocatorias\/","title":{"rendered":"Convocatorias"},"content":{"rendered":"<p style=\"text-align: justify;\">El \u00e1rea de grado organiza los procesos de acreditaci\u00f3n de carreras a trav\u00e9s de convocatorias que involucran a la totalidad o a un conjunto de carreras de la disciplina en cuesti\u00f3n. Son procesos colectivos y con un cronograma unificado, lo que permite introducir una etapa de an\u00e1lisis de consistencia de los juicios y recomendaciones emitidos por los diferentes comit\u00e9s de pares que intervienen en cada proceso.<\/p>\n<p style=\"text-align: justify;\">Las resoluciones ministeriales que fijan los est\u00e1ndares para la acreditaci\u00f3n establecen un a\u00f1o de plazo para que las instituciones adecuen sus carreras a lo establecido en dichas resoluciones. Dentro de ese plazo la CONEAU puede realizar convocatorias voluntarias para la acreditaci\u00f3n de carreras y s\u00f3lo una vez que el plazo ha vencido se pueden realizar convocatorias obligatorias.<\/p>\n","protected":false},"excerpt":{"rendered":"<p>El \u00e1rea de grado organiza los procesos de acreditaci\u00f3n de carreras a trav\u00e9s de convocatorias que involucran a la totalidad o a un conjunto de carreras de la disciplina en cuesti\u00f3n. Son procesos colectivos y con un cronograma unificado, lo que permite introducir una etapa de an\u00e1lisis de consistencia de los juicios y recomendaciones emitidos &hellip; <a href=\"https:\/\/www.coneau.gob.ar\/coneau\/acreditacion-de-carreras\/carreras-de-grado\/convocatorias\/\" class=\"more-link\">Seguir leyendo <span class=\"screen-reader-text\">Convocatorias<\/span> <span class=\"meta-nav\">&rarr;<\/span><\/a><\/p>\n","protected":false},"author":2,"featured_media":1101,"parent":39,"menu_order":0,"comment_status":"open","ping_status":"closed","template":"template-carreras-grado-convocatorias.php","meta":[],"acf":[],"_links":{"self":[{"href":"https:\/\/www.coneau.gob.ar\/coneau\/wp-json\/wp\/v2\/pages\/101"}],"collection":[{"href":"https:\/\/www.coneau.gob.ar\/coneau\/wp-json\/wp\/v2\/pages"}],"about":[{"href":"https:\/\/www.coneau.gob.ar\/coneau\/wp-json\/wp\/v2\/types\/page"}],"author":[{"embeddable":true,"href":"https:\/\/www.coneau.gob.ar\/coneau\/wp-json\/wp\/v2\/users\/2"}],"replies":[{"embeddable":true,"href":"https:\/\/www.coneau.gob.ar\/coneau\/wp-json\/wp\/v2\/comments?post=101"}],"version-history":[{"count":5,"href":"https:\/\/www.coneau.gob.ar\/coneau\/wp-json\/wp\/v2\/pages\/101\/revisions"}],"predecessor-version":[{"id":1288,"href":"https:\/\/www.coneau.gob.ar\/coneau\/wp-json\/wp\/v2\/pages\/101\/revisions\/1288"}],"up":[{"embeddable":true,"href":"https:\/\/www.coneau.gob.ar\/coneau\/wp-json\/wp\/v2\/pages\/39"}],"wp:featuredmedia":[{"embeddable":true,"href":"https:\/\/www.coneau.gob.ar\/coneau\/wp-json\/wp\/v2\/media\/1101"}],"wp:attachment":[{"href":"https:\/\/www.coneau.gob.ar\/coneau\/wp-json\/wp\/v2\/media?parent=101"}],"curies":[{"name":"wp","href":"https:\/\/api.w.org\/{rel}","templated":true}]}}